{"id":63,"date":"2013-09-09T14:11:56","date_gmt":"2013-09-09T12:11:56","guid":{"rendered":"http:\/\/www.steffen-frank.de\/content\/?page_id=63"},"modified":"2018-05-24T05:10:27","modified_gmt":"2018-05-24T03:10:27","slug":"a-wurf-cattery-perserkatzen-vom-taubertal","status":"publish","type":"page","link":"http:\/\/www.steffen-frank.de\/content\/a-wurf-cattery-perserkatzen-vom-taubertal\/","title":{"rendered":"A-Wurf Cattery Perserkatzen vom Taubertal"},"content":{"rendered":"<h1>Kittenalarm am 06. Juli 2010<\/h1>\n<p>Am 06. Juli 2010 war es endlich soweit. Nach einer schlaflosen Nacht mit Tierarztbesuch um 03:00 Uhr morgens, war es 12:43 Uhr dann soweit und das erste Kitten, in Form von Ashley vom Taubertal erblickte das Licht der Welt.<br \/>\nKurz darauf folgte Amadeus und oh &#8211; welch \u00dcberraschung &#8211; entgegen der Aussage einer Tier\u00e4rztin, welche Anhand eines R\u00f6ntgenbildes zwei Kitten prognostizierte, kam ein Drittes &#8211; <a title=\"Perserkatze Angel vom Taubertal\" href=\"http:\/\/www.steffen-frank.de\/content\/perserkatze-angel-vom-taubertal\/\" target=\"_blank\">Angel vom Taubertal<\/a> &#8211; zu Welt.<\/p>\n<figure id=\"attachment_281\" aria-describedby=\"caption-attachment-281\" style=\"width: 600px\" class=\"wp-caption aligncenter\"><a href=\"http:\/\/www.steffen-frank.de\/content\/wp-content\/uploads\/2013\/09\/kitten.png\"><img loading=\"lazy\" decoding=\"async\" class=\"size-full wp-image-281\" alt=\"A-Wurf Perserkatzen vom Taubertal\" src=\"http:\/\/www.steffen-frank.de\/content\/wp-content\/uploads\/2013\/09\/kitten.png\" width=\"600\" height=\"423\" srcset=\"http:\/\/www.steffen-frank.de\/content\/wp-content\/uploads\/2013\/09\/kitten.png 600w, http:\/\/www.steffen-frank.de\/content\/wp-content\/uploads\/2013\/09\/kitten-300x211.png 300w\" sizes=\"auto, (max-width: 600px) 100vw, 600px\" \/><\/a><figcaption id=\"caption-attachment-281\" class=\"wp-caption-text\">Von oben Amadeus, Ashley und Angel vom Taubertal<\/figcaption><\/figure>\n<p>Das wichtigste &#8211; alle Kitten sowie die Mutter <a title=\"Perserkatze Schelby Cats Special Fortuna\" href=\"http:\/\/www.steffen-frank.de\/content\/perserkatze-schelby-cats-special-fortuna\/\" target=\"_blank\">Schelby Cats Special Fortung<\/a> (Fitzi) sind wohl auf!<br \/>\n<a title=\"Perserkatze Iditha von Guter Wille\" href=\"http:\/\/www.steffen-frank.de\/content\/perserkatze-iditha-von-guter-wille\/\" target=\"_blank\">Iditha<\/a> hat gleich die Rolle der Tante \u00fcbernommen und h\u00fcpft in die Wurfbox, sollte Fitzi diese verlassen.<\/p>\n<p>Dividi alias <a title=\"Perserkater Jockel von Guter Wille\" href=\"http:\/\/www.steffen-frank.de\/content\/perserkater-jockel-von-guter-wille\/\" target=\"_blank\">Jockel von Guter Wille<\/a>, als Vater, hat die Kitten wohlwollend betrachtet und ruht sich nun aus &#8211; nunja, so eine Geburt ist ja f\u00fcr die V\u00e4ter mega anstrengend.<\/p>\n<figure id=\"attachment_282\" aria-describedby=\"caption-attachment-282\" style=\"width: 600px\" class=\"wp-caption aligncenter\"><a href=\"http:\/\/www.steffen-frank.de\/content\/wp-content\/uploads\/2013\/09\/kitten20100910.jpg\"><img loading=\"lazy\" decoding=\"async\" class=\"size-full wp-image-282\" alt=\"A-Wurf Perserkatzen vom Taubertal\" src=\"http:\/\/www.steffen-frank.de\/content\/wp-content\/uploads\/2013\/09\/kitten20100910.jpg\" width=\"600\" height=\"399\" srcset=\"http:\/\/www.steffen-frank.de\/content\/wp-content\/uploads\/2013\/09\/kitten20100910.jpg 600w, http:\/\/www.steffen-frank.de\/content\/wp-content\/uploads\/2013\/09\/kitten20100910-300x199.jpg 300w\" sizes=\"auto, (max-width: 600px) 100vw, 600px\" \/><\/a><figcaption id=\"caption-attachment-282\" class=\"wp-caption-text\">Angel, Ashley und Amadeus vom Taubertal<\/figcaption><\/figure>\n<p>Die Kleinen haben auch schon ein kleines <a title=\"Fotoalbum des A-Wurfs der Cattery Perser vom Taubertal\" href=\"http:\/\/pic.steffen-frank.de\/a-wurf\/\" target=\"_blank\">Fotoalbum<\/a>!<\/p>\n<p>Mehr zu unserem A-Wurf finden Sie auf unserer Cattery Webseite <a title=\"A-Wurf Cattery Perserkatzen vom Taubertal\" href=\"http:\/\/www.vom-taubertal.de\/blog\/a-wurf\/\" target=\"_blank\">www.vom-taubertal.de<\/a><\/p>\n","protected":false},"excerpt":{"rendered":"<p>Kittenalarm am 06. Juli 2010 Am 06. Juli 2010 war es endlich soweit. Nach einer schlaflosen Nacht mit Tierarztbesuch um 03:00 Uhr morgens, war es 12:43 Uhr dann soweit und das erste Kitten, in Form von Ashley vom Taubertal erblickte das Licht der Welt. Kurz darauf folgte Amadeus und oh<\/p>\n","protected":false},"author":1,"featured_media":0,"parent":0,"menu_order":0,"comment_status":"closed","ping_status":"closed","template":"","meta":{"footnotes":""},"class_list":["post-63","page","type-page","status-publish","hentry"],"yoast_head":"<!-- This site is optimized with the Yoast SEO plugin v27.3 - https:\/\/yoast.com\/product\/yoast-seo-wordpress\/ -->\n<title>A-Wurf Cattery Perserkatzen vom Taubertal<\/title>\n<meta name=\"description\" content=\"Nach einer schlaflosen Nacht war es soweit und der A-Wurf der Perserkatzen vom Taubertal erblickten das Licht der Welt.\" \/>\n<meta name=\"robots\" content=\"index, follow, max-snippet:-1, max-image-preview:large, max-video-preview:-1\" \/>\n<link rel=\"canonical\" href=\"http:\/\/www.steffen-frank.de\/content\/a-wurf-cattery-perserkatzen-vom-taubertal\/\" \/>\n<meta property=\"og:locale\" content=\"de_DE\" \/>\n<meta property=\"og:type\" content=\"article\" \/>\n<meta property=\"og:title\" content=\"A-Wurf Cattery Perserkatzen vom Taubertal\" \/>\n<meta property=\"og:description\" content=\"Nach einer schlaflosen Nacht war es soweit und der A-Wurf der Perserkatzen vom Taubertal erblickten das Licht der Welt.\" \/>\n<meta property=\"og:url\" content=\"http:\/\/www.steffen-frank.de\/content\/a-wurf-cattery-perserkatzen-vom-taubertal\/\" \/>\n<meta property=\"og:site_name\" content=\"life, run &amp; cats\" \/>\n<meta property=\"article:modified_time\" content=\"2018-05-24T03:10:27+00:00\" \/>\n<meta property=\"og:image\" content=\"http:\/\/www.steffen-frank.de\/content\/wp-content\/uploads\/2013\/09\/kitten.png\" \/>\n<meta name=\"twitter:card\" content=\"summary_large_image\" \/>\n<meta name=\"twitter:label1\" content=\"Gesch\u00e4tzte Lesezeit\" \/>\n\t<meta name=\"twitter:data1\" content=\"1\u00a0Minute\" \/>\n<script type=\"application\/ld+json\" class=\"yoast-schema-graph\">{\"@context\":\"https:\\\/\\\/schema.org\",\"@graph\":[{\"@type\":\"WebPage\",\"@id\":\"http:\\\/\\\/www.steffen-frank.de\\\/content\\\/a-wurf-cattery-perserkatzen-vom-taubertal\\\/\",\"url\":\"http:\\\/\\\/www.steffen-frank.de\\\/content\\\/a-wurf-cattery-perserkatzen-vom-taubertal\\\/\",\"name\":\"A-Wurf Cattery Perserkatzen vom Taubertal\",\"isPartOf\":{\"@id\":\"http:\\\/\\\/www.steffen-frank.de\\\/content\\\/#website\"},\"primaryImageOfPage\":{\"@id\":\"http:\\\/\\\/www.steffen-frank.de\\\/content\\\/a-wurf-cattery-perserkatzen-vom-taubertal\\\/#primaryimage\"},\"image\":{\"@id\":\"http:\\\/\\\/www.steffen-frank.de\\\/content\\\/a-wurf-cattery-perserkatzen-vom-taubertal\\\/#primaryimage\"},\"thumbnailUrl\":\"http:\\\/\\\/www.steffen-frank.de\\\/content\\\/wp-content\\\/uploads\\\/2013\\\/09\\\/kitten.png\",\"datePublished\":\"2013-09-09T12:11:56+00:00\",\"dateModified\":\"2018-05-24T03:10:27+00:00\",\"description\":\"Nach einer schlaflosen Nacht war es soweit und der A-Wurf der Perserkatzen vom Taubertal erblickten das Licht der Welt.\",\"breadcrumb\":{\"@id\":\"http:\\\/\\\/www.steffen-frank.de\\\/content\\\/a-wurf-cattery-perserkatzen-vom-taubertal\\\/#breadcrumb\"},\"inLanguage\":\"de\",\"potentialAction\":[{\"@type\":\"ReadAction\",\"target\":[\"http:\\\/\\\/www.steffen-frank.de\\\/content\\\/a-wurf-cattery-perserkatzen-vom-taubertal\\\/\"]}]},{\"@type\":\"ImageObject\",\"inLanguage\":\"de\",\"@id\":\"http:\\\/\\\/www.steffen-frank.de\\\/content\\\/a-wurf-cattery-perserkatzen-vom-taubertal\\\/#primaryimage\",\"url\":\"http:\\\/\\\/www.steffen-frank.de\\\/content\\\/wp-content\\\/uploads\\\/2013\\\/09\\\/kitten.png\",\"contentUrl\":\"http:\\\/\\\/www.steffen-frank.de\\\/content\\\/wp-content\\\/uploads\\\/2013\\\/09\\\/kitten.png\",\"width\":600,\"height\":423,\"caption\":\"Von oben Amadeus, Ashley und Angel vom Taubertal\"},{\"@type\":\"BreadcrumbList\",\"@id\":\"http:\\\/\\\/www.steffen-frank.de\\\/content\\\/a-wurf-cattery-perserkatzen-vom-taubertal\\\/#breadcrumb\",\"itemListElement\":[{\"@type\":\"ListItem\",\"position\":1,\"name\":\"Startseite\",\"item\":\"http:\\\/\\\/www.steffen-frank.de\\\/content\\\/\"},{\"@type\":\"ListItem\",\"position\":2,\"name\":\"A-Wurf Cattery Perserkatzen vom Taubertal\"}]},{\"@type\":\"WebSite\",\"@id\":\"http:\\\/\\\/www.steffen-frank.de\\\/content\\\/#website\",\"url\":\"http:\\\/\\\/www.steffen-frank.de\\\/content\\\/\",\"name\":\"life, run &amp; cats\",\"description\":\"Steffen Frank - Niederstetten\",\"potentialAction\":[{\"@type\":\"SearchAction\",\"target\":{\"@type\":\"EntryPoint\",\"urlTemplate\":\"http:\\\/\\\/www.steffen-frank.de\\\/content\\\/?s={search_term_string}\"},\"query-input\":{\"@type\":\"PropertyValueSpecification\",\"valueRequired\":true,\"valueName\":\"search_term_string\"}}],\"inLanguage\":\"de\"}]}<\/script>\n<!-- \/ Yoast SEO plugin. -->","yoast_head_json":{"title":"A-Wurf Cattery Perserkatzen vom Taubertal","description":"Nach einer schlaflosen Nacht war es soweit und der A-Wurf der Perserkatzen vom Taubertal erblickten das Licht der Welt.","robots":{"index":"index","follow":"follow","max-snippet":"max-snippet:-1","max-image-preview":"max-image-preview:large","max-video-preview":"max-video-preview:-1"},"canonical":"http:\/\/www.steffen-frank.de\/content\/a-wurf-cattery-perserkatzen-vom-taubertal\/","og_locale":"de_DE","og_type":"article","og_title":"A-Wurf Cattery Perserkatzen vom Taubertal","og_description":"Nach einer schlaflosen Nacht war es soweit und der A-Wurf der Perserkatzen vom Taubertal erblickten das Licht der Welt.","og_url":"http:\/\/www.steffen-frank.de\/content\/a-wurf-cattery-perserkatzen-vom-taubertal\/","og_site_name":"life, run &amp; cats","article_modified_time":"2018-05-24T03:10:27+00:00","og_image":[{"url":"http:\/\/www.steffen-frank.de\/content\/wp-content\/uploads\/2013\/09\/kitten.png","type":"","width":"","height":""}],"twitter_card":"summary_large_image","twitter_misc":{"Gesch\u00e4tzte Lesezeit":"1\u00a0Minute"},"schema":{"@context":"https:\/\/schema.org","@graph":[{"@type":"WebPage","@id":"http:\/\/www.steffen-frank.de\/content\/a-wurf-cattery-perserkatzen-vom-taubertal\/","url":"http:\/\/www.steffen-frank.de\/content\/a-wurf-cattery-perserkatzen-vom-taubertal\/","name":"A-Wurf Cattery Perserkatzen vom Taubertal","isPartOf":{"@id":"http:\/\/www.steffen-frank.de\/content\/#website"},"primaryImageOfPage":{"@id":"http:\/\/www.steffen-frank.de\/content\/a-wurf-cattery-perserkatzen-vom-taubertal\/#primaryimage"},"image":{"@id":"http:\/\/www.steffen-frank.de\/content\/a-wurf-cattery-perserkatzen-vom-taubertal\/#primaryimage"},"thumbnailUrl":"http:\/\/www.steffen-frank.de\/content\/wp-content\/uploads\/2013\/09\/kitten.png","datePublished":"2013-09-09T12:11:56+00:00","dateModified":"2018-05-24T03:10:27+00:00","description":"Nach einer schlaflosen Nacht war es soweit und der A-Wurf der Perserkatzen vom Taubertal erblickten das Licht der Welt.","breadcrumb":{"@id":"http:\/\/www.steffen-frank.de\/content\/a-wurf-cattery-perserkatzen-vom-taubertal\/#breadcrumb"},"inLanguage":"de","potentialAction":[{"@type":"ReadAction","target":["http:\/\/www.steffen-frank.de\/content\/a-wurf-cattery-perserkatzen-vom-taubertal\/"]}]},{"@type":"ImageObject","inLanguage":"de","@id":"http:\/\/www.steffen-frank.de\/content\/a-wurf-cattery-perserkatzen-vom-taubertal\/#primaryimage","url":"http:\/\/www.steffen-frank.de\/content\/wp-content\/uploads\/2013\/09\/kitten.png","contentUrl":"http:\/\/www.steffen-frank.de\/content\/wp-content\/uploads\/2013\/09\/kitten.png","width":600,"height":423,"caption":"Von oben Amadeus, Ashley und Angel vom Taubertal"},{"@type":"BreadcrumbList","@id":"http:\/\/www.steffen-frank.de\/content\/a-wurf-cattery-perserkatzen-vom-taubertal\/#breadcrumb","itemListElement":[{"@type":"ListItem","position":1,"name":"Startseite","item":"http:\/\/www.steffen-frank.de\/content\/"},{"@type":"ListItem","position":2,"name":"A-Wurf Cattery Perserkatzen vom Taubertal"}]},{"@type":"WebSite","@id":"http:\/\/www.steffen-frank.de\/content\/#website","url":"http:\/\/www.steffen-frank.de\/content\/","name":"life, run &amp; cats","description":"Steffen Frank - Niederstetten","potentialAction":[{"@type":"SearchAction","target":{"@type":"EntryPoint","urlTemplate":"http:\/\/www.steffen-frank.de\/content\/?s={search_term_string}"},"query-input":{"@type":"PropertyValueSpecification","valueRequired":true,"valueName":"search_term_string"}}],"inLanguage":"de"}]}},"_links":{"self":[{"href":"http:\/\/www.steffen-frank.de\/content\/wp-json\/wp\/v2\/pages\/63","targetHints":{"allow":["GET"]}}],"collection":[{"href":"http:\/\/www.steffen-frank.de\/content\/wp-json\/wp\/v2\/pages"}],"about":[{"href":"http:\/\/www.steffen-frank.de\/content\/wp-json\/wp\/v2\/types\/page"}],"author":[{"embeddable":true,"href":"http:\/\/www.steffen-frank.de\/content\/wp-json\/wp\/v2\/users\/1"}],"replies":[{"embeddable":true,"href":"http:\/\/www.steffen-frank.de\/content\/wp-json\/wp\/v2\/comments?post=63"}],"version-history":[{"count":7,"href":"http:\/\/www.steffen-frank.de\/content\/wp-json\/wp\/v2\/pages\/63\/revisions"}],"predecessor-version":[{"id":286,"href":"http:\/\/www.steffen-frank.de\/content\/wp-json\/wp\/v2\/pages\/63\/revisions\/286"}],"wp:attachment":[{"href":"http:\/\/www.steffen-frank.de\/content\/wp-json\/wp\/v2\/media?parent=63"}],"curies":[{"name":"wp","href":"https:\/\/api.w.org\/{rel}","templated":true}]}}