{"id":34,"date":"2013-09-09T13:38:22","date_gmt":"2013-09-09T11:38:22","guid":{"rendered":"http:\/\/www.steffen-frank.de\/content\/?page_id=34"},"modified":"2021-06-27T13:56:57","modified_gmt":"2021-06-27T11:56:57","slug":"laufen","status":"publish","type":"page","link":"http:\/\/www.steffen-frank.de\/content\/laufen\/","title":{"rendered":"Laufen"},"content":{"rendered":"<h1>Laufen kann sogar ich &#8230;<\/h1>\n<p>Nachdem es im Oktober 2010 zu kalt f\u00fcr das Radfahren wurde, bin ich auf Laufen und Joggen umgestiegen.<\/p>\n<p>Ich mache kein Geheimnis daraus &#8211; Joggen war noch nie so mein Ding.<\/p>\n<p>Nach anf\u00e4nglich 2km Runden bin ich ziemlich schnell auf Gr\u00f6\u00dfere umgestiegen und bin dann regelm\u00e4\u00dfig &#8211; zwei bis drei Mal die Woche 6 &#8211; 7 km gelaufen.<\/p>\n<figure id=\"attachment_1273\" aria-describedby=\"caption-attachment-1273\" style=\"width: 1707px\" class=\"wp-caption aligncenter\"><a href=\"http:\/\/www.steffen-frank.de\/content\/wp-content\/uploads\/2021\/06\/laufen-scaled.jpg\"><img loading=\"lazy\" decoding=\"async\" class=\"size-full wp-image-1273\" src=\"http:\/\/www.steffen-frank.de\/content\/wp-content\/uploads\/2021\/06\/laufen-scaled.jpg\" alt=\"Laufen kann jeder\" width=\"1707\" height=\"2560\" srcset=\"http:\/\/www.steffen-frank.de\/content\/wp-content\/uploads\/2021\/06\/laufen-scaled.jpg 1707w, http:\/\/www.steffen-frank.de\/content\/wp-content\/uploads\/2021\/06\/laufen-1024x1536.jpg 1024w, http:\/\/www.steffen-frank.de\/content\/wp-content\/uploads\/2021\/06\/laufen-1366x2048.jpg 1366w, http:\/\/www.steffen-frank.de\/content\/wp-content\/uploads\/2021\/06\/laufen-200x300.jpg 200w, http:\/\/www.steffen-frank.de\/content\/wp-content\/uploads\/2021\/06\/laufen-768x1152.jpg 768w, http:\/\/www.steffen-frank.de\/content\/wp-content\/uploads\/2021\/06\/laufen-683x1024.jpg 683w\" sizes=\"auto, (max-width: 1707px) 100vw, 1707px\" \/><\/a><figcaption id=\"caption-attachment-1273\" class=\"wp-caption-text\">Lauf von Weikersheim &gt; R\u00f6ttingen &gt; Creglingen und zur\u00fcck entlang der Tauber im lieblichen Taubertal<\/figcaption><\/figure>\n<p>Im M\u00e4rz 2011 hatte mein Bruder die Idee, dass wir beim Stadtlauf Bad Mergentheim die 10km mitlaufen &#8211; und so begann die Sucht &#8230;<\/p>\n<p>Laufveranstaltungen an denen ich teilgenommen habe finden Sie hier:<\/p>\n<p><a title=\"Teilnahme an 10km Distanzl\u00e4ufe\" href=\"http:\/\/www.steffen-frank.de\/content\/category\/10kmlauf\/\">Teilnahme an 10km Distanzl\u00e4ufen<\/a><\/p>\n<p>Nachdem die 10km kein Problem mehr darstellten, stand schnell fest &#8211; ein Halbmarathon muss her &#8230; und so kam es dann auch &#8230;<\/p>\n<p><a title=\"Teilnahme an Halbmarathon L\u00e4ufen\" href=\"http:\/\/www.steffen-frank.de\/content\/category\/halbmarathon\/\">Teilnahme an Halbmarathonl\u00e4ufen (21,1km)<\/a><\/p>\n<p>Ich bin kein Freund von Zitaten &#8211; selten treffen sie aber so zu wie dieses von Emil Z\u00e1topek:<\/p>\n<h3><em>&#8222;Wenn du laufen willst, dann lauf eine Meile. Willst du aber ein neues Leben, dann lauf Marathon.&#8220;<\/em><\/h3>\n<p><a title=\"Meine Marathonl\u00e4ufe\" href=\"http:\/\/www.steffen-frank.de\/content\/category\/marathon\/\">Teilnahme an Marathonl\u00e4ufe (42,195km)<\/a><\/p>\n","protected":false},"excerpt":{"rendered":"<p>Laufen kann sogar ich &#8230; Nachdem es im Oktober 2010 zu kalt f\u00fcr das Radfahren wurde, bin ich auf Laufen und Joggen umgestiegen. Ich mache kein Geheimnis daraus &#8211; Joggen war noch nie so mein Ding. Nach anf\u00e4nglich 2km Runden bin ich ziemlich schnell auf Gr\u00f6\u00dfere umgestiegen und bin dann<\/p>\n","protected":false},"author":1,"featured_media":0,"parent":0,"menu_order":0,"comment_status":"closed","ping_status":"closed","template":"","meta":{"footnotes":""},"class_list":["post-34","page","type-page","status-publish","hentry"],"yoast_head":"<!-- This site is optimized with the Yoast SEO plugin v27.3 - https:\/\/yoast.com\/product\/yoast-seo-wordpress\/ -->\n<title>Hobby Laufen<\/title>\n<meta name=\"description\" content=\"Laufen - meine Leidenschaft seit November 2010. Von Kurzstrecke 10km \u00fcber die Halbmarathon Distanz hin zum Marathon. Laufen kann JEDER!\" \/>\n<meta name=\"robots\" content=\"index, follow, max-snippet:-1, max-image-preview:large, max-video-preview:-1\" \/>\n<link rel=\"canonical\" href=\"http:\/\/www.steffen-frank.de\/content\/laufen\/\" \/>\n<meta property=\"og:locale\" content=\"de_DE\" \/>\n<meta property=\"og:type\" content=\"article\" \/>\n<meta property=\"og:title\" content=\"Hobby Laufen\" \/>\n<meta property=\"og:description\" content=\"Laufen - meine Leidenschaft seit November 2010. Von Kurzstrecke 10km \u00fcber die Halbmarathon Distanz hin zum Marathon. Laufen kann JEDER!\" \/>\n<meta property=\"og:url\" content=\"http:\/\/www.steffen-frank.de\/content\/laufen\/\" \/>\n<meta property=\"og:site_name\" content=\"life, run &amp; cats\" \/>\n<meta property=\"article:modified_time\" content=\"2021-06-27T11:56:57+00:00\" \/>\n<meta property=\"og:image\" content=\"http:\/\/www.steffen-frank.de\/content\/wp-content\/uploads\/2021\/06\/laufen-scaled.jpg\" \/>\n<meta name=\"twitter:card\" content=\"summary_large_image\" \/>\n<meta name=\"twitter:label1\" content=\"Gesch\u00e4tzte Lesezeit\" \/>\n\t<meta name=\"twitter:data1\" content=\"1\u00a0Minute\" \/>\n<script type=\"application\/ld+json\" class=\"yoast-schema-graph\">{\"@context\":\"https:\\\/\\\/schema.org\",\"@graph\":[{\"@type\":\"WebPage\",\"@id\":\"http:\\\/\\\/www.steffen-frank.de\\\/content\\\/laufen\\\/\",\"url\":\"http:\\\/\\\/www.steffen-frank.de\\\/content\\\/laufen\\\/\",\"name\":\"Hobby Laufen\",\"isPartOf\":{\"@id\":\"http:\\\/\\\/www.steffen-frank.de\\\/content\\\/#website\"},\"primaryImageOfPage\":{\"@id\":\"http:\\\/\\\/www.steffen-frank.de\\\/content\\\/laufen\\\/#primaryimage\"},\"image\":{\"@id\":\"http:\\\/\\\/www.steffen-frank.de\\\/content\\\/laufen\\\/#primaryimage\"},\"thumbnailUrl\":\"http:\\\/\\\/www.steffen-frank.de\\\/content\\\/wp-content\\\/uploads\\\/2021\\\/06\\\/laufen-scaled.jpg\",\"datePublished\":\"2013-09-09T11:38:22+00:00\",\"dateModified\":\"2021-06-27T11:56:57+00:00\",\"description\":\"Laufen - meine Leidenschaft seit November 2010. Von Kurzstrecke 10km \u00fcber die Halbmarathon Distanz hin zum Marathon. Laufen kann JEDER!\",\"breadcrumb\":{\"@id\":\"http:\\\/\\\/www.steffen-frank.de\\\/content\\\/laufen\\\/#breadcrumb\"},\"inLanguage\":\"de\",\"potentialAction\":[{\"@type\":\"ReadAction\",\"target\":[\"http:\\\/\\\/www.steffen-frank.de\\\/content\\\/laufen\\\/\"]}]},{\"@type\":\"ImageObject\",\"inLanguage\":\"de\",\"@id\":\"http:\\\/\\\/www.steffen-frank.de\\\/content\\\/laufen\\\/#primaryimage\",\"url\":\"http:\\\/\\\/www.steffen-frank.de\\\/content\\\/wp-content\\\/uploads\\\/2021\\\/06\\\/laufen-scaled.jpg\",\"contentUrl\":\"http:\\\/\\\/www.steffen-frank.de\\\/content\\\/wp-content\\\/uploads\\\/2021\\\/06\\\/laufen-scaled.jpg\",\"width\":1707,\"height\":2560,\"caption\":\"Lauf zwischen Weikersheim > R\u00f6ttingen > Creglingen und zur\u00fcck entlang der Tauber im lieblichen Taubertal\"},{\"@type\":\"BreadcrumbList\",\"@id\":\"http:\\\/\\\/www.steffen-frank.de\\\/content\\\/laufen\\\/#breadcrumb\",\"itemListElement\":[{\"@type\":\"ListItem\",\"position\":1,\"name\":\"Startseite\",\"item\":\"http:\\\/\\\/www.steffen-frank.de\\\/content\\\/\"},{\"@type\":\"ListItem\",\"position\":2,\"name\":\"Laufen\"}]},{\"@type\":\"WebSite\",\"@id\":\"http:\\\/\\\/www.steffen-frank.de\\\/content\\\/#website\",\"url\":\"http:\\\/\\\/www.steffen-frank.de\\\/content\\\/\",\"name\":\"life, run &amp; cats\",\"description\":\"Steffen Frank - Niederstetten\",\"potentialAction\":[{\"@type\":\"SearchAction\",\"target\":{\"@type\":\"EntryPoint\",\"urlTemplate\":\"http:\\\/\\\/www.steffen-frank.de\\\/content\\\/?s={search_term_string}\"},\"query-input\":{\"@type\":\"PropertyValueSpecification\",\"valueRequired\":true,\"valueName\":\"search_term_string\"}}],\"inLanguage\":\"de\"}]}<\/script>\n<!-- \/ Yoast SEO plugin. -->","yoast_head_json":{"title":"Hobby Laufen","description":"Laufen - meine Leidenschaft seit November 2010. Von Kurzstrecke 10km \u00fcber die Halbmarathon Distanz hin zum Marathon. Laufen kann JEDER!","robots":{"index":"index","follow":"follow","max-snippet":"max-snippet:-1","max-image-preview":"max-image-preview:large","max-video-preview":"max-video-preview:-1"},"canonical":"http:\/\/www.steffen-frank.de\/content\/laufen\/","og_locale":"de_DE","og_type":"article","og_title":"Hobby Laufen","og_description":"Laufen - meine Leidenschaft seit November 2010. Von Kurzstrecke 10km \u00fcber die Halbmarathon Distanz hin zum Marathon. Laufen kann JEDER!","og_url":"http:\/\/www.steffen-frank.de\/content\/laufen\/","og_site_name":"life, run &amp; cats","article_modified_time":"2021-06-27T11:56:57+00:00","og_image":[{"url":"http:\/\/www.steffen-frank.de\/content\/wp-content\/uploads\/2021\/06\/laufen-scaled.jpg","type":"","width":"","height":""}],"twitter_card":"summary_large_image","twitter_misc":{"Gesch\u00e4tzte Lesezeit":"1\u00a0Minute"},"schema":{"@context":"https:\/\/schema.org","@graph":[{"@type":"WebPage","@id":"http:\/\/www.steffen-frank.de\/content\/laufen\/","url":"http:\/\/www.steffen-frank.de\/content\/laufen\/","name":"Hobby Laufen","isPartOf":{"@id":"http:\/\/www.steffen-frank.de\/content\/#website"},"primaryImageOfPage":{"@id":"http:\/\/www.steffen-frank.de\/content\/laufen\/#primaryimage"},"image":{"@id":"http:\/\/www.steffen-frank.de\/content\/laufen\/#primaryimage"},"thumbnailUrl":"http:\/\/www.steffen-frank.de\/content\/wp-content\/uploads\/2021\/06\/laufen-scaled.jpg","datePublished":"2013-09-09T11:38:22+00:00","dateModified":"2021-06-27T11:56:57+00:00","description":"Laufen - meine Leidenschaft seit November 2010. Von Kurzstrecke 10km \u00fcber die Halbmarathon Distanz hin zum Marathon. Laufen kann JEDER!","breadcrumb":{"@id":"http:\/\/www.steffen-frank.de\/content\/laufen\/#breadcrumb"},"inLanguage":"de","potentialAction":[{"@type":"ReadAction","target":["http:\/\/www.steffen-frank.de\/content\/laufen\/"]}]},{"@type":"ImageObject","inLanguage":"de","@id":"http:\/\/www.steffen-frank.de\/content\/laufen\/#primaryimage","url":"http:\/\/www.steffen-frank.de\/content\/wp-content\/uploads\/2021\/06\/laufen-scaled.jpg","contentUrl":"http:\/\/www.steffen-frank.de\/content\/wp-content\/uploads\/2021\/06\/laufen-scaled.jpg","width":1707,"height":2560,"caption":"Lauf zwischen Weikersheim > R\u00f6ttingen > Creglingen und zur\u00fcck entlang der Tauber im lieblichen Taubertal"},{"@type":"BreadcrumbList","@id":"http:\/\/www.steffen-frank.de\/content\/laufen\/#breadcrumb","itemListElement":[{"@type":"ListItem","position":1,"name":"Startseite","item":"http:\/\/www.steffen-frank.de\/content\/"},{"@type":"ListItem","position":2,"name":"Laufen"}]},{"@type":"WebSite","@id":"http:\/\/www.steffen-frank.de\/content\/#website","url":"http:\/\/www.steffen-frank.de\/content\/","name":"life, run &amp; cats","description":"Steffen Frank - Niederstetten","potentialAction":[{"@type":"SearchAction","target":{"@type":"EntryPoint","urlTemplate":"http:\/\/www.steffen-frank.de\/content\/?s={search_term_string}"},"query-input":{"@type":"PropertyValueSpecification","valueRequired":true,"valueName":"search_term_string"}}],"inLanguage":"de"}]}},"_links":{"self":[{"href":"http:\/\/www.steffen-frank.de\/content\/wp-json\/wp\/v2\/pages\/34","targetHints":{"allow":["GET"]}}],"collection":[{"href":"http:\/\/www.steffen-frank.de\/content\/wp-json\/wp\/v2\/pages"}],"about":[{"href":"http:\/\/www.steffen-frank.de\/content\/wp-json\/wp\/v2\/types\/page"}],"author":[{"embeddable":true,"href":"http:\/\/www.steffen-frank.de\/content\/wp-json\/wp\/v2\/users\/1"}],"replies":[{"embeddable":true,"href":"http:\/\/www.steffen-frank.de\/content\/wp-json\/wp\/v2\/comments?post=34"}],"version-history":[{"count":13,"href":"http:\/\/www.steffen-frank.de\/content\/wp-json\/wp\/v2\/pages\/34\/revisions"}],"predecessor-version":[{"id":1274,"href":"http:\/\/www.steffen-frank.de\/content\/wp-json\/wp\/v2\/pages\/34\/revisions\/1274"}],"wp:attachment":[{"href":"http:\/\/www.steffen-frank.de\/content\/wp-json\/wp\/v2\/media?parent=34"}],"curies":[{"name":"wp","href":"https:\/\/api.w.org\/{rel}","templated":true}]}}