{"id":32,"date":"2013-09-09T13:37:09","date_gmt":"2013-09-09T11:37:09","guid":{"rendered":"http:\/\/www.steffen-frank.de\/content\/?page_id=32"},"modified":"2018-05-24T05:10:28","modified_gmt":"2018-05-24T03:10:28","slug":"radfahren","status":"publish","type":"page","link":"http:\/\/www.steffen-frank.de\/content\/radfahren\/","title":{"rendered":"Radfahren"},"content":{"rendered":"<h1>Radfahren<\/h1>\n<p>Seit Mai 2010 fahre ich wieder regelm\u00e4\u00dfig Fahrrad &#8211; und es macht richtig spa\u00df!<br \/>\nMittlerweile sind Touren mit +70km am St\u00fcck ohne Pausen kein Problem mehr.<\/p>\n<p>Eine meiner Lieblingsrouten ist \u00fcber den &#8222;<a title=\"Sportive Radweg Taubertal\" href=\"http:\/\/www.liebliches-taubertal.com\/showpage.php?RADELN\/Der_Sportive\/Der_Sportive_Etappe_5_5_5&amp;SiteID=169\" target=\"_blank\">Sportiven Radweg<\/a>&#8220; von Niederstetten nach <strong>Rothenburg o.d. Tauber<\/strong> \u00fcber den Radweg &#8222;<a title=\"Zur Webseite Liebliches Taubertal - Der Klassiker - eine Radwegbeschreibung\" href=\"http:\/\/www.liebliches-taubertal.com\/showpage.php?RADELN\/Der_Klassiker\/Der_Klassiker_1_Tagesetappe&amp;SiteID=157\" target=\"_blank\">Liebliches Taubertal &#8211; Der Klassiker <\/a>&#8220; \u00fcber Creglingen, R\u00f6ttingen, Weikersheim, Laudenbach wieder zur\u00fcck nach Niederstetten. Das sind ca. 70 km mit 620 zur\u00fcckgelegten H\u00f6henmeter. Brauchte ich anf\u00e4nglich (mitte 2010) noch 3:30h f\u00fcr die Strecke, schaffe ich sie nun (Mai 2011) in unter 2:40h.<\/p>\n<p>Hier ein paar Bilder, aufgenommen im September 2010.<\/p>\n<p><a href=\"http:\/\/www.steffen-frank.de\/content\/wp-content\/uploads\/2013\/09\/radfahren3.jpg\"><img loading=\"lazy\" decoding=\"async\" class=\"aligncenter size-full wp-image-390\" src=\"http:\/\/www.steffen-frank.de\/content\/wp-content\/uploads\/2013\/09\/radfahren3.jpg\" alt=\"Hobby Radfahren Steffen Frank\" width=\"713\" height=\"1024\" srcset=\"http:\/\/www.steffen-frank.de\/content\/wp-content\/uploads\/2013\/09\/radfahren3.jpg 713w, http:\/\/www.steffen-frank.de\/content\/wp-content\/uploads\/2013\/09\/radfahren3-208x300.jpg 208w, http:\/\/www.steffen-frank.de\/content\/wp-content\/uploads\/2013\/09\/radfahren3-624x896.jpg 624w\" sizes=\"auto, (max-width: 713px) 100vw, 713px\" \/><\/a> <a href=\"http:\/\/www.steffen-frank.de\/content\/wp-content\/uploads\/2013\/09\/radfahren2.jpg\"><img loading=\"lazy\" decoding=\"async\" class=\"aligncenter size-full wp-image-389\" src=\"http:\/\/www.steffen-frank.de\/content\/wp-content\/uploads\/2013\/09\/radfahren2.jpg\" alt=\"Hobby Radfahren Steffen Frank\" width=\"600\" height=\"800\" srcset=\"http:\/\/www.steffen-frank.de\/content\/wp-content\/uploads\/2013\/09\/radfahren2.jpg 600w, http:\/\/www.steffen-frank.de\/content\/wp-content\/uploads\/2013\/09\/radfahren2-225x300.jpg 225w\" sizes=\"auto, (max-width: 600px) 100vw, 600px\" \/><\/a> <a href=\"http:\/\/www.steffen-frank.de\/content\/wp-content\/uploads\/2013\/09\/radfahren1.jpg\"><img loading=\"lazy\" decoding=\"async\" class=\"aligncenter size-full wp-image-388\" src=\"http:\/\/www.steffen-frank.de\/content\/wp-content\/uploads\/2013\/09\/radfahren1.jpg\" alt=\"Hobby Radfahren Steffen Frank\" width=\"600\" height=\"800\" srcset=\"http:\/\/www.steffen-frank.de\/content\/wp-content\/uploads\/2013\/09\/radfahren1.jpg 600w, http:\/\/www.steffen-frank.de\/content\/wp-content\/uploads\/2013\/09\/radfahren1-225x300.jpg 225w\" sizes=\"auto, (max-width: 600px) 100vw, 600px\" \/><\/a><\/p>\n","protected":false},"excerpt":{"rendered":"<p>Radfahren Seit Mai 2010 fahre ich wieder regelm\u00e4\u00dfig Fahrrad &#8211; und es macht richtig spa\u00df! Mittlerweile sind Touren mit +70km am St\u00fcck ohne Pausen kein Problem mehr. Eine meiner Lieblingsrouten ist \u00fcber den &#8222;Sportiven Radweg&#8220; von Niederstetten nach Rothenburg o.d. Tauber \u00fcber den Radweg &#8222;Liebliches Taubertal &#8211; Der Klassiker &#8220;<\/p>\n","protected":false},"author":1,"featured_media":0,"parent":0,"menu_order":0,"comment_status":"closed","ping_status":"closed","template":"","meta":{"footnotes":""},"class_list":["post-32","page","type-page","status-publish","hentry"],"yoast_head":"<!-- This site is optimized with the Yoast SEO plugin v27.3 - https:\/\/yoast.com\/product\/yoast-seo-wordpress\/ -->\n<title>Radfahren - life, run &amp; cats<\/title>\n<meta name=\"robots\" content=\"index, follow, max-snippet:-1, max-image-preview:large, max-video-preview:-1\" \/>\n<link rel=\"canonical\" href=\"http:\/\/www.steffen-frank.de\/content\/radfahren\/\" \/>\n<meta property=\"og:locale\" content=\"de_DE\" \/>\n<meta property=\"og:type\" content=\"article\" \/>\n<meta property=\"og:title\" content=\"Radfahren - life, run &amp; cats\" \/>\n<meta property=\"og:description\" content=\"Radfahren Seit Mai 2010 fahre ich wieder regelm\u00e4\u00dfig Fahrrad &#8211; und es macht richtig spa\u00df! Mittlerweile sind Touren mit +70km am St\u00fcck ohne Pausen kein Problem mehr. Eine meiner Lieblingsrouten ist \u00fcber den &#8222;Sportiven Radweg&#8220; von Niederstetten nach Rothenburg o.d. Tauber \u00fcber den Radweg &#8222;Liebliches Taubertal &#8211; Der Klassiker &#8220;\" \/>\n<meta property=\"og:url\" content=\"http:\/\/www.steffen-frank.de\/content\/radfahren\/\" \/>\n<meta property=\"og:site_name\" content=\"life, run &amp; cats\" \/>\n<meta property=\"article:modified_time\" content=\"2018-05-24T03:10:28+00:00\" \/>\n<meta property=\"og:image\" content=\"http:\/\/www.steffen-frank.de\/content\/wp-content\/uploads\/2013\/09\/radfahren3.jpg\" \/>\n<meta name=\"twitter:card\" content=\"summary_large_image\" \/>\n<script type=\"application\/ld+json\" class=\"yoast-schema-graph\">{\"@context\":\"https:\\\/\\\/schema.org\",\"@graph\":[{\"@type\":\"WebPage\",\"@id\":\"http:\\\/\\\/www.steffen-frank.de\\\/content\\\/radfahren\\\/\",\"url\":\"http:\\\/\\\/www.steffen-frank.de\\\/content\\\/radfahren\\\/\",\"name\":\"Radfahren - life, run &amp; cats\",\"isPartOf\":{\"@id\":\"http:\\\/\\\/www.steffen-frank.de\\\/content\\\/#website\"},\"primaryImageOfPage\":{\"@id\":\"http:\\\/\\\/www.steffen-frank.de\\\/content\\\/radfahren\\\/#primaryimage\"},\"image\":{\"@id\":\"http:\\\/\\\/www.steffen-frank.de\\\/content\\\/radfahren\\\/#primaryimage\"},\"thumbnailUrl\":\"http:\\\/\\\/www.steffen-frank.de\\\/content\\\/wp-content\\\/uploads\\\/2013\\\/09\\\/radfahren3.jpg\",\"datePublished\":\"2013-09-09T11:37:09+00:00\",\"dateModified\":\"2018-05-24T03:10:28+00:00\",\"breadcrumb\":{\"@id\":\"http:\\\/\\\/www.steffen-frank.de\\\/content\\\/radfahren\\\/#breadcrumb\"},\"inLanguage\":\"de\",\"potentialAction\":[{\"@type\":\"ReadAction\",\"target\":[\"http:\\\/\\\/www.steffen-frank.de\\\/content\\\/radfahren\\\/\"]}]},{\"@type\":\"ImageObject\",\"inLanguage\":\"de\",\"@id\":\"http:\\\/\\\/www.steffen-frank.de\\\/content\\\/radfahren\\\/#primaryimage\",\"url\":\"http:\\\/\\\/www.steffen-frank.de\\\/content\\\/wp-content\\\/uploads\\\/2013\\\/09\\\/radfahren3.jpg\",\"contentUrl\":\"http:\\\/\\\/www.steffen-frank.de\\\/content\\\/wp-content\\\/uploads\\\/2013\\\/09\\\/radfahren3.jpg\",\"width\":713,\"height\":1024,\"caption\":\"Hobby Radfahren Steffen Frank\"},{\"@type\":\"BreadcrumbList\",\"@id\":\"http:\\\/\\\/www.steffen-frank.de\\\/content\\\/radfahren\\\/#breadcrumb\",\"itemListElement\":[{\"@type\":\"ListItem\",\"position\":1,\"name\":\"Startseite\",\"item\":\"http:\\\/\\\/www.steffen-frank.de\\\/content\\\/\"},{\"@type\":\"ListItem\",\"position\":2,\"name\":\"Radfahren\"}]},{\"@type\":\"WebSite\",\"@id\":\"http:\\\/\\\/www.steffen-frank.de\\\/content\\\/#website\",\"url\":\"http:\\\/\\\/www.steffen-frank.de\\\/content\\\/\",\"name\":\"life, run &amp; cats\",\"description\":\"Steffen Frank - Niederstetten\",\"potentialAction\":[{\"@type\":\"SearchAction\",\"target\":{\"@type\":\"EntryPoint\",\"urlTemplate\":\"http:\\\/\\\/www.steffen-frank.de\\\/content\\\/?s={search_term_string}\"},\"query-input\":{\"@type\":\"PropertyValueSpecification\",\"valueRequired\":true,\"valueName\":\"search_term_string\"}}],\"inLanguage\":\"de\"}]}<\/script>\n<!-- \/ Yoast SEO plugin. -->","yoast_head_json":{"title":"Radfahren - life, run &amp; cats","robots":{"index":"index","follow":"follow","max-snippet":"max-snippet:-1","max-image-preview":"max-image-preview:large","max-video-preview":"max-video-preview:-1"},"canonical":"http:\/\/www.steffen-frank.de\/content\/radfahren\/","og_locale":"de_DE","og_type":"article","og_title":"Radfahren - life, run &amp; cats","og_description":"Radfahren Seit Mai 2010 fahre ich wieder regelm\u00e4\u00dfig Fahrrad &#8211; und es macht richtig spa\u00df! Mittlerweile sind Touren mit +70km am St\u00fcck ohne Pausen kein Problem mehr. Eine meiner Lieblingsrouten ist \u00fcber den &#8222;Sportiven Radweg&#8220; von Niederstetten nach Rothenburg o.d. Tauber \u00fcber den Radweg &#8222;Liebliches Taubertal &#8211; Der Klassiker &#8220;","og_url":"http:\/\/www.steffen-frank.de\/content\/radfahren\/","og_site_name":"life, run &amp; cats","article_modified_time":"2018-05-24T03:10:28+00:00","og_image":[{"url":"http:\/\/www.steffen-frank.de\/content\/wp-content\/uploads\/2013\/09\/radfahren3.jpg","type":"","width":"","height":""}],"twitter_card":"summary_large_image","schema":{"@context":"https:\/\/schema.org","@graph":[{"@type":"WebPage","@id":"http:\/\/www.steffen-frank.de\/content\/radfahren\/","url":"http:\/\/www.steffen-frank.de\/content\/radfahren\/","name":"Radfahren - life, run &amp; cats","isPartOf":{"@id":"http:\/\/www.steffen-frank.de\/content\/#website"},"primaryImageOfPage":{"@id":"http:\/\/www.steffen-frank.de\/content\/radfahren\/#primaryimage"},"image":{"@id":"http:\/\/www.steffen-frank.de\/content\/radfahren\/#primaryimage"},"thumbnailUrl":"http:\/\/www.steffen-frank.de\/content\/wp-content\/uploads\/2013\/09\/radfahren3.jpg","datePublished":"2013-09-09T11:37:09+00:00","dateModified":"2018-05-24T03:10:28+00:00","breadcrumb":{"@id":"http:\/\/www.steffen-frank.de\/content\/radfahren\/#breadcrumb"},"inLanguage":"de","potentialAction":[{"@type":"ReadAction","target":["http:\/\/www.steffen-frank.de\/content\/radfahren\/"]}]},{"@type":"ImageObject","inLanguage":"de","@id":"http:\/\/www.steffen-frank.de\/content\/radfahren\/#primaryimage","url":"http:\/\/www.steffen-frank.de\/content\/wp-content\/uploads\/2013\/09\/radfahren3.jpg","contentUrl":"http:\/\/www.steffen-frank.de\/content\/wp-content\/uploads\/2013\/09\/radfahren3.jpg","width":713,"height":1024,"caption":"Hobby Radfahren Steffen Frank"},{"@type":"BreadcrumbList","@id":"http:\/\/www.steffen-frank.de\/content\/radfahren\/#breadcrumb","itemListElement":[{"@type":"ListItem","position":1,"name":"Startseite","item":"http:\/\/www.steffen-frank.de\/content\/"},{"@type":"ListItem","position":2,"name":"Radfahren"}]},{"@type":"WebSite","@id":"http:\/\/www.steffen-frank.de\/content\/#website","url":"http:\/\/www.steffen-frank.de\/content\/","name":"life, run &amp; cats","description":"Steffen Frank - Niederstetten","potentialAction":[{"@type":"SearchAction","target":{"@type":"EntryPoint","urlTemplate":"http:\/\/www.steffen-frank.de\/content\/?s={search_term_string}"},"query-input":{"@type":"PropertyValueSpecification","valueRequired":true,"valueName":"search_term_string"}}],"inLanguage":"de"}]}},"_links":{"self":[{"href":"http:\/\/www.steffen-frank.de\/content\/wp-json\/wp\/v2\/pages\/32","targetHints":{"allow":["GET"]}}],"collection":[{"href":"http:\/\/www.steffen-frank.de\/content\/wp-json\/wp\/v2\/pages"}],"about":[{"href":"http:\/\/www.steffen-frank.de\/content\/wp-json\/wp\/v2\/types\/page"}],"author":[{"embeddable":true,"href":"http:\/\/www.steffen-frank.de\/content\/wp-json\/wp\/v2\/users\/1"}],"replies":[{"embeddable":true,"href":"http:\/\/www.steffen-frank.de\/content\/wp-json\/wp\/v2\/comments?post=32"}],"version-history":[{"count":4,"href":"http:\/\/www.steffen-frank.de\/content\/wp-json\/wp\/v2\/pages\/32\/revisions"}],"predecessor-version":[{"id":862,"href":"http:\/\/www.steffen-frank.de\/content\/wp-json\/wp\/v2\/pages\/32\/revisions\/862"}],"wp:attachment":[{"href":"http:\/\/www.steffen-frank.de\/content\/wp-json\/wp\/v2\/media?parent=32"}],"curies":[{"name":"wp","href":"https:\/\/api.w.org\/{rel}","templated":true}]}}