{"id":30,"date":"2013-09-09T13:36:40","date_gmt":"2013-09-09T11:36:40","guid":{"rendered":"http:\/\/www.steffen-frank.de\/content\/?page_id=30"},"modified":"2018-05-24T05:10:28","modified_gmt":"2018-05-24T03:10:28","slug":"judo","status":"publish","type":"page","link":"http:\/\/www.steffen-frank.de\/content\/judo\/","title":{"rendered":"Judo"},"content":{"rendered":"<h1>Judo im TV Niederstetten<\/h1>\n<p>Seit 1979<br \/>\n4 Jahre Jugendtrainer (8 bis 16 j\u00e4hrige) in der Judoabteilung<br \/>\n2 Jahre Stellvertreter der 1. Vorsitzenden<br \/>\nSeit 1994 Tr\u00e4ger des 1. Dan<br \/>\nMehrere Erfolge auf Bezirks- und Landesebene.<br \/>\n2 Jahre Landesliga f\u00fcr den TV Flein.<br \/>\nSeit 2000, durch berufliche T\u00e4tigkeit, kein regelm\u00e4\u00dfiges Training mehr.<\/p>\n<p>September 2010 &#8211; ich starte einen Versuch einen Wiedereinstieg zu finden &#8211; hoffentlich wird es wieder was.<\/p>\n<p>Dank dem Radfahren hab ich eine recht gute Kondition und kann dem &#8222;angezogene&#8220; Training von Ren\u00e9 (5. DAN) gut folgen. Was noch fehlt sind Kraft, Koordination und leider hat auch die Technik in den 10 Jahren Pause gelitten.<br \/>\nWird aber von Training zu Training besser \ud83d\ude42<\/p>\n<p>Hier ein Link zu meinem Verein: <a title=\"Zur Webseite der Judoabteilung TV-Niederstetten\" href=\"http:\/\/www.judo-niederstetten.de\" target=\"_blank\">http:\/\/www.judo-niedestetten.de<\/a><\/p>\n<figure id=\"attachment_211\" aria-describedby=\"caption-attachment-211\" style=\"width: 600px\" class=\"wp-caption alignright\"><a href=\"http:\/\/www.steffen-frank.de\/content\/wp-content\/uploads\/2013\/09\/201101_judo_steffen.jpg\"><img loading=\"lazy\" decoding=\"async\" class=\"size-full wp-image-211\" alt=\"Steffen Frank Judoabteilung TV Niederstetten\" src=\"http:\/\/www.steffen-frank.de\/content\/wp-content\/uploads\/2013\/09\/201101_judo_steffen.jpg\" width=\"600\" height=\"920\" srcset=\"http:\/\/www.steffen-frank.de\/content\/wp-content\/uploads\/2013\/09\/201101_judo_steffen.jpg 600w, http:\/\/www.steffen-frank.de\/content\/wp-content\/uploads\/2013\/09\/201101_judo_steffen-195x300.jpg 195w\" sizes=\"auto, (max-width: 600px) 100vw, 600px\" \/><\/a><figcaption id=\"caption-attachment-211\" class=\"wp-caption-text\">Ich auf der Judotatmi (Matte) im Januar 2011.<br \/>Seit Januar 2011 steh ich unseren Kids auch wieder als Trainer zur Verf\u00fcgung.<\/figcaption><\/figure>\n<figure id=\"attachment_210\" aria-describedby=\"caption-attachment-210\" style=\"width: 600px\" class=\"wp-caption alignright\"><a href=\"http:\/\/www.steffen-frank.de\/content\/wp-content\/uploads\/2013\/09\/201101_judo_bodenrandori.jpg\"><img loading=\"lazy\" decoding=\"async\" class=\"size-full wp-image-210\" alt=\"Steffen Frank Judoabteilung TV Niederstetten\" src=\"http:\/\/www.steffen-frank.de\/content\/wp-content\/uploads\/2013\/09\/201101_judo_bodenrandori.jpg\" width=\"600\" height=\"386\" srcset=\"http:\/\/www.steffen-frank.de\/content\/wp-content\/uploads\/2013\/09\/201101_judo_bodenrandori.jpg 600w, http:\/\/www.steffen-frank.de\/content\/wp-content\/uploads\/2013\/09\/201101_judo_bodenrandori-300x193.jpg 300w\" sizes=\"auto, (max-width: 600px) 100vw, 600px\" \/><\/a><figcaption id=\"caption-attachment-210\" class=\"wp-caption-text\">Bodenrandorie mit Rainer<\/figcaption><\/figure>\n<p>&nbsp;<\/p>\n","protected":false},"excerpt":{"rendered":"<p>Judo im TV Niederstetten Seit 1979 4 Jahre Jugendtrainer (8 bis 16 j\u00e4hrige) in der Judoabteilung 2 Jahre Stellvertreter der 1. Vorsitzenden Seit 1994 Tr\u00e4ger des 1. Dan Mehrere Erfolge auf Bezirks- und Landesebene. 2 Jahre Landesliga f\u00fcr den TV Flein. Seit 2000, durch berufliche T\u00e4tigkeit, kein regelm\u00e4\u00dfiges Training mehr.<\/p>\n","protected":false},"author":1,"featured_media":0,"parent":0,"menu_order":0,"comment_status":"closed","ping_status":"closed","template":"","meta":{"footnotes":""},"class_list":["post-30","page","type-page","status-publish","hentry"],"yoast_head":"<!-- This site is optimized with the Yoast SEO plugin v27.3 - https:\/\/yoast.com\/product\/yoast-seo-wordpress\/ -->\n<title>Steffen Frank - Hobby - Judo im TV Niederstetten<\/title>\n<meta name=\"description\" content=\"Seit Jahren betreibe ich mal weniger, mal mehr Judo im TV Niederstetten. Judo ist ein perfekter Ausgleichssport f\u00fcr den Alltag!\" \/>\n<meta name=\"robots\" content=\"index, follow, max-snippet:-1, max-image-preview:large, max-video-preview:-1\" \/>\n<link rel=\"canonical\" href=\"http:\/\/www.steffen-frank.de\/content\/judo\/\" \/>\n<meta property=\"og:locale\" content=\"de_DE\" \/>\n<meta property=\"og:type\" content=\"article\" \/>\n<meta property=\"og:title\" content=\"Steffen Frank - Hobby - Judo im TV Niederstetten\" \/>\n<meta property=\"og:description\" content=\"Seit Jahren betreibe ich mal weniger, mal mehr Judo im TV Niederstetten. Judo ist ein perfekter Ausgleichssport f\u00fcr den Alltag!\" \/>\n<meta property=\"og:url\" content=\"http:\/\/www.steffen-frank.de\/content\/judo\/\" \/>\n<meta property=\"og:site_name\" content=\"life, run &amp; cats\" \/>\n<meta property=\"article:modified_time\" content=\"2018-05-24T03:10:28+00:00\" \/>\n<meta property=\"og:image\" content=\"http:\/\/www.steffen-frank.de\/content\/wp-content\/uploads\/2013\/09\/201101_judo_steffen.jpg\" \/>\n<meta name=\"twitter:card\" content=\"summary_large_image\" \/>\n<meta name=\"twitter:label1\" content=\"Gesch\u00e4tzte Lesezeit\" \/>\n\t<meta name=\"twitter:data1\" content=\"1\u00a0Minute\" \/>\n<script type=\"application\/ld+json\" class=\"yoast-schema-graph\">{\"@context\":\"https:\\\/\\\/schema.org\",\"@graph\":[{\"@type\":\"WebPage\",\"@id\":\"http:\\\/\\\/www.steffen-frank.de\\\/content\\\/judo\\\/\",\"url\":\"http:\\\/\\\/www.steffen-frank.de\\\/content\\\/judo\\\/\",\"name\":\"Steffen Frank - Hobby - Judo im TV Niederstetten\",\"isPartOf\":{\"@id\":\"http:\\\/\\\/www.steffen-frank.de\\\/content\\\/#website\"},\"primaryImageOfPage\":{\"@id\":\"http:\\\/\\\/www.steffen-frank.de\\\/content\\\/judo\\\/#primaryimage\"},\"image\":{\"@id\":\"http:\\\/\\\/www.steffen-frank.de\\\/content\\\/judo\\\/#primaryimage\"},\"thumbnailUrl\":\"http:\\\/\\\/www.steffen-frank.de\\\/content\\\/wp-content\\\/uploads\\\/2013\\\/09\\\/201101_judo_steffen.jpg\",\"datePublished\":\"2013-09-09T11:36:40+00:00\",\"dateModified\":\"2018-05-24T03:10:28+00:00\",\"description\":\"Seit Jahren betreibe ich mal weniger, mal mehr Judo im TV Niederstetten. Judo ist ein perfekter Ausgleichssport f\u00fcr den Alltag!\",\"breadcrumb\":{\"@id\":\"http:\\\/\\\/www.steffen-frank.de\\\/content\\\/judo\\\/#breadcrumb\"},\"inLanguage\":\"de\",\"potentialAction\":[{\"@type\":\"ReadAction\",\"target\":[\"http:\\\/\\\/www.steffen-frank.de\\\/content\\\/judo\\\/\"]}]},{\"@type\":\"ImageObject\",\"inLanguage\":\"de\",\"@id\":\"http:\\\/\\\/www.steffen-frank.de\\\/content\\\/judo\\\/#primaryimage\",\"url\":\"http:\\\/\\\/www.steffen-frank.de\\\/content\\\/wp-content\\\/uploads\\\/2013\\\/09\\\/201101_judo_steffen.jpg\",\"contentUrl\":\"http:\\\/\\\/www.steffen-frank.de\\\/content\\\/wp-content\\\/uploads\\\/2013\\\/09\\\/201101_judo_steffen.jpg\",\"width\":600,\"height\":920,\"caption\":\"Ich auf der Judotatmi (Matte) im Januar 2011. Seit Januar 2011 steh ich unseren Kids auch wieder als Trainer zur Verf\u00fcgung.\"},{\"@type\":\"BreadcrumbList\",\"@id\":\"http:\\\/\\\/www.steffen-frank.de\\\/content\\\/judo\\\/#breadcrumb\",\"itemListElement\":[{\"@type\":\"ListItem\",\"position\":1,\"name\":\"Startseite\",\"item\":\"http:\\\/\\\/www.steffen-frank.de\\\/content\\\/\"},{\"@type\":\"ListItem\",\"position\":2,\"name\":\"Judo\"}]},{\"@type\":\"WebSite\",\"@id\":\"http:\\\/\\\/www.steffen-frank.de\\\/content\\\/#website\",\"url\":\"http:\\\/\\\/www.steffen-frank.de\\\/content\\\/\",\"name\":\"life, run &amp; cats\",\"description\":\"Steffen Frank - Niederstetten\",\"potentialAction\":[{\"@type\":\"SearchAction\",\"target\":{\"@type\":\"EntryPoint\",\"urlTemplate\":\"http:\\\/\\\/www.steffen-frank.de\\\/content\\\/?s={search_term_string}\"},\"query-input\":{\"@type\":\"PropertyValueSpecification\",\"valueRequired\":true,\"valueName\":\"search_term_string\"}}],\"inLanguage\":\"de\"}]}<\/script>\n<!-- \/ Yoast SEO plugin. -->","yoast_head_json":{"title":"Steffen Frank - Hobby - Judo im TV Niederstetten","description":"Seit Jahren betreibe ich mal weniger, mal mehr Judo im TV Niederstetten. Judo ist ein perfekter Ausgleichssport f\u00fcr den Alltag!","robots":{"index":"index","follow":"follow","max-snippet":"max-snippet:-1","max-image-preview":"max-image-preview:large","max-video-preview":"max-video-preview:-1"},"canonical":"http:\/\/www.steffen-frank.de\/content\/judo\/","og_locale":"de_DE","og_type":"article","og_title":"Steffen Frank - Hobby - Judo im TV Niederstetten","og_description":"Seit Jahren betreibe ich mal weniger, mal mehr Judo im TV Niederstetten. Judo ist ein perfekter Ausgleichssport f\u00fcr den Alltag!","og_url":"http:\/\/www.steffen-frank.de\/content\/judo\/","og_site_name":"life, run &amp; cats","article_modified_time":"2018-05-24T03:10:28+00:00","og_image":[{"url":"http:\/\/www.steffen-frank.de\/content\/wp-content\/uploads\/2013\/09\/201101_judo_steffen.jpg","type":"","width":"","height":""}],"twitter_card":"summary_large_image","twitter_misc":{"Gesch\u00e4tzte Lesezeit":"1\u00a0Minute"},"schema":{"@context":"https:\/\/schema.org","@graph":[{"@type":"WebPage","@id":"http:\/\/www.steffen-frank.de\/content\/judo\/","url":"http:\/\/www.steffen-frank.de\/content\/judo\/","name":"Steffen Frank - Hobby - Judo im TV Niederstetten","isPartOf":{"@id":"http:\/\/www.steffen-frank.de\/content\/#website"},"primaryImageOfPage":{"@id":"http:\/\/www.steffen-frank.de\/content\/judo\/#primaryimage"},"image":{"@id":"http:\/\/www.steffen-frank.de\/content\/judo\/#primaryimage"},"thumbnailUrl":"http:\/\/www.steffen-frank.de\/content\/wp-content\/uploads\/2013\/09\/201101_judo_steffen.jpg","datePublished":"2013-09-09T11:36:40+00:00","dateModified":"2018-05-24T03:10:28+00:00","description":"Seit Jahren betreibe ich mal weniger, mal mehr Judo im TV Niederstetten. Judo ist ein perfekter Ausgleichssport f\u00fcr den Alltag!","breadcrumb":{"@id":"http:\/\/www.steffen-frank.de\/content\/judo\/#breadcrumb"},"inLanguage":"de","potentialAction":[{"@type":"ReadAction","target":["http:\/\/www.steffen-frank.de\/content\/judo\/"]}]},{"@type":"ImageObject","inLanguage":"de","@id":"http:\/\/www.steffen-frank.de\/content\/judo\/#primaryimage","url":"http:\/\/www.steffen-frank.de\/content\/wp-content\/uploads\/2013\/09\/201101_judo_steffen.jpg","contentUrl":"http:\/\/www.steffen-frank.de\/content\/wp-content\/uploads\/2013\/09\/201101_judo_steffen.jpg","width":600,"height":920,"caption":"Ich auf der Judotatmi (Matte) im Januar 2011. Seit Januar 2011 steh ich unseren Kids auch wieder als Trainer zur Verf\u00fcgung."},{"@type":"BreadcrumbList","@id":"http:\/\/www.steffen-frank.de\/content\/judo\/#breadcrumb","itemListElement":[{"@type":"ListItem","position":1,"name":"Startseite","item":"http:\/\/www.steffen-frank.de\/content\/"},{"@type":"ListItem","position":2,"name":"Judo"}]},{"@type":"WebSite","@id":"http:\/\/www.steffen-frank.de\/content\/#website","url":"http:\/\/www.steffen-frank.de\/content\/","name":"life, run &amp; cats","description":"Steffen Frank - Niederstetten","potentialAction":[{"@type":"SearchAction","target":{"@type":"EntryPoint","urlTemplate":"http:\/\/www.steffen-frank.de\/content\/?s={search_term_string}"},"query-input":{"@type":"PropertyValueSpecification","valueRequired":true,"valueName":"search_term_string"}}],"inLanguage":"de"}]}},"_links":{"self":[{"href":"http:\/\/www.steffen-frank.de\/content\/wp-json\/wp\/v2\/pages\/30","targetHints":{"allow":["GET"]}}],"collection":[{"href":"http:\/\/www.steffen-frank.de\/content\/wp-json\/wp\/v2\/pages"}],"about":[{"href":"http:\/\/www.steffen-frank.de\/content\/wp-json\/wp\/v2\/types\/page"}],"author":[{"embeddable":true,"href":"http:\/\/www.steffen-frank.de\/content\/wp-json\/wp\/v2\/users\/1"}],"replies":[{"embeddable":true,"href":"http:\/\/www.steffen-frank.de\/content\/wp-json\/wp\/v2\/comments?post=30"}],"version-history":[{"count":5,"href":"http:\/\/www.steffen-frank.de\/content\/wp-json\/wp\/v2\/pages\/30\/revisions"}],"predecessor-version":[{"id":215,"href":"http:\/\/www.steffen-frank.de\/content\/wp-json\/wp\/v2\/pages\/30\/revisions\/215"}],"wp:attachment":[{"href":"http:\/\/www.steffen-frank.de\/content\/wp-json\/wp\/v2\/media?parent=30"}],"curies":[{"name":"wp","href":"https:\/\/api.w.org\/{rel}","templated":true}]}}