{"id":24,"date":"2013-09-09T13:34:06","date_gmt":"2013-09-09T11:34:06","guid":{"rendered":"http:\/\/www.steffen-frank.de\/content\/?page_id=24"},"modified":"2018-05-24T05:10:28","modified_gmt":"2018-05-24T03:10:28","slug":"perserkatze-iditha-von-guter-wille","status":"publish","type":"page","link":"http:\/\/www.steffen-frank.de\/content\/perserkatze-iditha-von-guter-wille\/","title":{"rendered":"Perserkatze Iditha von Guter Wille"},"content":{"rendered":"<h1>Perserkatze Iditha von Guter Wille<\/h1>\n<p>Seit Juli 2008 haben wir nun einen kleinen Wirbelwind im <a title=\"Cattery Perserkatzen von Guter Wille\" href=\"http:\/\/www.perserkatzen-von-guter-wille.de\/\" target=\"_blank\">Hause<\/a>. Nichts ist vor der kleinen Katze sicher.<br \/>\nBisher ist zum Gl\u00fcck nur ein Blumentopf zu Bruch gegangen.<\/p>\n<p>Iditha haben wir seit ihrer 12. Lebenswoche von einer Z\u00fcchterin aus Berlin.<\/p>\n<figure id=\"attachment_229\" aria-describedby=\"caption-attachment-229\" style=\"width: 281px\" class=\"wp-caption alignright\"><a href=\"http:\/\/www.steffen-frank.de\/content\/wp-content\/uploads\/2013\/09\/iditha.jpg\"><img loading=\"lazy\" decoding=\"async\" class=\"size-medium wp-image-229\" alt=\"Perserkatze Iditha von Guter Wille\" src=\"http:\/\/www.steffen-frank.de\/content\/wp-content\/uploads\/2013\/09\/iditha-281x300.jpg\" width=\"281\" height=\"300\" srcset=\"http:\/\/www.steffen-frank.de\/content\/wp-content\/uploads\/2013\/09\/iditha-281x300.jpg 281w, http:\/\/www.steffen-frank.de\/content\/wp-content\/uploads\/2013\/09\/iditha.jpg 300w\" sizes=\"auto, (max-width: 281px) 100vw, 281px\" \/><\/a><figcaption id=\"caption-attachment-229\" class=\"wp-caption-text\">Unser Schn\u00e4utzelchen Iditha<\/figcaption><\/figure>\n<p>Kaum war die Kleine vier Wochen bei uns im Hause, hat sie sich die rechte Pfote gebrochen, was ihrem Wirbelwinddasein ein Ende setzte. Zum Gl\u00fcck ist wieder alles wunderbar verheilt und sie d\u00fcst wieder durchs Haus. Am liebsten Herrchen zwischen den F\u00fc\u00dfen, was ab und zu mit einem Quietschen endet.<br \/>\nIhre Rufnamen sind mittlerweile Schn\u00e4uzelchen oder auch Torpedo &#8211; je nachdem, ob sie wieder beim Rumrasen ist.<\/p>\n<p><a title=\"Bilder von Iditha von Guter Wille\" href=\"http:\/\/pic.steffen-frank.de\/iditha\/baby\/\" target=\"_blank\">Babybilder<\/a><br \/>\n<a title=\"Bilder von Iditha von Guter Wille\" href=\"http:\/\/pic.steffen-frank.de\/iditha\/tag1\/\" target=\"_blank\">Iditha 1. Tag bei uns<\/a><br \/>\n<a title=\"Bilder von Iditha von Guter Wille\" href=\"http:\/\/pic.steffen-frank.de\/iditha\/tag2\/\" target=\"_blank\">Iditha 2. Tag bei uns<\/a><br \/>\n<a title=\"Bilder von Iditha von Guter Wille\" href=\"http:\/\/pic.steffen-frank.de\/iditha\/tag3\/\" target=\"_blank\">Iditha 3. Tag bei uns<\/a><br \/>\n<a title=\"Bilder von Iditha von Guter Wille\" href=\"http:\/\/pic.steffen-frank.de\/iditha\/tag4\/\" target=\"_blank\">Iditha 4. Tag bei uns<\/a><br \/>\n<a title=\"Bilder von Iditha von Guter Wille\" href=\"http:\/\/pic.steffen-frank.de\/iditha\/tag5\/\" target=\"_blank\">Iditha 5. Tag bei uns<\/a><br \/>\n<a title=\"Bilder von Iditha von Guter Wille\" href=\"http:\/\/pic.steffen-frank.de\/iditha\/woche14\/\" target=\"_blank\">Iditha mit 14 Wochen<\/a><br \/>\n<a title=\"Bilder von Iditha von Guter Wille\" href=\"http:\/\/pic.steffen-frank.de\/iditha\/woche15\/\" target=\"_blank\">Idithe mit 15 Wochen<\/a><br \/>\n<a title=\"Bilder von Iditha von Guter Wille\" href=\"http:\/\/pic.steffen-frank.de\/iditha\/allgemein\/\" target=\"_blank\">Sonstige Bilder<\/a><\/p>\n<p>07.03.2010 Iditha ist auf ihrer Ausstellung und macht den <strong>Champion<\/strong> Titel. Mehr werden wir sie aber nicht machen lassen, da sie keine Ausstellungskatze ist. Wie oben schon erw\u00e4hnt ist sie sehr quirlig und rennt lieber rum als den Tag im K\u00e4fig zu verbringen.<\/p>\n<p>November 2010 Iditha hat im September uns die kleine <a title=\"B-Wurf Cattery Perserkatzen vom Taubertal\" href=\"http:\/\/www.steffen-frank.de\/content\/b-wurf-cattery-perserkatzen-vom-taubertal\/\">Bella Donna<\/a> geschenkt. Daf\u00fcr hat sie schon f\u00fcnf Anl\u00e4ufe gebraucht. Nachdem sie nun auch noch einen Milchstau hatte und schon wieder rollig wurde, haben wir sie kastrieren lassen und somit aus der Zucht genommen. Die Kastration verlief gut und der Tierarzt meinte, dass es gut war, da die Eierst\u00f6cke entartet und auch die Geb\u00e4rmutter nicht in Ordnung war. Es sei \u00fcberhaupt schon ein Wunder, dass sie Bella Donna auf die Welt brachte.<br \/>\nNun soll Sie in der Rolle der Tante aufgehen &#8211; welche sie bei unserem <a title=\"A-Wurf Cattery Perserkatzen vom Taubertal\" href=\"http:\/\/www.steffen-frank.de\/content\/a-wurf-cattery-perserkatzen-vom-taubertal\/\">A-Wurf<\/a> ja schon hervorragend spielte.<br \/>\nAn ihrer Stelle wird nun Angel (<a title=\"A-Wurf Cattery Perserkatzen vom Taubertal\" href=\"http:\/\/www.steffen-frank.de\/content\/a-wurf-cattery-perserkatzen-vom-taubertal\/\">siehe A-Wurf<\/a>) treten, die wir aus dem Wurf behalten werden um mit ihr und <a title=\"Schelby Cats Special Fortuna\" href=\"http:\/\/www.steffen-frank.de\/content\/schelby-cats-special-fortuna\/\">Fitzi<\/a> weiter zu z\u00fcchten.<\/p>\n<figure id=\"attachment_228\" aria-describedby=\"caption-attachment-228\" style=\"width: 600px\" class=\"wp-caption alignright\"><a href=\"http:\/\/www.steffen-frank.de\/content\/wp-content\/uploads\/2013\/09\/20110120_iditha_und_bruce.jpg\"><img loading=\"lazy\" decoding=\"async\" class=\"size-full wp-image-228\" alt=\"Perserkatze Iditha von Guter Wille\" src=\"http:\/\/www.steffen-frank.de\/content\/wp-content\/uploads\/2013\/09\/20110120_iditha_und_bruce.jpg\" width=\"600\" height=\"407\" srcset=\"http:\/\/www.steffen-frank.de\/content\/wp-content\/uploads\/2013\/09\/20110120_iditha_und_bruce.jpg 600w, http:\/\/www.steffen-frank.de\/content\/wp-content\/uploads\/2013\/09\/20110120_iditha_und_bruce-300x203.jpg 300w\" sizes=\"auto, (max-width: 600px) 100vw, 600px\" \/><\/a><figcaption id=\"caption-attachment-228\" class=\"wp-caption-text\">Iditha mit Ihrer Tochter Bella vom Taubertal<\/figcaption><\/figure>\n","protected":false},"excerpt":{"rendered":"<p>Perserkatze Iditha von Guter Wille Seit Juli 2008 haben wir nun einen kleinen Wirbelwind im Hause. Nichts ist vor der kleinen Katze sicher. Bisher ist zum Gl\u00fcck nur ein Blumentopf zu Bruch gegangen. Iditha haben wir seit ihrer 12. Lebenswoche von einer Z\u00fcchterin aus Berlin. Kaum war die Kleine vier<\/p>\n","protected":false},"author":1,"featured_media":0,"parent":0,"menu_order":0,"comment_status":"closed","ping_status":"closed","template":"","meta":{"footnotes":""},"class_list":["post-24","page","type-page","status-publish","hentry"],"yoast_head":"<!-- This site is optimized with the Yoast SEO plugin v27.3 - https:\/\/yoast.com\/product\/yoast-seo-wordpress\/ -->\n<title>Perserkatze Iditha von Guter Wille - Cattery vom Taubertal<\/title>\n<meta name=\"robots\" content=\"index, follow, max-snippet:-1, max-image-preview:large, max-video-preview:-1\" \/>\n<link rel=\"canonical\" href=\"http:\/\/www.steffen-frank.de\/content\/perserkatze-iditha-von-guter-wille\/\" \/>\n<meta property=\"og:locale\" content=\"de_DE\" \/>\n<meta property=\"og:type\" content=\"article\" \/>\n<meta property=\"og:title\" content=\"Perserkatze Iditha von Guter Wille - Cattery vom Taubertal\" \/>\n<meta property=\"og:description\" content=\"Perserkatze Iditha von Guter Wille Seit Juli 2008 haben wir nun einen kleinen Wirbelwind im Hause. Nichts ist vor der kleinen Katze sicher. Bisher ist zum Gl\u00fcck nur ein Blumentopf zu Bruch gegangen. Iditha haben wir seit ihrer 12. Lebenswoche von einer Z\u00fcchterin aus Berlin. Kaum war die Kleine vier\" \/>\n<meta property=\"og:url\" content=\"http:\/\/www.steffen-frank.de\/content\/perserkatze-iditha-von-guter-wille\/\" \/>\n<meta property=\"og:site_name\" content=\"life, run &amp; cats\" \/>\n<meta property=\"article:modified_time\" content=\"2018-05-24T03:10:28+00:00\" \/>\n<meta property=\"og:image\" content=\"http:\/\/www.steffen-frank.de\/content\/wp-content\/uploads\/2013\/09\/iditha-281x300.jpg\" \/>\n<meta name=\"twitter:card\" content=\"summary_large_image\" \/>\n<meta name=\"twitter:label1\" content=\"Gesch\u00e4tzte Lesezeit\" \/>\n\t<meta name=\"twitter:data1\" content=\"2\u00a0Minuten\" \/>\n<script type=\"application\/ld+json\" class=\"yoast-schema-graph\">{\"@context\":\"https:\\\/\\\/schema.org\",\"@graph\":[{\"@type\":\"WebPage\",\"@id\":\"http:\\\/\\\/www.steffen-frank.de\\\/content\\\/perserkatze-iditha-von-guter-wille\\\/\",\"url\":\"http:\\\/\\\/www.steffen-frank.de\\\/content\\\/perserkatze-iditha-von-guter-wille\\\/\",\"name\":\"Perserkatze Iditha von Guter Wille - Cattery vom Taubertal\",\"isPartOf\":{\"@id\":\"http:\\\/\\\/www.steffen-frank.de\\\/content\\\/#website\"},\"primaryImageOfPage\":{\"@id\":\"http:\\\/\\\/www.steffen-frank.de\\\/content\\\/perserkatze-iditha-von-guter-wille\\\/#primaryimage\"},\"image\":{\"@id\":\"http:\\\/\\\/www.steffen-frank.de\\\/content\\\/perserkatze-iditha-von-guter-wille\\\/#primaryimage\"},\"thumbnailUrl\":\"http:\\\/\\\/www.steffen-frank.de\\\/content\\\/wp-content\\\/uploads\\\/2013\\\/09\\\/iditha-281x300.jpg\",\"datePublished\":\"2013-09-09T11:34:06+00:00\",\"dateModified\":\"2018-05-24T03:10:28+00:00\",\"breadcrumb\":{\"@id\":\"http:\\\/\\\/www.steffen-frank.de\\\/content\\\/perserkatze-iditha-von-guter-wille\\\/#breadcrumb\"},\"inLanguage\":\"de\",\"potentialAction\":[{\"@type\":\"ReadAction\",\"target\":[\"http:\\\/\\\/www.steffen-frank.de\\\/content\\\/perserkatze-iditha-von-guter-wille\\\/\"]}]},{\"@type\":\"ImageObject\",\"inLanguage\":\"de\",\"@id\":\"http:\\\/\\\/www.steffen-frank.de\\\/content\\\/perserkatze-iditha-von-guter-wille\\\/#primaryimage\",\"url\":\"http:\\\/\\\/www.steffen-frank.de\\\/content\\\/wp-content\\\/uploads\\\/2013\\\/09\\\/iditha.jpg\",\"contentUrl\":\"http:\\\/\\\/www.steffen-frank.de\\\/content\\\/wp-content\\\/uploads\\\/2013\\\/09\\\/iditha.jpg\",\"width\":300,\"height\":320,\"caption\":\"Unser Schn\u00e4utzelchen Iditha\"},{\"@type\":\"BreadcrumbList\",\"@id\":\"http:\\\/\\\/www.steffen-frank.de\\\/content\\\/perserkatze-iditha-von-guter-wille\\\/#breadcrumb\",\"itemListElement\":[{\"@type\":\"ListItem\",\"position\":1,\"name\":\"Startseite\",\"item\":\"http:\\\/\\\/www.steffen-frank.de\\\/content\\\/\"},{\"@type\":\"ListItem\",\"position\":2,\"name\":\"Perserkatze Iditha von Guter Wille\"}]},{\"@type\":\"WebSite\",\"@id\":\"http:\\\/\\\/www.steffen-frank.de\\\/content\\\/#website\",\"url\":\"http:\\\/\\\/www.steffen-frank.de\\\/content\\\/\",\"name\":\"life, run &amp; cats\",\"description\":\"Steffen Frank - Niederstetten\",\"potentialAction\":[{\"@type\":\"SearchAction\",\"target\":{\"@type\":\"EntryPoint\",\"urlTemplate\":\"http:\\\/\\\/www.steffen-frank.de\\\/content\\\/?s={search_term_string}\"},\"query-input\":{\"@type\":\"PropertyValueSpecification\",\"valueRequired\":true,\"valueName\":\"search_term_string\"}}],\"inLanguage\":\"de\"}]}<\/script>\n<!-- \/ Yoast SEO plugin. -->","yoast_head_json":{"title":"Perserkatze Iditha von Guter Wille - Cattery vom Taubertal","robots":{"index":"index","follow":"follow","max-snippet":"max-snippet:-1","max-image-preview":"max-image-preview:large","max-video-preview":"max-video-preview:-1"},"canonical":"http:\/\/www.steffen-frank.de\/content\/perserkatze-iditha-von-guter-wille\/","og_locale":"de_DE","og_type":"article","og_title":"Perserkatze Iditha von Guter Wille - Cattery vom Taubertal","og_description":"Perserkatze Iditha von Guter Wille Seit Juli 2008 haben wir nun einen kleinen Wirbelwind im Hause. Nichts ist vor der kleinen Katze sicher. Bisher ist zum Gl\u00fcck nur ein Blumentopf zu Bruch gegangen. Iditha haben wir seit ihrer 12. Lebenswoche von einer Z\u00fcchterin aus Berlin. Kaum war die Kleine vier","og_url":"http:\/\/www.steffen-frank.de\/content\/perserkatze-iditha-von-guter-wille\/","og_site_name":"life, run &amp; cats","article_modified_time":"2018-05-24T03:10:28+00:00","og_image":[{"url":"http:\/\/www.steffen-frank.de\/content\/wp-content\/uploads\/2013\/09\/iditha-281x300.jpg","type":"","width":"","height":""}],"twitter_card":"summary_large_image","twitter_misc":{"Gesch\u00e4tzte Lesezeit":"2\u00a0Minuten"},"schema":{"@context":"https:\/\/schema.org","@graph":[{"@type":"WebPage","@id":"http:\/\/www.steffen-frank.de\/content\/perserkatze-iditha-von-guter-wille\/","url":"http:\/\/www.steffen-frank.de\/content\/perserkatze-iditha-von-guter-wille\/","name":"Perserkatze Iditha von Guter Wille - Cattery vom Taubertal","isPartOf":{"@id":"http:\/\/www.steffen-frank.de\/content\/#website"},"primaryImageOfPage":{"@id":"http:\/\/www.steffen-frank.de\/content\/perserkatze-iditha-von-guter-wille\/#primaryimage"},"image":{"@id":"http:\/\/www.steffen-frank.de\/content\/perserkatze-iditha-von-guter-wille\/#primaryimage"},"thumbnailUrl":"http:\/\/www.steffen-frank.de\/content\/wp-content\/uploads\/2013\/09\/iditha-281x300.jpg","datePublished":"2013-09-09T11:34:06+00:00","dateModified":"2018-05-24T03:10:28+00:00","breadcrumb":{"@id":"http:\/\/www.steffen-frank.de\/content\/perserkatze-iditha-von-guter-wille\/#breadcrumb"},"inLanguage":"de","potentialAction":[{"@type":"ReadAction","target":["http:\/\/www.steffen-frank.de\/content\/perserkatze-iditha-von-guter-wille\/"]}]},{"@type":"ImageObject","inLanguage":"de","@id":"http:\/\/www.steffen-frank.de\/content\/perserkatze-iditha-von-guter-wille\/#primaryimage","url":"http:\/\/www.steffen-frank.de\/content\/wp-content\/uploads\/2013\/09\/iditha.jpg","contentUrl":"http:\/\/www.steffen-frank.de\/content\/wp-content\/uploads\/2013\/09\/iditha.jpg","width":300,"height":320,"caption":"Unser Schn\u00e4utzelchen Iditha"},{"@type":"BreadcrumbList","@id":"http:\/\/www.steffen-frank.de\/content\/perserkatze-iditha-von-guter-wille\/#breadcrumb","itemListElement":[{"@type":"ListItem","position":1,"name":"Startseite","item":"http:\/\/www.steffen-frank.de\/content\/"},{"@type":"ListItem","position":2,"name":"Perserkatze Iditha von Guter Wille"}]},{"@type":"WebSite","@id":"http:\/\/www.steffen-frank.de\/content\/#website","url":"http:\/\/www.steffen-frank.de\/content\/","name":"life, run &amp; cats","description":"Steffen Frank - Niederstetten","potentialAction":[{"@type":"SearchAction","target":{"@type":"EntryPoint","urlTemplate":"http:\/\/www.steffen-frank.de\/content\/?s={search_term_string}"},"query-input":{"@type":"PropertyValueSpecification","valueRequired":true,"valueName":"search_term_string"}}],"inLanguage":"de"}]}},"_links":{"self":[{"href":"http:\/\/www.steffen-frank.de\/content\/wp-json\/wp\/v2\/pages\/24","targetHints":{"allow":["GET"]}}],"collection":[{"href":"http:\/\/www.steffen-frank.de\/content\/wp-json\/wp\/v2\/pages"}],"about":[{"href":"http:\/\/www.steffen-frank.de\/content\/wp-json\/wp\/v2\/types\/page"}],"author":[{"embeddable":true,"href":"http:\/\/www.steffen-frank.de\/content\/wp-json\/wp\/v2\/users\/1"}],"replies":[{"embeddable":true,"href":"http:\/\/www.steffen-frank.de\/content\/wp-json\/wp\/v2\/comments?post=24"}],"version-history":[{"count":3,"href":"http:\/\/www.steffen-frank.de\/content\/wp-json\/wp\/v2\/pages\/24\/revisions"}],"predecessor-version":[{"id":230,"href":"http:\/\/www.steffen-frank.de\/content\/wp-json\/wp\/v2\/pages\/24\/revisions\/230"}],"wp:attachment":[{"href":"http:\/\/www.steffen-frank.de\/content\/wp-json\/wp\/v2\/media?parent=24"}],"curies":[{"name":"wp","href":"https:\/\/api.w.org\/{rel}","templated":true}]}}