{"id":22,"date":"2013-09-09T13:33:15","date_gmt":"2013-09-09T11:33:15","guid":{"rendered":"http:\/\/www.steffen-frank.de\/content\/?page_id=22"},"modified":"2018-05-24T05:10:28","modified_gmt":"2018-05-24T03:10:28","slug":"perserkater-jockel-von-guter-wille","status":"publish","type":"page","link":"http:\/\/www.steffen-frank.de\/content\/perserkater-jockel-von-guter-wille\/","title":{"rendered":"Perserkater Jockel von Guter Wille"},"content":{"rendered":"<h1>Perserkater Divdi alias Jockel von Guter Wille<\/h1>\n<p>Seit 15. November 2008 ist nun wieder ein Kater im Hause.<\/p>\n<figure id=\"attachment_219\" aria-describedby=\"caption-attachment-219\" style=\"width: 190px\" class=\"wp-caption alignright\"><a href=\"http:\/\/www.steffen-frank.de\/content\/wp-content\/uploads\/2013\/09\/dividi.jpg\"><img loading=\"lazy\" decoding=\"async\" class=\"size-medium wp-image-219\" alt=\"Perserkater Grand World Champion Jockel von Guter Wille\" src=\"http:\/\/www.steffen-frank.de\/content\/wp-content\/uploads\/2013\/09\/dividi-190x300.jpg\" width=\"190\" height=\"300\" srcset=\"http:\/\/www.steffen-frank.de\/content\/wp-content\/uploads\/2013\/09\/dividi-190x300.jpg 190w, http:\/\/www.steffen-frank.de\/content\/wp-content\/uploads\/2013\/09\/dividi.jpg 300w\" sizes=\"auto, (max-width: 190px) 100vw, 190px\" \/><\/a><figcaption id=\"caption-attachment-219\" class=\"wp-caption-text\">Unser kleiner Dividi &#8211; schon als Kitten war er verschmust und verspielt, was bis heute erhalten blieb. Man kann den Kleinen einfach nicht b\u00f6se sein.<\/figcaption><\/figure>\n<p>Geburtsdatum: 12.08.2008 &#8211; 14.30 Uhr<br \/>\nGeburtsgewicht: 90g<\/p>\n<p>Kaum war er aus der Transportbox gekrabbelt, musste er sich \u00fcber die Spielsachen hermachen.<\/p>\n<p>Er stammt von derselben Z\u00fcchterin aus Berlin wie <a title=\"Iditha von Guter Wille\" href=\"http:\/\/www.steffen-frank.de\/content\/iditha-von-guter-wille\/\">Iditha<\/a>. Allerdings ist er mit Iditha nicht verwandt, so dass es uns offen steht mit den beiden eine eigene Zucht aufzumachen. Auch medizinisch (Blutgruppenuntersuchung etc.) spricht einer Zucht nichts entgegen.<\/p>\n<p>Den Namen Dividi hat er mir zu verdanken. Da er sich mit drei M\u00e4dels das Haus teilen muss, ist er der<br \/>\n_D_epp _V_om _D_ienst &#8230; da aber DVD wahrlich nicht passt, DaVaDa, DoVoDo, DuVuDu sich doof anh\u00f6ren, wurde er zu Dividi &#8211; und er macht seinem Namen alle Ehre \ud83d\ude09<\/p>\n<h2>Katzenausstellungen<\/h2>\n<p>Am 13. und 14.06.2009 war Dividi auf seiner ersten Ausstellung in Barbing. Leider musste er mit seinen 10 Monaten und somit noch nicht ausgewachsen bei den Erwachsenen starten. Noch ein kleines Manko war, dass der Ausstellerverein haupts\u00e4chlich den amerikanischen Typen (ohne Nase) bevorzugt und Dividi mit seiner Nase doch benachteiligt war.<br \/>\nTrotz den Handicaps staubte Dividi am ersten Tag ein &#8222;Vorz\u00fcglich&#8220; und am zweiten Tag ein &#8222;Excellent CAC&#8220; (Certificat d\u00b4 Apitude de Championnat) ab.<\/p>\n<h3>Wie die Zeit doch vergeht<\/h3>\n<p>Mittlerweile ist unser kleiner Dividi benahe ausgewachsen und wie man unschwer auf dem Bild erkennen kann ein richtiger Prachtkater geworden.<\/p>\n<p>Auf einer Tica Austellung in Baden (bei Wien) hat der kleine trotz seiner Nase:<br \/>\n12 x Best of color<br \/>\n2 x 3 rd Best of Division<br \/>\n1 x 3 rd Best of Breed<br \/>\nabger\u00e4umt.<\/p>\n<p>Thomas Anderson\/Allbreed-Richter der Tica aus D\u00e4nemark hat sich zu einem \u201eThis is a really, really good persian\u201c hinrei\u00dfen lassen. W\u00e4re Dividi kein europ\u00e4ischer Typ (mit Nase) sondern ein Perser nach amerikanischen Typ (ohne Nase) h\u00e4tte es locker in ein Finale gereicht. Punkte f\u00fcr den Champion Titel hat er gen\u00fcgend abger\u00e4umt, doch leider werden die europ\u00e4ischen Typen bei der Tica nicht zum Finale zugelassen.<\/p>\n<p>29.11.2009 Frauchen war mit Dividi erneut auf einer Ausstellung und obwohl er hier auch nach<\/p>\n<figure id=\"attachment_218\" aria-describedby=\"caption-attachment-218\" style=\"width: 217px\" class=\"wp-caption alignright\"><a href=\"http:\/\/www.steffen-frank.de\/content\/wp-content\/uploads\/2013\/09\/dividi03.jpg\"><img loading=\"lazy\" decoding=\"async\" class=\"size-medium wp-image-218\" alt=\"Perserkater Grand World Champion Jockel von Guter Wille\" src=\"http:\/\/www.steffen-frank.de\/content\/wp-content\/uploads\/2013\/09\/dividi03-217x300.jpg\" width=\"217\" height=\"300\" srcset=\"http:\/\/www.steffen-frank.de\/content\/wp-content\/uploads\/2013\/09\/dividi03-217x300.jpg 217w, http:\/\/www.steffen-frank.de\/content\/wp-content\/uploads\/2013\/09\/dividi03.jpg 238w\" sizes=\"auto, (max-width: 217px) 100vw, 217px\" \/><\/a><figcaption id=\"caption-attachment-218\" class=\"wp-caption-text\">Dividi auf seiner ersten Ausstellung.<\/figcaption><\/figure>\n<p>den amerikanischen Typendefinition (Plattnasen) gerichtet wurde, hat er zwei CAC abgestaubt und eine Rosette f\u00fcr Vorz\u00fcglich. Somit ist der kleine nun ein <strong>Champion<\/strong> und bekommt den Titel in seinen Stammbaum eingetragen.<\/p>\n<p>12.12.2009 Nur zwei Wochen nachdem Dividi sich den Champion Titel geholt hat, ist er nun <strong>International Champion<\/strong>. Auf einer Ausstellung in Forchheim, wo endlich auch Perser europ\u00e4ischen Typs (mit Nase) separat gewertet wurde, holte er sich schon am ersten Tag den Titel! Wir werden sehen, was am zweiten Tag noch so drin ist.<\/p>\n<p>13.12.2009 Wie schon bef\u00fcrchtet blieb es bei dem International Champion nicht. Am zweiten Tag der Ausstellung wurde unser kleiner Dividi <strong>Europa Champion<\/strong> (Continental Champion). Als n\u00e4chstes stehen der Grand International Champion und der Grand Europa Champion an. Da wird ihm 2010 schon nicht langweilig.<\/p>\n<figure id=\"attachment_217\" aria-describedby=\"caption-attachment-217\" style=\"width: 238px\" class=\"wp-caption alignright\"><a href=\"http:\/\/www.steffen-frank.de\/content\/wp-content\/uploads\/2013\/09\/dividi04.jpg\"><img loading=\"lazy\" decoding=\"async\" class=\"size-full wp-image-217\" alt=\"Perserkater Grand World Champion Jockel von Guter Wille\" src=\"http:\/\/www.steffen-frank.de\/content\/wp-content\/uploads\/2013\/09\/dividi04.jpg\" width=\"238\" height=\"293\" \/><\/a><figcaption id=\"caption-attachment-217\" class=\"wp-caption-text\">Dividi macht auch im Profil was her. Sch\u00f6n zu sehen sein N\u00e4schen.<\/figcaption><\/figure>\n<p>16.01.2010 Dividi ist wieder in Wien auf einer Tica Ausstellung. Wie weiter oben schon geschrieben, bevorzugt die Tica Perser nach amerikanischen Typ (Plattnasen) und Dividi muss mit seiner Nase hier Negativpunkte hinnehmen.<br \/>\nTrotzdem machte der Kleine am 16.01.2010:<br \/>\n7x Best of Color<br \/>\n7x Best of Division und<br \/>\n1x 3rd Best of Breed + eine Rosette<br \/>\nund einen Auslandspunkt nimmt er an diesem Tag auch noch mit, der wichtig ist f\u00fcr den Grand International Champion.<\/p>\n<p>17.01.2010 So, den zweiten Auslandspunkt hat Dividi nun auch. Au\u00dferdem gab\u00b4s noch:<br \/>\n6x Best of Color<br \/>\n6x Best of Division<\/p>\n<p>06.03.2010 Dividi ist <strong>Grand International Champion<\/strong> *muuaahhh* der kleine Schisser der &#8230;<br \/>\nDazu kommt noch eine Nominierung zu &#8222;<strong>Best in Show<\/strong>&#8220; &#8211; aber mit Nase? Ne sch\u00f6ne Medallie gab\u00b4s trotzdem.<br \/>\nHier konnte <a title=\"Schelby Cats Special Fortuna\" href=\"http:\/\/www.steffen-frank.de\/content\/schelby-cats-special-fortuna\/\">Fitzi<\/a> (Schelby Cats Special Fortuna &#8211; ohne Nase) daf\u00fcr abstauben!<\/p>\n<figure id=\"attachment_216\" aria-describedby=\"caption-attachment-216\" style=\"width: 600px\" class=\"wp-caption alignleft\"><a href=\"http:\/\/www.steffen-frank.de\/content\/wp-content\/uploads\/2013\/09\/dividi-taubertal.jpg\"><img loading=\"lazy\" decoding=\"async\" class=\"size-full wp-image-216\" alt=\"Perserkater Grand World Champion Jockel von Guter Wille\" src=\"http:\/\/www.steffen-frank.de\/content\/wp-content\/uploads\/2013\/09\/dividi-taubertal.jpg\" width=\"600\" height=\"402\" srcset=\"http:\/\/www.steffen-frank.de\/content\/wp-content\/uploads\/2013\/09\/dividi-taubertal.jpg 600w, http:\/\/www.steffen-frank.de\/content\/wp-content\/uploads\/2013\/09\/dividi-taubertal-300x201.jpg 300w\" sizes=\"auto, (max-width: 600px) 100vw, 600px\" \/><\/a><figcaption id=\"caption-attachment-216\" class=\"wp-caption-text\">Dividi wirft sich in Pose.<\/figcaption><\/figure>\n<p>07.03.2010 Dividi ist <strong>Grand Europaen Champion<\/strong>. Mehr kann er nicht werden, da er f\u00fcr einen World Champion Titel auf einem anderen Kontinent (Asien, Nord- S\u00fcdamerika oder Australien) gerichtet werden m\u00fcsste.<\/p>\n<p>Juli 2010 Sag niemals &#8222;mehr geht nicht&#8220;. Entgegen meiner Aussage Anfang des Jahres ist unser kleiner Dividi lt. seinem Stammbaum nun <strong>World Champion<\/strong>.<\/p>\n<p>11. Dezember 2010 auf einer Ausstellung in Forchheim erreichte Dividi die ben\u00f6tigten Punkte f\u00fcr die n\u00e4chste Klasse und ist somit <strong>Grand World Champion<\/strong> &#8211; so nun ist aber wirklich schluss, denn mehr kann eine Katze nicht erreichen.<br \/>\nSo nebenbei wurde er auf der Ausstellung <strong>Rassesieger<\/strong> und <strong>Best in Showv IV <\/strong>(alle Rassen).<\/p>\n<p>12. Dezember 2010 Dividi wird <strong>Rassesieger<\/strong> und <strong> Best in Show V <\/strong>. An zwei Tagen eine Klasse aufgestiegen und vier Pokale mitgenommen &#8211; was will man mehr.<\/p>\n<p>Mehr von Jockel von Guter Wille alias Dividi finden Sie auf unserer <a title=\"Cattery Perserkatzen vom Taubertal - Perserkater Grand World Champion Jockel von Guter Wille\" href=\"http:\/\/www.vom-taubertal.de\/blog\/dividi\/\" target=\"_blank\">Catteryseite<\/a>.<\/p>\n","protected":false},"excerpt":{"rendered":"<p>Perserkater Divdi alias Jockel von Guter Wille Seit 15. November 2008 ist nun wieder ein Kater im Hause. Geburtsdatum: 12.08.2008 &#8211; 14.30 Uhr Geburtsgewicht: 90g Kaum war er aus der Transportbox gekrabbelt, musste er sich \u00fcber die Spielsachen hermachen. Er stammt von derselben Z\u00fcchterin aus Berlin wie Iditha. Allerdings ist<\/p>\n","protected":false},"author":1,"featured_media":0,"parent":0,"menu_order":0,"comment_status":"closed","ping_status":"closed","template":"","meta":{"footnotes":""},"class_list":["post-22","page","type-page","status-publish","hentry"],"yoast_head":"<!-- This site is optimized with the Yoast SEO plugin v27.3 - https:\/\/yoast.com\/product\/yoast-seo-wordpress\/ -->\n<title>Perserkater Grand World Champion Jockel von Guter Wille<\/title>\n<meta name=\"description\" content=\"Perserkater Grand World Champion Jockel von Guter Wille legte den Grundstein der kleinen Cattery \/ Katzenzucht Perserkatzen vom Taubertal aus Niederstetten.\" \/>\n<meta name=\"robots\" content=\"index, follow, max-snippet:-1, max-image-preview:large, max-video-preview:-1\" \/>\n<link rel=\"canonical\" href=\"http:\/\/www.steffen-frank.de\/content\/perserkater-jockel-von-guter-wille\/\" \/>\n<meta property=\"og:locale\" content=\"de_DE\" \/>\n<meta property=\"og:type\" content=\"article\" \/>\n<meta property=\"og:title\" content=\"Perserkater Grand World Champion Jockel von Guter Wille\" \/>\n<meta property=\"og:description\" content=\"Perserkater Grand World Champion Jockel von Guter Wille legte den Grundstein der kleinen Cattery \/ Katzenzucht Perserkatzen vom Taubertal aus Niederstetten.\" \/>\n<meta property=\"og:url\" content=\"http:\/\/www.steffen-frank.de\/content\/perserkater-jockel-von-guter-wille\/\" \/>\n<meta property=\"og:site_name\" content=\"life, run &amp; cats\" \/>\n<meta property=\"article:modified_time\" content=\"2018-05-24T03:10:28+00:00\" \/>\n<meta property=\"og:image\" content=\"http:\/\/www.steffen-frank.de\/content\/wp-content\/uploads\/2013\/09\/dividi-190x300.jpg\" \/>\n<meta name=\"twitter:card\" content=\"summary_large_image\" \/>\n<meta name=\"twitter:label1\" content=\"Gesch\u00e4tzte Lesezeit\" \/>\n\t<meta name=\"twitter:data1\" content=\"4\u00a0Minuten\" \/>\n<script type=\"application\/ld+json\" class=\"yoast-schema-graph\">{\"@context\":\"https:\\\/\\\/schema.org\",\"@graph\":[{\"@type\":\"WebPage\",\"@id\":\"http:\\\/\\\/www.steffen-frank.de\\\/content\\\/perserkater-jockel-von-guter-wille\\\/\",\"url\":\"http:\\\/\\\/www.steffen-frank.de\\\/content\\\/perserkater-jockel-von-guter-wille\\\/\",\"name\":\"Perserkater Grand World Champion Jockel von Guter Wille\",\"isPartOf\":{\"@id\":\"http:\\\/\\\/www.steffen-frank.de\\\/content\\\/#website\"},\"primaryImageOfPage\":{\"@id\":\"http:\\\/\\\/www.steffen-frank.de\\\/content\\\/perserkater-jockel-von-guter-wille\\\/#primaryimage\"},\"image\":{\"@id\":\"http:\\\/\\\/www.steffen-frank.de\\\/content\\\/perserkater-jockel-von-guter-wille\\\/#primaryimage\"},\"thumbnailUrl\":\"http:\\\/\\\/www.steffen-frank.de\\\/content\\\/wp-content\\\/uploads\\\/2013\\\/09\\\/dividi-190x300.jpg\",\"datePublished\":\"2013-09-09T11:33:15+00:00\",\"dateModified\":\"2018-05-24T03:10:28+00:00\",\"description\":\"Perserkater Grand World Champion Jockel von Guter Wille legte den Grundstein der kleinen Cattery \\\/ Katzenzucht Perserkatzen vom Taubertal aus Niederstetten.\",\"breadcrumb\":{\"@id\":\"http:\\\/\\\/www.steffen-frank.de\\\/content\\\/perserkater-jockel-von-guter-wille\\\/#breadcrumb\"},\"inLanguage\":\"de\",\"potentialAction\":[{\"@type\":\"ReadAction\",\"target\":[\"http:\\\/\\\/www.steffen-frank.de\\\/content\\\/perserkater-jockel-von-guter-wille\\\/\"]}]},{\"@type\":\"ImageObject\",\"inLanguage\":\"de\",\"@id\":\"http:\\\/\\\/www.steffen-frank.de\\\/content\\\/perserkater-jockel-von-guter-wille\\\/#primaryimage\",\"url\":\"http:\\\/\\\/www.steffen-frank.de\\\/content\\\/wp-content\\\/uploads\\\/2013\\\/09\\\/dividi.jpg\",\"contentUrl\":\"http:\\\/\\\/www.steffen-frank.de\\\/content\\\/wp-content\\\/uploads\\\/2013\\\/09\\\/dividi.jpg\",\"width\":300,\"height\":472,\"caption\":\"Unser kleiner Dividi - schon als Kitten war er verschmust und verspielt, was bis heute erhalten blieb. Man kann den Kleinen einfach nicht b\u00f6se sein.\"},{\"@type\":\"BreadcrumbList\",\"@id\":\"http:\\\/\\\/www.steffen-frank.de\\\/content\\\/perserkater-jockel-von-guter-wille\\\/#breadcrumb\",\"itemListElement\":[{\"@type\":\"ListItem\",\"position\":1,\"name\":\"Startseite\",\"item\":\"http:\\\/\\\/www.steffen-frank.de\\\/content\\\/\"},{\"@type\":\"ListItem\",\"position\":2,\"name\":\"Perserkater Jockel von Guter Wille\"}]},{\"@type\":\"WebSite\",\"@id\":\"http:\\\/\\\/www.steffen-frank.de\\\/content\\\/#website\",\"url\":\"http:\\\/\\\/www.steffen-frank.de\\\/content\\\/\",\"name\":\"life, run &amp; cats\",\"description\":\"Steffen Frank - Niederstetten\",\"potentialAction\":[{\"@type\":\"SearchAction\",\"target\":{\"@type\":\"EntryPoint\",\"urlTemplate\":\"http:\\\/\\\/www.steffen-frank.de\\\/content\\\/?s={search_term_string}\"},\"query-input\":{\"@type\":\"PropertyValueSpecification\",\"valueRequired\":true,\"valueName\":\"search_term_string\"}}],\"inLanguage\":\"de\"}]}<\/script>\n<!-- \/ Yoast SEO plugin. -->","yoast_head_json":{"title":"Perserkater Grand World Champion Jockel von Guter Wille","description":"Perserkater Grand World Champion Jockel von Guter Wille legte den Grundstein der kleinen Cattery \/ Katzenzucht Perserkatzen vom Taubertal aus Niederstetten.","robots":{"index":"index","follow":"follow","max-snippet":"max-snippet:-1","max-image-preview":"max-image-preview:large","max-video-preview":"max-video-preview:-1"},"canonical":"http:\/\/www.steffen-frank.de\/content\/perserkater-jockel-von-guter-wille\/","og_locale":"de_DE","og_type":"article","og_title":"Perserkater Grand World Champion Jockel von Guter Wille","og_description":"Perserkater Grand World Champion Jockel von Guter Wille legte den Grundstein der kleinen Cattery \/ Katzenzucht Perserkatzen vom Taubertal aus Niederstetten.","og_url":"http:\/\/www.steffen-frank.de\/content\/perserkater-jockel-von-guter-wille\/","og_site_name":"life, run &amp; cats","article_modified_time":"2018-05-24T03:10:28+00:00","og_image":[{"url":"http:\/\/www.steffen-frank.de\/content\/wp-content\/uploads\/2013\/09\/dividi-190x300.jpg","type":"","width":"","height":""}],"twitter_card":"summary_large_image","twitter_misc":{"Gesch\u00e4tzte Lesezeit":"4\u00a0Minuten"},"schema":{"@context":"https:\/\/schema.org","@graph":[{"@type":"WebPage","@id":"http:\/\/www.steffen-frank.de\/content\/perserkater-jockel-von-guter-wille\/","url":"http:\/\/www.steffen-frank.de\/content\/perserkater-jockel-von-guter-wille\/","name":"Perserkater Grand World Champion Jockel von Guter Wille","isPartOf":{"@id":"http:\/\/www.steffen-frank.de\/content\/#website"},"primaryImageOfPage":{"@id":"http:\/\/www.steffen-frank.de\/content\/perserkater-jockel-von-guter-wille\/#primaryimage"},"image":{"@id":"http:\/\/www.steffen-frank.de\/content\/perserkater-jockel-von-guter-wille\/#primaryimage"},"thumbnailUrl":"http:\/\/www.steffen-frank.de\/content\/wp-content\/uploads\/2013\/09\/dividi-190x300.jpg","datePublished":"2013-09-09T11:33:15+00:00","dateModified":"2018-05-24T03:10:28+00:00","description":"Perserkater Grand World Champion Jockel von Guter Wille legte den Grundstein der kleinen Cattery \/ Katzenzucht Perserkatzen vom Taubertal aus Niederstetten.","breadcrumb":{"@id":"http:\/\/www.steffen-frank.de\/content\/perserkater-jockel-von-guter-wille\/#breadcrumb"},"inLanguage":"de","potentialAction":[{"@type":"ReadAction","target":["http:\/\/www.steffen-frank.de\/content\/perserkater-jockel-von-guter-wille\/"]}]},{"@type":"ImageObject","inLanguage":"de","@id":"http:\/\/www.steffen-frank.de\/content\/perserkater-jockel-von-guter-wille\/#primaryimage","url":"http:\/\/www.steffen-frank.de\/content\/wp-content\/uploads\/2013\/09\/dividi.jpg","contentUrl":"http:\/\/www.steffen-frank.de\/content\/wp-content\/uploads\/2013\/09\/dividi.jpg","width":300,"height":472,"caption":"Unser kleiner Dividi - schon als Kitten war er verschmust und verspielt, was bis heute erhalten blieb. Man kann den Kleinen einfach nicht b\u00f6se sein."},{"@type":"BreadcrumbList","@id":"http:\/\/www.steffen-frank.de\/content\/perserkater-jockel-von-guter-wille\/#breadcrumb","itemListElement":[{"@type":"ListItem","position":1,"name":"Startseite","item":"http:\/\/www.steffen-frank.de\/content\/"},{"@type":"ListItem","position":2,"name":"Perserkater Jockel von Guter Wille"}]},{"@type":"WebSite","@id":"http:\/\/www.steffen-frank.de\/content\/#website","url":"http:\/\/www.steffen-frank.de\/content\/","name":"life, run &amp; cats","description":"Steffen Frank - Niederstetten","potentialAction":[{"@type":"SearchAction","target":{"@type":"EntryPoint","urlTemplate":"http:\/\/www.steffen-frank.de\/content\/?s={search_term_string}"},"query-input":{"@type":"PropertyValueSpecification","valueRequired":true,"valueName":"search_term_string"}}],"inLanguage":"de"}]}},"_links":{"self":[{"href":"http:\/\/www.steffen-frank.de\/content\/wp-json\/wp\/v2\/pages\/22","targetHints":{"allow":["GET"]}}],"collection":[{"href":"http:\/\/www.steffen-frank.de\/content\/wp-json\/wp\/v2\/pages"}],"about":[{"href":"http:\/\/www.steffen-frank.de\/content\/wp-json\/wp\/v2\/types\/page"}],"author":[{"embeddable":true,"href":"http:\/\/www.steffen-frank.de\/content\/wp-json\/wp\/v2\/users\/1"}],"replies":[{"embeddable":true,"href":"http:\/\/www.steffen-frank.de\/content\/wp-json\/wp\/v2\/comments?post=22"}],"version-history":[{"count":8,"href":"http:\/\/www.steffen-frank.de\/content\/wp-json\/wp\/v2\/pages\/22\/revisions"}],"predecessor-version":[{"id":226,"href":"http:\/\/www.steffen-frank.de\/content\/wp-json\/wp\/v2\/pages\/22\/revisions\/226"}],"wp:attachment":[{"href":"http:\/\/www.steffen-frank.de\/content\/wp-json\/wp\/v2\/media?parent=22"}],"curies":[{"name":"wp","href":"https:\/\/api.w.org\/{rel}","templated":true}]}}