{"id":202,"date":"2013-09-13T09:03:29","date_gmt":"2013-09-13T07:03:29","guid":{"rendered":"http:\/\/www.steffen-frank.de\/content\/?page_id=202"},"modified":"2018-05-24T05:10:27","modified_gmt":"2018-05-24T03:10:27","slug":"g-wurf-cattery-perserkatzen-vom-taubertal","status":"publish","type":"page","link":"http:\/\/www.steffen-frank.de\/content\/g-wurf-cattery-perserkatzen-vom-taubertal\/","title":{"rendered":"G-Wurf Cattery Perserkatzen vom Taubertal"},"content":{"rendered":"<h1>Unser G-Wurf ist da!<\/h1>\n<p>Zwetschke (<a title=\"Perserkatze Angel vom Taubertal\" href=\"http:\/\/www.steffen-frank.de\/content\/perserkatze-angel-vom-taubertal\/\">Angel vom Taubertal<\/a>) brachte in der Nacht vom 31.08. zum 01.09.2013 vier wundersch\u00f6ne Kitten auf die Welt.<\/p>\n<p>Und wie es sich geh\u00f6rt, lies sie sich die ganze Nacht Zeit.<\/p>\n<p><a href=\"http:\/\/www.steffen-frank.de\/content\/wp-content\/uploads\/2013\/09\/20130901_g-wurf-vom-taubertal.jpg\"><img loading=\"lazy\" decoding=\"async\" class=\"alignleft size-full wp-image-331\" alt=\"G-Wuf Cattery vom Taubertal\" src=\"http:\/\/www.steffen-frank.de\/content\/wp-content\/uploads\/2013\/09\/20130901_g-wurf-vom-taubertal.jpg\" width=\"800\" height=\"544\" srcset=\"http:\/\/www.steffen-frank.de\/content\/wp-content\/uploads\/2013\/09\/20130901_g-wurf-vom-taubertal.jpg 800w, http:\/\/www.steffen-frank.de\/content\/wp-content\/uploads\/2013\/09\/20130901_g-wurf-vom-taubertal-300x204.jpg 300w, http:\/\/www.steffen-frank.de\/content\/wp-content\/uploads\/2013\/09\/20130901_g-wurf-vom-taubertal-624x424.jpg 624w\" sizes=\"auto, (max-width: 800px) 100vw, 800px\" \/><\/a><\/p>\n<p>Der Papa <a title=\"Perserkater Principa-Avalon\" href=\"http:\/\/www.vom-taubertal.de\/blog\/wp-content\/uploads\/2013\/08\/Principal-Avalon.jpg\" target=\"_blank\">Principal-Avalon<\/a> stammt aus Berlin. Mehr zu der &#8222;Romanze&#8220; in Berlin findet man in auf der Webseite <a title=\"Webseite Cattery Perserkatzen vom Taubertal Beicht Liebesromanze in Berlin\" href=\"http:\/\/www.vom-taubertal.de\/blog\/liebesromanze-in-berlin\/\" target=\"_blank\">www.vom-taubertal.de<\/a>.<\/p>\n<p>So, wen h\u00e4tten wir denn da so alles:<\/p>\n<h2>Glamour Girl vom Taubertal<\/h2>\n<p>Glamour Girl vom Taubertal, ein wundersch\u00f6nes dreifarbiges M\u00e4dchen, erblickte am 01.09.2013 um 03:50 Uhr mit einem Startgewicht von 92gr. das Licht der Welt.<\/p>\n<figure id=\"attachment_334\" aria-describedby=\"caption-attachment-334\" style=\"width: 800px\" class=\"wp-caption alignleft\"><a href=\"http:\/\/www.steffen-frank.de\/content\/wp-content\/uploads\/2013\/09\/glamourgirl.png\"><img loading=\"lazy\" decoding=\"async\" class=\"size-full wp-image-334\" alt=\"Perserkatze Glamour Girl vom Taubertal\" src=\"http:\/\/www.steffen-frank.de\/content\/wp-content\/uploads\/2013\/09\/glamourgirl.png\" width=\"800\" height=\"533\" srcset=\"http:\/\/www.steffen-frank.de\/content\/wp-content\/uploads\/2013\/09\/glamourgirl.png 800w, http:\/\/www.steffen-frank.de\/content\/wp-content\/uploads\/2013\/09\/glamourgirl-300x199.png 300w, http:\/\/www.steffen-frank.de\/content\/wp-content\/uploads\/2013\/09\/glamourgirl-624x415.png 624w\" sizes=\"auto, (max-width: 800px) 100vw, 800px\" \/><\/a><figcaption id=\"caption-attachment-334\" class=\"wp-caption-text\">&#8222;Perlen passen zu meinen Namen!&#8220;<\/figcaption><\/figure>\n<h2>Lady Gaga vom Taubertal<\/h2>\n<p>Gefolgt von einem schwarz-wei\u00dfen M\u00e4dchen Lady Gaga vom Taubertal die gegen 04:04 Uhr auf die Welt kam und mit 98gr. durchstartete.<\/p>\n<figure id=\"attachment_337\" aria-describedby=\"caption-attachment-337\" style=\"width: 800px\" class=\"wp-caption alignleft\"><a href=\"http:\/\/www.steffen-frank.de\/content\/wp-content\/uploads\/2013\/09\/ladygaga.png\"><img loading=\"lazy\" decoding=\"async\" class=\"size-full wp-image-337\" alt=\"Perserkatze Lady Gaga vom Taubertal\" src=\"http:\/\/www.steffen-frank.de\/content\/wp-content\/uploads\/2013\/09\/ladygaga.png\" width=\"800\" height=\"533\" srcset=\"http:\/\/www.steffen-frank.de\/content\/wp-content\/uploads\/2013\/09\/ladygaga.png 800w, http:\/\/www.steffen-frank.de\/content\/wp-content\/uploads\/2013\/09\/ladygaga-300x199.png 300w, http:\/\/www.steffen-frank.de\/content\/wp-content\/uploads\/2013\/09\/ladygaga-624x415.png 624w\" sizes=\"auto, (max-width: 800px) 100vw, 800px\" \/><\/a><figcaption id=\"caption-attachment-337\" class=\"wp-caption-text\">&#8222;Ja &#8211; da geht noch was rein&#8220;<\/figcaption><\/figure>\n<h2>Greatest Love vom Taubertal<\/h2>\n<p>Nach zwei M\u00e4dels war es Zeit f\u00fcr einen Buben! 04:46 Uhr kam Greatest Love vom Taubertal &#8211; ebenfalls schwarz-wei\u00df &#8211; mit einem ordentlichen Gewicht von 103gr. auf die Welt.<\/p>\n<figure id=\"attachment_335\" aria-describedby=\"caption-attachment-335\" style=\"width: 800px\" class=\"wp-caption alignleft\"><a href=\"http:\/\/www.steffen-frank.de\/content\/wp-content\/uploads\/2013\/09\/greatestlove.png\"><img loading=\"lazy\" decoding=\"async\" class=\"size-full wp-image-335\" alt=\"Perserkater Greatest Love vom Taubertal\" src=\"http:\/\/www.steffen-frank.de\/content\/wp-content\/uploads\/2013\/09\/greatestlove.png\" width=\"800\" height=\"533\" srcset=\"http:\/\/www.steffen-frank.de\/content\/wp-content\/uploads\/2013\/09\/greatestlove.png 800w, http:\/\/www.steffen-frank.de\/content\/wp-content\/uploads\/2013\/09\/greatestlove-300x199.png 300w, http:\/\/www.steffen-frank.de\/content\/wp-content\/uploads\/2013\/09\/greatestlove-624x415.png 624w\" sizes=\"auto, (max-width: 800px) 100vw, 800px\" \/><\/a><figcaption id=\"caption-attachment-335\" class=\"wp-caption-text\">&#8222;Perlen? Ich bin ein Kater &#8211; ich muss hier raus!&#8220;<\/figcaption><\/figure>\n<h2>Sweet Gwendoline vom Taubertal<\/h2>\n<p>92gr., 98gr., 103gr. &#8230; &#8222;da leg ich noch was drauf&#8220; dachte sich Zwetschke und legte um 05:27 Uhr mit der komplett schwarzen Sweet Gwendoline und 117gr. nach. Wieso Zwetschke diese Reihenfolge w\u00e4hlte, wird wohl ihr Geheimnis bleiben &#8211; ich h\u00e4tte mit dem Schwersten angefangen \ud83d\ude09<\/p>\n<figure id=\"attachment_336\" aria-describedby=\"caption-attachment-336\" style=\"width: 800px\" class=\"wp-caption alignleft\"><a href=\"http:\/\/www.steffen-frank.de\/content\/wp-content\/uploads\/2013\/09\/gwenny.png\"><img loading=\"lazy\" decoding=\"async\" class=\"size-full wp-image-336\" alt=\"Perserkatze Sweet Gwendoline vom Taubertal\" src=\"http:\/\/www.steffen-frank.de\/content\/wp-content\/uploads\/2013\/09\/gwenny.png\" width=\"800\" height=\"533\" srcset=\"http:\/\/www.steffen-frank.de\/content\/wp-content\/uploads\/2013\/09\/gwenny.png 800w, http:\/\/www.steffen-frank.de\/content\/wp-content\/uploads\/2013\/09\/gwenny-300x199.png 300w, http:\/\/www.steffen-frank.de\/content\/wp-content\/uploads\/2013\/09\/gwenny-624x415.png 624w\" sizes=\"auto, (max-width: 800px) 100vw, 800px\" \/><\/a><figcaption id=\"caption-attachment-336\" class=\"wp-caption-text\">&#8222;Gleich bin ich voll&#8220;<\/figcaption><\/figure>\n<p>Mehr \u00fcber unseren G-Wurf finden Sie auf unserer Cattery Webseite <a title=\"G-Wurf Cattery Perserkatzen vom Taubertal\" href=\"http:\/\/www.vom-taubertal.de\/blog\/g-wurf\/\" target=\"_blank\">www.vom-taubertal.de<\/a><\/p>\n","protected":false},"excerpt":{"rendered":"<p>Unser G-Wurf ist da! Zwetschke (Angel vom Taubertal) brachte in der Nacht vom 31.08. zum 01.09.2013 vier wundersch\u00f6ne Kitten auf die Welt. Und wie es sich geh\u00f6rt, lies sie sich die ganze Nacht Zeit. Der Papa Principal-Avalon stammt aus Berlin. Mehr zu der &#8222;Romanze&#8220; in Berlin findet man in auf<\/p>\n","protected":false},"author":1,"featured_media":0,"parent":0,"menu_order":0,"comment_status":"closed","ping_status":"open","template":"","meta":{"footnotes":""},"class_list":["post-202","page","type-page","status-publish","hentry"],"yoast_head":"<!-- This site is optimized with the Yoast SEO plugin v27.3 - https:\/\/yoast.com\/product\/yoast-seo-wordpress\/ -->\n<title>G-Wurf Cattery Perserkatzen vom Taubertal<\/title>\n<meta name=\"description\" content=\"Perserkatze Grand World Champion Angel vom Taubertal und Perserkater Principal-Avalon schenken der Cattery Perserkatzen vom Taubertal einen G-Wurf!\" \/>\n<meta name=\"robots\" content=\"index, follow, max-snippet:-1, max-image-preview:large, max-video-preview:-1\" \/>\n<link rel=\"canonical\" href=\"http:\/\/www.steffen-frank.de\/content\/g-wurf-cattery-perserkatzen-vom-taubertal\/\" \/>\n<meta property=\"og:locale\" content=\"de_DE\" \/>\n<meta property=\"og:type\" content=\"article\" \/>\n<meta property=\"og:title\" content=\"G-Wurf Cattery Perserkatzen vom Taubertal\" \/>\n<meta property=\"og:description\" content=\"Perserkatze Grand World Champion Angel vom Taubertal und Perserkater Principal-Avalon schenken der Cattery Perserkatzen vom Taubertal einen G-Wurf!\" \/>\n<meta property=\"og:url\" content=\"http:\/\/www.steffen-frank.de\/content\/g-wurf-cattery-perserkatzen-vom-taubertal\/\" \/>\n<meta property=\"og:site_name\" content=\"life, run &amp; cats\" \/>\n<meta property=\"article:modified_time\" content=\"2018-05-24T03:10:27+00:00\" \/>\n<meta property=\"og:image\" content=\"http:\/\/www.steffen-frank.de\/content\/wp-content\/uploads\/2013\/09\/20130901_g-wurf-vom-taubertal.jpg\" \/>\n<meta name=\"twitter:card\" content=\"summary_large_image\" \/>\n<meta name=\"twitter:label1\" content=\"Gesch\u00e4tzte Lesezeit\" \/>\n\t<meta name=\"twitter:data1\" content=\"1\u00a0Minute\" \/>\n<script type=\"application\/ld+json\" class=\"yoast-schema-graph\">{\"@context\":\"https:\\\/\\\/schema.org\",\"@graph\":[{\"@type\":\"WebPage\",\"@id\":\"http:\\\/\\\/www.steffen-frank.de\\\/content\\\/g-wurf-cattery-perserkatzen-vom-taubertal\\\/\",\"url\":\"http:\\\/\\\/www.steffen-frank.de\\\/content\\\/g-wurf-cattery-perserkatzen-vom-taubertal\\\/\",\"name\":\"G-Wurf Cattery Perserkatzen vom Taubertal\",\"isPartOf\":{\"@id\":\"http:\\\/\\\/www.steffen-frank.de\\\/content\\\/#website\"},\"primaryImageOfPage\":{\"@id\":\"http:\\\/\\\/www.steffen-frank.de\\\/content\\\/g-wurf-cattery-perserkatzen-vom-taubertal\\\/#primaryimage\"},\"image\":{\"@id\":\"http:\\\/\\\/www.steffen-frank.de\\\/content\\\/g-wurf-cattery-perserkatzen-vom-taubertal\\\/#primaryimage\"},\"thumbnailUrl\":\"http:\\\/\\\/www.steffen-frank.de\\\/content\\\/wp-content\\\/uploads\\\/2013\\\/09\\\/20130901_g-wurf-vom-taubertal.jpg\",\"datePublished\":\"2013-09-13T07:03:29+00:00\",\"dateModified\":\"2018-05-24T03:10:27+00:00\",\"description\":\"Perserkatze Grand World Champion Angel vom Taubertal und Perserkater Principal-Avalon schenken der Cattery Perserkatzen vom Taubertal einen G-Wurf!\",\"breadcrumb\":{\"@id\":\"http:\\\/\\\/www.steffen-frank.de\\\/content\\\/g-wurf-cattery-perserkatzen-vom-taubertal\\\/#breadcrumb\"},\"inLanguage\":\"de\",\"potentialAction\":[{\"@type\":\"ReadAction\",\"target\":[\"http:\\\/\\\/www.steffen-frank.de\\\/content\\\/g-wurf-cattery-perserkatzen-vom-taubertal\\\/\"]}]},{\"@type\":\"ImageObject\",\"inLanguage\":\"de\",\"@id\":\"http:\\\/\\\/www.steffen-frank.de\\\/content\\\/g-wurf-cattery-perserkatzen-vom-taubertal\\\/#primaryimage\",\"url\":\"http:\\\/\\\/www.steffen-frank.de\\\/content\\\/wp-content\\\/uploads\\\/2013\\\/09\\\/20130901_g-wurf-vom-taubertal.jpg\",\"contentUrl\":\"http:\\\/\\\/www.steffen-frank.de\\\/content\\\/wp-content\\\/uploads\\\/2013\\\/09\\\/20130901_g-wurf-vom-taubertal.jpg\",\"width\":800,\"height\":544,\"caption\":\"G-Wuf Cattery vom Taubertal\"},{\"@type\":\"BreadcrumbList\",\"@id\":\"http:\\\/\\\/www.steffen-frank.de\\\/content\\\/g-wurf-cattery-perserkatzen-vom-taubertal\\\/#breadcrumb\",\"itemListElement\":[{\"@type\":\"ListItem\",\"position\":1,\"name\":\"Startseite\",\"item\":\"http:\\\/\\\/www.steffen-frank.de\\\/content\\\/\"},{\"@type\":\"ListItem\",\"position\":2,\"name\":\"G-Wurf Cattery Perserkatzen vom Taubertal\"}]},{\"@type\":\"WebSite\",\"@id\":\"http:\\\/\\\/www.steffen-frank.de\\\/content\\\/#website\",\"url\":\"http:\\\/\\\/www.steffen-frank.de\\\/content\\\/\",\"name\":\"life, run &amp; cats\",\"description\":\"Steffen Frank - Niederstetten\",\"potentialAction\":[{\"@type\":\"SearchAction\",\"target\":{\"@type\":\"EntryPoint\",\"urlTemplate\":\"http:\\\/\\\/www.steffen-frank.de\\\/content\\\/?s={search_term_string}\"},\"query-input\":{\"@type\":\"PropertyValueSpecification\",\"valueRequired\":true,\"valueName\":\"search_term_string\"}}],\"inLanguage\":\"de\"}]}<\/script>\n<!-- \/ Yoast SEO plugin. -->","yoast_head_json":{"title":"G-Wurf Cattery Perserkatzen vom Taubertal","description":"Perserkatze Grand World Champion Angel vom Taubertal und Perserkater Principal-Avalon schenken der Cattery Perserkatzen vom Taubertal einen G-Wurf!","robots":{"index":"index","follow":"follow","max-snippet":"max-snippet:-1","max-image-preview":"max-image-preview:large","max-video-preview":"max-video-preview:-1"},"canonical":"http:\/\/www.steffen-frank.de\/content\/g-wurf-cattery-perserkatzen-vom-taubertal\/","og_locale":"de_DE","og_type":"article","og_title":"G-Wurf Cattery Perserkatzen vom Taubertal","og_description":"Perserkatze Grand World Champion Angel vom Taubertal und Perserkater Principal-Avalon schenken der Cattery Perserkatzen vom Taubertal einen G-Wurf!","og_url":"http:\/\/www.steffen-frank.de\/content\/g-wurf-cattery-perserkatzen-vom-taubertal\/","og_site_name":"life, run &amp; cats","article_modified_time":"2018-05-24T03:10:27+00:00","og_image":[{"url":"http:\/\/www.steffen-frank.de\/content\/wp-content\/uploads\/2013\/09\/20130901_g-wurf-vom-taubertal.jpg","type":"","width":"","height":""}],"twitter_card":"summary_large_image","twitter_misc":{"Gesch\u00e4tzte Lesezeit":"1\u00a0Minute"},"schema":{"@context":"https:\/\/schema.org","@graph":[{"@type":"WebPage","@id":"http:\/\/www.steffen-frank.de\/content\/g-wurf-cattery-perserkatzen-vom-taubertal\/","url":"http:\/\/www.steffen-frank.de\/content\/g-wurf-cattery-perserkatzen-vom-taubertal\/","name":"G-Wurf Cattery Perserkatzen vom Taubertal","isPartOf":{"@id":"http:\/\/www.steffen-frank.de\/content\/#website"},"primaryImageOfPage":{"@id":"http:\/\/www.steffen-frank.de\/content\/g-wurf-cattery-perserkatzen-vom-taubertal\/#primaryimage"},"image":{"@id":"http:\/\/www.steffen-frank.de\/content\/g-wurf-cattery-perserkatzen-vom-taubertal\/#primaryimage"},"thumbnailUrl":"http:\/\/www.steffen-frank.de\/content\/wp-content\/uploads\/2013\/09\/20130901_g-wurf-vom-taubertal.jpg","datePublished":"2013-09-13T07:03:29+00:00","dateModified":"2018-05-24T03:10:27+00:00","description":"Perserkatze Grand World Champion Angel vom Taubertal und Perserkater Principal-Avalon schenken der Cattery Perserkatzen vom Taubertal einen G-Wurf!","breadcrumb":{"@id":"http:\/\/www.steffen-frank.de\/content\/g-wurf-cattery-perserkatzen-vom-taubertal\/#breadcrumb"},"inLanguage":"de","potentialAction":[{"@type":"ReadAction","target":["http:\/\/www.steffen-frank.de\/content\/g-wurf-cattery-perserkatzen-vom-taubertal\/"]}]},{"@type":"ImageObject","inLanguage":"de","@id":"http:\/\/www.steffen-frank.de\/content\/g-wurf-cattery-perserkatzen-vom-taubertal\/#primaryimage","url":"http:\/\/www.steffen-frank.de\/content\/wp-content\/uploads\/2013\/09\/20130901_g-wurf-vom-taubertal.jpg","contentUrl":"http:\/\/www.steffen-frank.de\/content\/wp-content\/uploads\/2013\/09\/20130901_g-wurf-vom-taubertal.jpg","width":800,"height":544,"caption":"G-Wuf Cattery vom Taubertal"},{"@type":"BreadcrumbList","@id":"http:\/\/www.steffen-frank.de\/content\/g-wurf-cattery-perserkatzen-vom-taubertal\/#breadcrumb","itemListElement":[{"@type":"ListItem","position":1,"name":"Startseite","item":"http:\/\/www.steffen-frank.de\/content\/"},{"@type":"ListItem","position":2,"name":"G-Wurf Cattery Perserkatzen vom Taubertal"}]},{"@type":"WebSite","@id":"http:\/\/www.steffen-frank.de\/content\/#website","url":"http:\/\/www.steffen-frank.de\/content\/","name":"life, run &amp; cats","description":"Steffen Frank - Niederstetten","potentialAction":[{"@type":"SearchAction","target":{"@type":"EntryPoint","urlTemplate":"http:\/\/www.steffen-frank.de\/content\/?s={search_term_string}"},"query-input":{"@type":"PropertyValueSpecification","valueRequired":true,"valueName":"search_term_string"}}],"inLanguage":"de"}]}},"_links":{"self":[{"href":"http:\/\/www.steffen-frank.de\/content\/wp-json\/wp\/v2\/pages\/202","targetHints":{"allow":["GET"]}}],"collection":[{"href":"http:\/\/www.steffen-frank.de\/content\/wp-json\/wp\/v2\/pages"}],"about":[{"href":"http:\/\/www.steffen-frank.de\/content\/wp-json\/wp\/v2\/types\/page"}],"author":[{"embeddable":true,"href":"http:\/\/www.steffen-frank.de\/content\/wp-json\/wp\/v2\/users\/1"}],"replies":[{"embeddable":true,"href":"http:\/\/www.steffen-frank.de\/content\/wp-json\/wp\/v2\/comments?post=202"}],"version-history":[{"count":4,"href":"http:\/\/www.steffen-frank.de\/content\/wp-json\/wp\/v2\/pages\/202\/revisions"}],"predecessor-version":[{"id":338,"href":"http:\/\/www.steffen-frank.de\/content\/wp-json\/wp\/v2\/pages\/202\/revisions\/338"}],"wp:attachment":[{"href":"http:\/\/www.steffen-frank.de\/content\/wp-json\/wp\/v2\/media?parent=202"}],"curies":[{"name":"wp","href":"https:\/\/api.w.org\/{rel}","templated":true}]}}