{"id":189,"date":"2013-09-13T08:23:28","date_gmt":"2013-09-13T06:23:28","guid":{"rendered":"http:\/\/www.steffen-frank.de\/content\/?page_id=189"},"modified":"2018-05-24T05:10:27","modified_gmt":"2018-05-24T03:10:27","slug":"c-wurf-perserkatzen-vom-taubertal","status":"publish","type":"page","link":"http:\/\/www.steffen-frank.de\/content\/c-wurf-perserkatzen-vom-taubertal\/","title":{"rendered":"C-Wurf Perserkatzen vom Taubertal"},"content":{"rendered":"<h1>Unser C-Wurf ist da!<\/h1>\n<p>16.08.2011 17:45 Uhr ich komme von der Arbeit heim und suche als erstes unsere Fitzi (<a title=\"Perserkatze Schelby Cats Special Fortuna\" href=\"http:\/\/www.steffen-frank.de\/content\/perserkatze-schelby-cats-special-fortuna\/\">Schelby Cats Special Fortuna<\/a>) die heute im 67 Tag ist und finde sie in der Wurfbox die Fruchtblase bereits geplatzt und Andrea ist noch unterwegs von der Arbeit *seufz*. Fitzi ist ganz cool und ich brech in Panik aus ^^ Waage suchen, Desinfektionsmittel besorgen, Handtuch, Papiert\u00fccher und was man sonst so braucht. Kaum komm ich vom Umziehen und Organisieren um 17:50 Uhr zur\u00fcck, liegt bereits das erste Kitten in der Wurfbox \ud83d\ude42<\/p>\n<figure id=\"attachment_303\" aria-describedby=\"caption-attachment-303\" style=\"width: 600px\" class=\"wp-caption alignleft\"><a href=\"http:\/\/www.steffen-frank.de\/content\/wp-content\/uploads\/2013\/09\/20110818_c-wurf-vom-taubertal.jpg\"><img loading=\"lazy\" decoding=\"async\" class=\"size-full wp-image-303\" alt=\"C-Wurf Perserkatzen vom Taubertal\" src=\"http:\/\/www.steffen-frank.de\/content\/wp-content\/uploads\/2013\/09\/20110818_c-wurf-vom-taubertal.jpg\" width=\"600\" height=\"572\" srcset=\"http:\/\/www.steffen-frank.de\/content\/wp-content\/uploads\/2013\/09\/20110818_c-wurf-vom-taubertal.jpg 600w, http:\/\/www.steffen-frank.de\/content\/wp-content\/uploads\/2013\/09\/20110818_c-wurf-vom-taubertal-300x286.jpg 300w\" sizes=\"auto, (max-width: 600px) 100vw, 600px\" \/><\/a><figcaption id=\"caption-attachment-303\" class=\"wp-caption-text\">C-Wurf Perserkatzen vom Taubertal<\/figcaption><\/figure>\n<p>Fitzi ist cool drauf, Kitten ist cool drauf, Dividi &#8211; <a title=\"Perserkater Jockel von Guter Wille\" href=\"http:\/\/www.steffen-frank.de\/content\/perserkater-jockel-von-guter-wille\/\">Jocke von Guter Wille<\/a> &#8211; als Vater sowieso &#8211; der Einzigste, der kurz vom Kollaps steht bin ich ^^<\/p>\n<h2>Carlos Santan vom Taubertal<\/h2>\n<p>Ein rot-wei\u00dfer Kater der den Namen Carlos Santana vom Taubertal tragen wird und Andrea ist von der Arbeit nicht daheim.<\/p>\n<figure id=\"attachment_301\" aria-describedby=\"caption-attachment-301\" style=\"width: 600px\" class=\"wp-caption alignleft\"><a href=\"http:\/\/www.steffen-frank.de\/content\/wp-content\/uploads\/2013\/09\/20110827_carlos-santanta-vom-tauberal.jpg\"><img loading=\"lazy\" decoding=\"async\" class=\"size-full wp-image-301\" alt=\"Perserkater Carlos Santana vom Taubertal\" src=\"http:\/\/www.steffen-frank.de\/content\/wp-content\/uploads\/2013\/09\/20110827_carlos-santanta-vom-tauberal.jpg\" width=\"600\" height=\"450\" srcset=\"http:\/\/www.steffen-frank.de\/content\/wp-content\/uploads\/2013\/09\/20110827_carlos-santanta-vom-tauberal.jpg 600w, http:\/\/www.steffen-frank.de\/content\/wp-content\/uploads\/2013\/09\/20110827_carlos-santanta-vom-tauberal-300x225.jpg 300w\" sizes=\"auto, (max-width: 600px) 100vw, 600px\" \/><\/a><figcaption id=\"caption-attachment-301\" class=\"wp-caption-text\">Willkommen auf der Erde kleiner Carlos Santan<\/figcaption><\/figure>\n<p>Okay, den Kleinen raus genommen und gewogen 112gr. Mittlerweile presst Fitzi schon wieder.<\/p>\n<h2>Carla Bruni vom Taubertal<\/h2>\n<p>18:01 Uhr erblickt ein rot-wei\u00dfes M\u00e4dchen das Licht der Welt. Mit einem Geburtsgewicht von 101gr. etwas leichter als ihr Br\u00fcderchen.<\/p>\n<figure id=\"attachment_298\" aria-describedby=\"caption-attachment-298\" style=\"width: 600px\" class=\"wp-caption alignleft\"><a href=\"http:\/\/www.steffen-frank.de\/content\/wp-content\/uploads\/2013\/09\/20110827_carla-bruni-vom-taubertal.jpg\"><img loading=\"lazy\" decoding=\"async\" class=\"size-full wp-image-298\" alt=\"Perserkatze Carla Bruni vom Taubertal\" src=\"http:\/\/www.steffen-frank.de\/content\/wp-content\/uploads\/2013\/09\/20110827_carla-bruni-vom-taubertal.jpg\" width=\"600\" height=\"466\" srcset=\"http:\/\/www.steffen-frank.de\/content\/wp-content\/uploads\/2013\/09\/20110827_carla-bruni-vom-taubertal.jpg 600w, http:\/\/www.steffen-frank.de\/content\/wp-content\/uploads\/2013\/09\/20110827_carla-bruni-vom-taubertal-300x233.jpg 300w\" sizes=\"auto, (max-width: 600px) 100vw, 600px\" \/><\/a><figcaption id=\"caption-attachment-298\" class=\"wp-caption-text\">Willkommen auf der Erde kleine Carla.<\/figcaption><\/figure>\n<p>Sie wird den klangvollen Namen Carla Bruni vom Taubertal h\u00f6ren &#8230; und Andrea ist noch immer nicht da ^^<\/p>\n<h2>Coco Chanel vom Taubertal<\/h2>\n<p>Gegen 18:25 Uhr kommt Andrea endlich heim &#8230; und keine 5 Minuten sp\u00e4ter gegen 18:30 Uhr kommt ein dreifarbiges M\u00e4dchen mit 105gr. auf die Welt.<\/p>\n<figure id=\"attachment_300\" aria-describedby=\"caption-attachment-300\" style=\"width: 600px\" class=\"wp-caption alignleft\"><a href=\"http:\/\/www.steffen-frank.de\/content\/wp-content\/uploads\/2013\/09\/20110827_coco-chanel-vom-taubertal.jpg\"><img loading=\"lazy\" decoding=\"async\" class=\"size-full wp-image-300\" alt=\"Perserkatze Coco Channel vom Taubertal\" src=\"http:\/\/www.steffen-frank.de\/content\/wp-content\/uploads\/2013\/09\/20110827_coco-chanel-vom-taubertal.jpg\" width=\"600\" height=\"450\" srcset=\"http:\/\/www.steffen-frank.de\/content\/wp-content\/uploads\/2013\/09\/20110827_coco-chanel-vom-taubertal.jpg 600w, http:\/\/www.steffen-frank.de\/content\/wp-content\/uploads\/2013\/09\/20110827_coco-chanel-vom-taubertal-300x225.jpg 300w\" sizes=\"auto, (max-width: 600px) 100vw, 600px\" \/><\/a><figcaption id=\"caption-attachment-300\" class=\"wp-caption-text\">Willkommen kleine Coco Channel!<\/figcaption><\/figure>\n<p>Willkommen auf der Welt Coco Chanel vom Taubertal!<\/p>\n<h2>Trauer um Carmen Electra vom Taubertal<\/h2>\n<p>20:10 Uhr das vierte Kitten, eine wundersch\u00f6ne Dreifarbige, hat es trotz Reanimationsversuche leider nicht geschaft \ud83d\ude41 Carmen Electra vom Taubertal w\u00e4re ihr Name gewesen.<\/p>\n<h2>Carlo Colucci vom Taubertal<\/h2>\n<p>20:37 Uhr ein rot-wei\u00dfer Kater mit dem klangvollen Namen Carlo Colucci vom Taubertal erblickt mit 90gr. das Licht der Welt! Zuerst dachten wir es sei ein M\u00e4dchen und f\u00fcr wenige Tage trug er den Namen Cindy Crawford; nach dem ersten Tierarzt Ceckup stellte sich aber heraus, dass er ein Bub ist. Wie das Leben so spielt &#8230; der Tierarzt musste seine Aussage zur\u00fcck nehmen und wir haben doch eine Cindy Crawford. Hier sieht man aber, dass die Geschlechtsbestimmung bei so kleine Lebenwesen gar nicht so einfach ist.<\/p>\n<figure id=\"attachment_299\" aria-describedby=\"caption-attachment-299\" style=\"width: 600px\" class=\"wp-caption alignleft\"><a href=\"http:\/\/www.steffen-frank.de\/content\/wp-content\/uploads\/2013\/09\/20110827_carlo-colucci-vom-taubertal.jpg\"><img loading=\"lazy\" decoding=\"async\" class=\"size-full wp-image-299\" alt=\"Perserkater Carlos Colucci vom Taubertal\" src=\"http:\/\/www.steffen-frank.de\/content\/wp-content\/uploads\/2013\/09\/20110827_carlo-colucci-vom-taubertal.jpg\" width=\"600\" height=\"450\" srcset=\"http:\/\/www.steffen-frank.de\/content\/wp-content\/uploads\/2013\/09\/20110827_carlo-colucci-vom-taubertal.jpg 600w, http:\/\/www.steffen-frank.de\/content\/wp-content\/uploads\/2013\/09\/20110827_carlo-colucci-vom-taubertal-300x225.jpg 300w\" sizes=\"auto, (max-width: 600px) 100vw, 600px\" \/><\/a><figcaption id=\"caption-attachment-299\" class=\"wp-caption-text\">Willkommen auf der Erde kleiner Carlos!<\/figcaption><\/figure>\n<p>So, das d\u00fcrfte es gewesen sein. Dividi hat seine rot-wei\u00dfen Gene einmal wieder voll durchschlagen lassen. Schade, dass es das vierte Kitten nicht geschafft hat \ud83d\ude41<\/p>\n<figure id=\"attachment_304\" aria-describedby=\"caption-attachment-304\" style=\"width: 600px\" class=\"wp-caption alignleft\"><a href=\"http:\/\/www.steffen-frank.de\/content\/wp-content\/uploads\/2013\/09\/20111101_carlos_coco_vom_taubertal.jpg\"><img loading=\"lazy\" decoding=\"async\" class=\"size-full wp-image-304\" alt=\"Dreamteam vom Taubertal\" src=\"http:\/\/www.steffen-frank.de\/content\/wp-content\/uploads\/2013\/09\/20111101_carlos_coco_vom_taubertal.jpg\" width=\"600\" height=\"397\" srcset=\"http:\/\/www.steffen-frank.de\/content\/wp-content\/uploads\/2013\/09\/20111101_carlos_coco_vom_taubertal.jpg 600w, http:\/\/www.steffen-frank.de\/content\/wp-content\/uploads\/2013\/09\/20111101_carlos_coco_vom_taubertal-300x198.jpg 300w\" sizes=\"auto, (max-width: 600px) 100vw, 600px\" \/><\/a><figcaption id=\"caption-attachment-304\" class=\"wp-caption-text\">Dreamteam vom Taubertal<\/figcaption><\/figure>\n<p>&nbsp;<\/p>\n<p>&nbsp;<\/p>\n<p>Im <a title=\"Bilder C-Wurf Perserkatzen vom Taubertal\" href=\"http:\/\/pic.steffen-frank.de\/c-wurf\/\" target=\"_blank\">Fotoalbum<\/a> unseres C-Wurfs finden Sie noch mehr Bilder.<\/p>\n<p>Mehr von unserem C-Wurf finden Sie auf der Cattery-Webseite <a title=\"Cattery Perserkatzen vom Taubertal - Unser C-Wurf\" href=\"http:\/\/www.vom-taubertal.de\/blog\/c-wurf\/\" target=\"_blank\">www.vom-taubertal.de<\/a><\/p>\n","protected":false},"excerpt":{"rendered":"<p>Unser C-Wurf ist da! 16.08.2011 17:45 Uhr ich komme von der Arbeit heim und suche als erstes unsere Fitzi (Schelby Cats Special Fortuna) die heute im 67 Tag ist und finde sie in der Wurfbox die Fruchtblase bereits geplatzt und Andrea ist noch unterwegs von der Arbeit *seufz*. Fitzi ist<\/p>\n","protected":false},"author":1,"featured_media":0,"parent":0,"menu_order":0,"comment_status":"closed","ping_status":"open","template":"","meta":{"footnotes":""},"class_list":["post-189","page","type-page","status-publish","hentry"],"yoast_head":"<!-- This site is optimized with the Yoast SEO plugin v27.3 - https:\/\/yoast.com\/product\/yoast-seo-wordpress\/ -->\n<title>C-Wurf Cattery Perserkatzen vom Taubertal<\/title>\n<meta name=\"description\" content=\"Perserkatze Grand World Champion Schelby Cats Special Fortuna und Perserkater Grand World Champion Jockel von Guter Wille schenken der Cattery den C-Wurf\" \/>\n<meta name=\"robots\" content=\"index, follow, max-snippet:-1, max-image-preview:large, max-video-preview:-1\" \/>\n<link rel=\"canonical\" href=\"http:\/\/www.steffen-frank.de\/content\/c-wurf-perserkatzen-vom-taubertal\/\" \/>\n<meta property=\"og:locale\" content=\"de_DE\" \/>\n<meta property=\"og:type\" content=\"article\" \/>\n<meta property=\"og:title\" content=\"C-Wurf Cattery Perserkatzen vom Taubertal\" \/>\n<meta property=\"og:description\" content=\"Perserkatze Grand World Champion Schelby Cats Special Fortuna und Perserkater Grand World Champion Jockel von Guter Wille schenken der Cattery den C-Wurf\" \/>\n<meta property=\"og:url\" content=\"http:\/\/www.steffen-frank.de\/content\/c-wurf-perserkatzen-vom-taubertal\/\" \/>\n<meta property=\"og:site_name\" content=\"life, run &amp; cats\" \/>\n<meta property=\"article:modified_time\" content=\"2018-05-24T03:10:27+00:00\" \/>\n<meta property=\"og:image\" content=\"http:\/\/www.steffen-frank.de\/content\/wp-content\/uploads\/2013\/09\/20110818_c-wurf-vom-taubertal.jpg\" \/>\n<meta name=\"twitter:card\" content=\"summary_large_image\" \/>\n<meta name=\"twitter:label1\" content=\"Gesch\u00e4tzte Lesezeit\" \/>\n\t<meta name=\"twitter:data1\" content=\"2\u00a0Minuten\" \/>\n<script type=\"application\/ld+json\" class=\"yoast-schema-graph\">{\"@context\":\"https:\\\/\\\/schema.org\",\"@graph\":[{\"@type\":\"WebPage\",\"@id\":\"http:\\\/\\\/www.steffen-frank.de\\\/content\\\/c-wurf-perserkatzen-vom-taubertal\\\/\",\"url\":\"http:\\\/\\\/www.steffen-frank.de\\\/content\\\/c-wurf-perserkatzen-vom-taubertal\\\/\",\"name\":\"C-Wurf Cattery Perserkatzen vom Taubertal\",\"isPartOf\":{\"@id\":\"http:\\\/\\\/www.steffen-frank.de\\\/content\\\/#website\"},\"primaryImageOfPage\":{\"@id\":\"http:\\\/\\\/www.steffen-frank.de\\\/content\\\/c-wurf-perserkatzen-vom-taubertal\\\/#primaryimage\"},\"image\":{\"@id\":\"http:\\\/\\\/www.steffen-frank.de\\\/content\\\/c-wurf-perserkatzen-vom-taubertal\\\/#primaryimage\"},\"thumbnailUrl\":\"http:\\\/\\\/www.steffen-frank.de\\\/content\\\/wp-content\\\/uploads\\\/2013\\\/09\\\/20110818_c-wurf-vom-taubertal.jpg\",\"datePublished\":\"2013-09-13T06:23:28+00:00\",\"dateModified\":\"2018-05-24T03:10:27+00:00\",\"description\":\"Perserkatze Grand World Champion Schelby Cats Special Fortuna und Perserkater Grand World Champion Jockel von Guter Wille schenken der Cattery den C-Wurf\",\"breadcrumb\":{\"@id\":\"http:\\\/\\\/www.steffen-frank.de\\\/content\\\/c-wurf-perserkatzen-vom-taubertal\\\/#breadcrumb\"},\"inLanguage\":\"de\",\"potentialAction\":[{\"@type\":\"ReadAction\",\"target\":[\"http:\\\/\\\/www.steffen-frank.de\\\/content\\\/c-wurf-perserkatzen-vom-taubertal\\\/\"]}]},{\"@type\":\"ImageObject\",\"inLanguage\":\"de\",\"@id\":\"http:\\\/\\\/www.steffen-frank.de\\\/content\\\/c-wurf-perserkatzen-vom-taubertal\\\/#primaryimage\",\"url\":\"http:\\\/\\\/www.steffen-frank.de\\\/content\\\/wp-content\\\/uploads\\\/2013\\\/09\\\/20110818_c-wurf-vom-taubertal.jpg\",\"contentUrl\":\"http:\\\/\\\/www.steffen-frank.de\\\/content\\\/wp-content\\\/uploads\\\/2013\\\/09\\\/20110818_c-wurf-vom-taubertal.jpg\",\"width\":600,\"height\":572,\"caption\":\"C-Wurf Perserkatzen vom Taubertal\"},{\"@type\":\"BreadcrumbList\",\"@id\":\"http:\\\/\\\/www.steffen-frank.de\\\/content\\\/c-wurf-perserkatzen-vom-taubertal\\\/#breadcrumb\",\"itemListElement\":[{\"@type\":\"ListItem\",\"position\":1,\"name\":\"Startseite\",\"item\":\"http:\\\/\\\/www.steffen-frank.de\\\/content\\\/\"},{\"@type\":\"ListItem\",\"position\":2,\"name\":\"C-Wurf Perserkatzen vom Taubertal\"}]},{\"@type\":\"WebSite\",\"@id\":\"http:\\\/\\\/www.steffen-frank.de\\\/content\\\/#website\",\"url\":\"http:\\\/\\\/www.steffen-frank.de\\\/content\\\/\",\"name\":\"life, run &amp; cats\",\"description\":\"Steffen Frank - Niederstetten\",\"potentialAction\":[{\"@type\":\"SearchAction\",\"target\":{\"@type\":\"EntryPoint\",\"urlTemplate\":\"http:\\\/\\\/www.steffen-frank.de\\\/content\\\/?s={search_term_string}\"},\"query-input\":{\"@type\":\"PropertyValueSpecification\",\"valueRequired\":true,\"valueName\":\"search_term_string\"}}],\"inLanguage\":\"de\"}]}<\/script>\n<!-- \/ Yoast SEO plugin. -->","yoast_head_json":{"title":"C-Wurf Cattery Perserkatzen vom Taubertal","description":"Perserkatze Grand World Champion Schelby Cats Special Fortuna und Perserkater Grand World Champion Jockel von Guter Wille schenken der Cattery den C-Wurf","robots":{"index":"index","follow":"follow","max-snippet":"max-snippet:-1","max-image-preview":"max-image-preview:large","max-video-preview":"max-video-preview:-1"},"canonical":"http:\/\/www.steffen-frank.de\/content\/c-wurf-perserkatzen-vom-taubertal\/","og_locale":"de_DE","og_type":"article","og_title":"C-Wurf Cattery Perserkatzen vom Taubertal","og_description":"Perserkatze Grand World Champion Schelby Cats Special Fortuna und Perserkater Grand World Champion Jockel von Guter Wille schenken der Cattery den C-Wurf","og_url":"http:\/\/www.steffen-frank.de\/content\/c-wurf-perserkatzen-vom-taubertal\/","og_site_name":"life, run &amp; cats","article_modified_time":"2018-05-24T03:10:27+00:00","og_image":[{"url":"http:\/\/www.steffen-frank.de\/content\/wp-content\/uploads\/2013\/09\/20110818_c-wurf-vom-taubertal.jpg","type":"","width":"","height":""}],"twitter_card":"summary_large_image","twitter_misc":{"Gesch\u00e4tzte Lesezeit":"2\u00a0Minuten"},"schema":{"@context":"https:\/\/schema.org","@graph":[{"@type":"WebPage","@id":"http:\/\/www.steffen-frank.de\/content\/c-wurf-perserkatzen-vom-taubertal\/","url":"http:\/\/www.steffen-frank.de\/content\/c-wurf-perserkatzen-vom-taubertal\/","name":"C-Wurf Cattery Perserkatzen vom Taubertal","isPartOf":{"@id":"http:\/\/www.steffen-frank.de\/content\/#website"},"primaryImageOfPage":{"@id":"http:\/\/www.steffen-frank.de\/content\/c-wurf-perserkatzen-vom-taubertal\/#primaryimage"},"image":{"@id":"http:\/\/www.steffen-frank.de\/content\/c-wurf-perserkatzen-vom-taubertal\/#primaryimage"},"thumbnailUrl":"http:\/\/www.steffen-frank.de\/content\/wp-content\/uploads\/2013\/09\/20110818_c-wurf-vom-taubertal.jpg","datePublished":"2013-09-13T06:23:28+00:00","dateModified":"2018-05-24T03:10:27+00:00","description":"Perserkatze Grand World Champion Schelby Cats Special Fortuna und Perserkater Grand World Champion Jockel von Guter Wille schenken der Cattery den C-Wurf","breadcrumb":{"@id":"http:\/\/www.steffen-frank.de\/content\/c-wurf-perserkatzen-vom-taubertal\/#breadcrumb"},"inLanguage":"de","potentialAction":[{"@type":"ReadAction","target":["http:\/\/www.steffen-frank.de\/content\/c-wurf-perserkatzen-vom-taubertal\/"]}]},{"@type":"ImageObject","inLanguage":"de","@id":"http:\/\/www.steffen-frank.de\/content\/c-wurf-perserkatzen-vom-taubertal\/#primaryimage","url":"http:\/\/www.steffen-frank.de\/content\/wp-content\/uploads\/2013\/09\/20110818_c-wurf-vom-taubertal.jpg","contentUrl":"http:\/\/www.steffen-frank.de\/content\/wp-content\/uploads\/2013\/09\/20110818_c-wurf-vom-taubertal.jpg","width":600,"height":572,"caption":"C-Wurf Perserkatzen vom Taubertal"},{"@type":"BreadcrumbList","@id":"http:\/\/www.steffen-frank.de\/content\/c-wurf-perserkatzen-vom-taubertal\/#breadcrumb","itemListElement":[{"@type":"ListItem","position":1,"name":"Startseite","item":"http:\/\/www.steffen-frank.de\/content\/"},{"@type":"ListItem","position":2,"name":"C-Wurf Perserkatzen vom Taubertal"}]},{"@type":"WebSite","@id":"http:\/\/www.steffen-frank.de\/content\/#website","url":"http:\/\/www.steffen-frank.de\/content\/","name":"life, run &amp; cats","description":"Steffen Frank - Niederstetten","potentialAction":[{"@type":"SearchAction","target":{"@type":"EntryPoint","urlTemplate":"http:\/\/www.steffen-frank.de\/content\/?s={search_term_string}"},"query-input":{"@type":"PropertyValueSpecification","valueRequired":true,"valueName":"search_term_string"}}],"inLanguage":"de"}]}},"_links":{"self":[{"href":"http:\/\/www.steffen-frank.de\/content\/wp-json\/wp\/v2\/pages\/189","targetHints":{"allow":["GET"]}}],"collection":[{"href":"http:\/\/www.steffen-frank.de\/content\/wp-json\/wp\/v2\/pages"}],"about":[{"href":"http:\/\/www.steffen-frank.de\/content\/wp-json\/wp\/v2\/types\/page"}],"author":[{"embeddable":true,"href":"http:\/\/www.steffen-frank.de\/content\/wp-json\/wp\/v2\/users\/1"}],"replies":[{"embeddable":true,"href":"http:\/\/www.steffen-frank.de\/content\/wp-json\/wp\/v2\/comments?post=189"}],"version-history":[{"count":7,"href":"http:\/\/www.steffen-frank.de\/content\/wp-json\/wp\/v2\/pages\/189\/revisions"}],"predecessor-version":[{"id":463,"href":"http:\/\/www.steffen-frank.de\/content\/wp-json\/wp\/v2\/pages\/189\/revisions\/463"}],"wp:attachment":[{"href":"http:\/\/www.steffen-frank.de\/content\/wp-json\/wp\/v2\/media?parent=189"}],"curies":[{"name":"wp","href":"https:\/\/api.w.org\/{rel}","templated":true}]}}