{"id":172,"date":"2013-09-12T20:46:55","date_gmt":"2013-09-12T18:46:55","guid":{"rendered":"http:\/\/www.steffen-frank.de\/content\/?page_id=172"},"modified":"2018-05-24T05:11:22","modified_gmt":"2018-05-24T03:11:22","slug":"perserkatze-b-b","status":"publish","type":"page","link":"http:\/\/www.steffen-frank.de\/content\/perserkatze-b-b\/","title":{"rendered":"Perserkatze B.B."},"content":{"rendered":"<h1>Perserkatze B.B. &#8211; Blade Blunzen<\/h1>\n<p>Perserkatze B.B. der Schnurrmotor \u2020 am 14. Dezember 2006<\/p>\n<figure id=\"attachment_271\" aria-describedby=\"caption-attachment-271\" style=\"width: 300px\" class=\"wp-caption alignright\"><a href=\"http:\/\/www.steffen-frank.de\/content\/wp-content\/uploads\/2013\/09\/bb_garden.jpg\"><img loading=\"lazy\" decoding=\"async\" class=\"size-full wp-image-271\" alt=\"Perserkatze B.B.\" src=\"http:\/\/www.steffen-frank.de\/content\/wp-content\/uploads\/2013\/09\/bb_garden.jpg\" width=\"300\" height=\"226\" \/><\/a><figcaption id=\"caption-attachment-271\" class=\"wp-caption-text\">Im Garten f\u00fchlte sie sich wohl.<\/figcaption><\/figure>\n<p>Mit \u00fcber 15 Jahren auch nicht mehr die j\u00fcngst Perserdame aber ein Traum von einer Katze.<\/p>\n<p>Ansprechen und der Schnurrmotor f\u00e4ngt an zu laufen \ud83d\ude42 Eine Katze, die kein Leid kennt und sofort auf jeden Menschen zugeht und sich streicheln l\u00e4sst.<\/p>\n<p>14. Dezember 2006<\/p>\n<p>Die Nierenwerte von B.B. sind so extrem schlecht, dass wir sie heute \u00fcber die Regenbogenbr\u00fccke gehen haben lassen um ihr eine nicht erfolgversprechende und qu\u00e4lende Behandlung zu ersparen.<\/p>\n<p>Das h\u00e4tte sie nach all den sch\u00f6nen Jahren nicht verdient gehabt \ud83d\ude41<br \/>\n<figure id=\"attachment_270\" aria-describedby=\"caption-attachment-270\" style=\"width: 600px\" class=\"wp-caption alignright\"><a href=\"http:\/\/www.steffen-frank.de\/content\/wp-content\/uploads\/2013\/09\/weihnachtrnBB600.jpg\"><img loading=\"lazy\" decoding=\"async\" class=\"size-full wp-image-270\" alt=\"Perserkatze B.B.\" src=\"http:\/\/www.steffen-frank.de\/content\/wp-content\/uploads\/2013\/09\/weihnachtrnBB600.jpg\" width=\"600\" height=\"450\" srcset=\"http:\/\/www.steffen-frank.de\/content\/wp-content\/uploads\/2013\/09\/weihnachtrnBB600.jpg 600w, http:\/\/www.steffen-frank.de\/content\/wp-content\/uploads\/2013\/09\/weihnachtrnBB600-300x225.jpg 300w\" sizes=\"auto, (max-width: 600px) 100vw, 600px\" \/><\/a><figcaption id=\"caption-attachment-270\" class=\"wp-caption-text\">Xmas Cat<\/figcaption><\/figure><\/p>\n","protected":false},"excerpt":{"rendered":"<p>Perserkatze B.B. &#8211; Blade Blunzen Perserkatze B.B. der Schnurrmotor \u2020 am 14. Dezember 2006 Mit \u00fcber 15 Jahren auch nicht mehr die j\u00fcngst Perserdame aber ein Traum von einer Katze. Ansprechen und der Schnurrmotor f\u00e4ngt an zu laufen \ud83d\ude42 Eine Katze, die kein Leid kennt und sofort auf jeden Menschen<\/p>\n","protected":false},"author":1,"featured_media":0,"parent":0,"menu_order":0,"comment_status":"closed","ping_status":"closed","template":"","meta":{"footnotes":""},"class_list":["post-172","page","type-page","status-publish","hentry"],"yoast_head":"<!-- This site is optimized with the Yoast SEO plugin v27.3 - https:\/\/yoast.com\/product\/yoast-seo-wordpress\/ -->\n<title>Perserkatze B.B. - Blade Blunzen<\/title>\n<meta name=\"description\" content=\"Perserkatze B.B. - Blade Blunzen lebte seit ihrem erstem Atemzug bei Andrea.\" \/>\n<meta name=\"robots\" content=\"index, follow, max-snippet:-1, max-image-preview:large, max-video-preview:-1\" \/>\n<link rel=\"canonical\" href=\"http:\/\/www.steffen-frank.de\/content\/perserkatze-b-b\/\" \/>\n<meta property=\"og:locale\" content=\"de_DE\" \/>\n<meta property=\"og:type\" content=\"article\" \/>\n<meta property=\"og:title\" content=\"Perserkatze B.B. - Blade Blunzen\" \/>\n<meta property=\"og:description\" content=\"Perserkatze B.B. - Blade Blunzen lebte seit ihrem erstem Atemzug bei Andrea.\" \/>\n<meta property=\"og:url\" content=\"http:\/\/www.steffen-frank.de\/content\/perserkatze-b-b\/\" \/>\n<meta property=\"og:site_name\" content=\"life, run &amp; cats\" \/>\n<meta property=\"article:modified_time\" content=\"2018-05-24T03:11:22+00:00\" \/>\n<meta property=\"og:image\" content=\"http:\/\/www.steffen-frank.de\/content\/wp-content\/uploads\/2013\/09\/bb_garden.jpg\" \/>\n<meta name=\"twitter:card\" content=\"summary_large_image\" \/>\n<meta name=\"twitter:label1\" content=\"Gesch\u00e4tzte Lesezeit\" \/>\n\t<meta name=\"twitter:data1\" content=\"1\u00a0Minute\" \/>\n<script type=\"application\/ld+json\" class=\"yoast-schema-graph\">{\"@context\":\"https:\\\/\\\/schema.org\",\"@graph\":[{\"@type\":\"WebPage\",\"@id\":\"http:\\\/\\\/www.steffen-frank.de\\\/content\\\/perserkatze-b-b\\\/\",\"url\":\"http:\\\/\\\/www.steffen-frank.de\\\/content\\\/perserkatze-b-b\\\/\",\"name\":\"Perserkatze B.B. - Blade Blunzen\",\"isPartOf\":{\"@id\":\"http:\\\/\\\/www.steffen-frank.de\\\/content\\\/#website\"},\"primaryImageOfPage\":{\"@id\":\"http:\\\/\\\/www.steffen-frank.de\\\/content\\\/perserkatze-b-b\\\/#primaryimage\"},\"image\":{\"@id\":\"http:\\\/\\\/www.steffen-frank.de\\\/content\\\/perserkatze-b-b\\\/#primaryimage\"},\"thumbnailUrl\":\"http:\\\/\\\/www.steffen-frank.de\\\/content\\\/wp-content\\\/uploads\\\/2013\\\/09\\\/bb_garden.jpg\",\"datePublished\":\"2013-09-12T18:46:55+00:00\",\"dateModified\":\"2018-05-24T03:11:22+00:00\",\"description\":\"Perserkatze B.B. - Blade Blunzen lebte seit ihrem erstem Atemzug bei Andrea.\",\"breadcrumb\":{\"@id\":\"http:\\\/\\\/www.steffen-frank.de\\\/content\\\/perserkatze-b-b\\\/#breadcrumb\"},\"inLanguage\":\"de\",\"potentialAction\":[{\"@type\":\"ReadAction\",\"target\":[\"http:\\\/\\\/www.steffen-frank.de\\\/content\\\/perserkatze-b-b\\\/\"]}]},{\"@type\":\"ImageObject\",\"inLanguage\":\"de\",\"@id\":\"http:\\\/\\\/www.steffen-frank.de\\\/content\\\/perserkatze-b-b\\\/#primaryimage\",\"url\":\"http:\\\/\\\/www.steffen-frank.de\\\/content\\\/wp-content\\\/uploads\\\/2013\\\/09\\\/bb_garden.jpg\",\"contentUrl\":\"http:\\\/\\\/www.steffen-frank.de\\\/content\\\/wp-content\\\/uploads\\\/2013\\\/09\\\/bb_garden.jpg\",\"width\":300,\"height\":226,\"caption\":\"Im Garten f\u00fchlte sie sich wohl.\"},{\"@type\":\"BreadcrumbList\",\"@id\":\"http:\\\/\\\/www.steffen-frank.de\\\/content\\\/perserkatze-b-b\\\/#breadcrumb\",\"itemListElement\":[{\"@type\":\"ListItem\",\"position\":1,\"name\":\"Startseite\",\"item\":\"http:\\\/\\\/www.steffen-frank.de\\\/content\\\/\"},{\"@type\":\"ListItem\",\"position\":2,\"name\":\"Perserkatze B.B.\"}]},{\"@type\":\"WebSite\",\"@id\":\"http:\\\/\\\/www.steffen-frank.de\\\/content\\\/#website\",\"url\":\"http:\\\/\\\/www.steffen-frank.de\\\/content\\\/\",\"name\":\"life, run &amp; cats\",\"description\":\"Steffen Frank - Niederstetten\",\"potentialAction\":[{\"@type\":\"SearchAction\",\"target\":{\"@type\":\"EntryPoint\",\"urlTemplate\":\"http:\\\/\\\/www.steffen-frank.de\\\/content\\\/?s={search_term_string}\"},\"query-input\":{\"@type\":\"PropertyValueSpecification\",\"valueRequired\":true,\"valueName\":\"search_term_string\"}}],\"inLanguage\":\"de\"}]}<\/script>\n<!-- \/ Yoast SEO plugin. -->","yoast_head_json":{"title":"Perserkatze B.B. - Blade Blunzen","description":"Perserkatze B.B. - Blade Blunzen lebte seit ihrem erstem Atemzug bei Andrea.","robots":{"index":"index","follow":"follow","max-snippet":"max-snippet:-1","max-image-preview":"max-image-preview:large","max-video-preview":"max-video-preview:-1"},"canonical":"http:\/\/www.steffen-frank.de\/content\/perserkatze-b-b\/","og_locale":"de_DE","og_type":"article","og_title":"Perserkatze B.B. - Blade Blunzen","og_description":"Perserkatze B.B. - Blade Blunzen lebte seit ihrem erstem Atemzug bei Andrea.","og_url":"http:\/\/www.steffen-frank.de\/content\/perserkatze-b-b\/","og_site_name":"life, run &amp; cats","article_modified_time":"2018-05-24T03:11:22+00:00","og_image":[{"url":"http:\/\/www.steffen-frank.de\/content\/wp-content\/uploads\/2013\/09\/bb_garden.jpg","type":"","width":"","height":""}],"twitter_card":"summary_large_image","twitter_misc":{"Gesch\u00e4tzte Lesezeit":"1\u00a0Minute"},"schema":{"@context":"https:\/\/schema.org","@graph":[{"@type":"WebPage","@id":"http:\/\/www.steffen-frank.de\/content\/perserkatze-b-b\/","url":"http:\/\/www.steffen-frank.de\/content\/perserkatze-b-b\/","name":"Perserkatze B.B. - Blade Blunzen","isPartOf":{"@id":"http:\/\/www.steffen-frank.de\/content\/#website"},"primaryImageOfPage":{"@id":"http:\/\/www.steffen-frank.de\/content\/perserkatze-b-b\/#primaryimage"},"image":{"@id":"http:\/\/www.steffen-frank.de\/content\/perserkatze-b-b\/#primaryimage"},"thumbnailUrl":"http:\/\/www.steffen-frank.de\/content\/wp-content\/uploads\/2013\/09\/bb_garden.jpg","datePublished":"2013-09-12T18:46:55+00:00","dateModified":"2018-05-24T03:11:22+00:00","description":"Perserkatze B.B. - Blade Blunzen lebte seit ihrem erstem Atemzug bei Andrea.","breadcrumb":{"@id":"http:\/\/www.steffen-frank.de\/content\/perserkatze-b-b\/#breadcrumb"},"inLanguage":"de","potentialAction":[{"@type":"ReadAction","target":["http:\/\/www.steffen-frank.de\/content\/perserkatze-b-b\/"]}]},{"@type":"ImageObject","inLanguage":"de","@id":"http:\/\/www.steffen-frank.de\/content\/perserkatze-b-b\/#primaryimage","url":"http:\/\/www.steffen-frank.de\/content\/wp-content\/uploads\/2013\/09\/bb_garden.jpg","contentUrl":"http:\/\/www.steffen-frank.de\/content\/wp-content\/uploads\/2013\/09\/bb_garden.jpg","width":300,"height":226,"caption":"Im Garten f\u00fchlte sie sich wohl."},{"@type":"BreadcrumbList","@id":"http:\/\/www.steffen-frank.de\/content\/perserkatze-b-b\/#breadcrumb","itemListElement":[{"@type":"ListItem","position":1,"name":"Startseite","item":"http:\/\/www.steffen-frank.de\/content\/"},{"@type":"ListItem","position":2,"name":"Perserkatze B.B."}]},{"@type":"WebSite","@id":"http:\/\/www.steffen-frank.de\/content\/#website","url":"http:\/\/www.steffen-frank.de\/content\/","name":"life, run &amp; cats","description":"Steffen Frank - Niederstetten","potentialAction":[{"@type":"SearchAction","target":{"@type":"EntryPoint","urlTemplate":"http:\/\/www.steffen-frank.de\/content\/?s={search_term_string}"},"query-input":{"@type":"PropertyValueSpecification","valueRequired":true,"valueName":"search_term_string"}}],"inLanguage":"de"}]}},"_links":{"self":[{"href":"http:\/\/www.steffen-frank.de\/content\/wp-json\/wp\/v2\/pages\/172","targetHints":{"allow":["GET"]}}],"collection":[{"href":"http:\/\/www.steffen-frank.de\/content\/wp-json\/wp\/v2\/pages"}],"about":[{"href":"http:\/\/www.steffen-frank.de\/content\/wp-json\/wp\/v2\/types\/page"}],"author":[{"embeddable":true,"href":"http:\/\/www.steffen-frank.de\/content\/wp-json\/wp\/v2\/users\/1"}],"replies":[{"embeddable":true,"href":"http:\/\/www.steffen-frank.de\/content\/wp-json\/wp\/v2\/comments?post=172"}],"version-history":[{"count":4,"href":"http:\/\/www.steffen-frank.de\/content\/wp-json\/wp\/v2\/pages\/172\/revisions"}],"predecessor-version":[{"id":274,"href":"http:\/\/www.steffen-frank.de\/content\/wp-json\/wp\/v2\/pages\/172\/revisions\/274"}],"wp:attachment":[{"href":"http:\/\/www.steffen-frank.de\/content\/wp-json\/wp\/v2\/media?parent=172"}],"curies":[{"name":"wp","href":"https:\/\/api.w.org\/{rel}","templated":true}]}}