{"id":168,"date":"2013-09-12T20:42:17","date_gmt":"2013-09-12T18:42:17","guid":{"rendered":"http:\/\/www.steffen-frank.de\/content\/?page_id=168"},"modified":"2018-05-24T05:10:28","modified_gmt":"2018-05-24T03:10:28","slug":"zwergi","status":"publish","type":"page","link":"http:\/\/www.steffen-frank.de\/content\/zwergi\/","title":{"rendered":"Perserkatze Zwergi"},"content":{"rendered":"<h1>Perserkatze Zwergi<\/h1>\n<p>\u2020 am 02. November 2008<\/p>\n<p>Mit mittlerweile \u00fcber 21 Jahren unsere alte Perserlady, die trotz ihrem Alters noch topfit ist. Ihr gr\u00f6\u00dftes ist, wenn sie bei Frauchen und Herrchen betteln kann. Dies tut sie aber so hingebungsvoll, dass man ihr nicht widerstehen kann.<\/p>\n<figure id=\"attachment_261\" aria-describedby=\"caption-attachment-261\" style=\"width: 300px\" class=\"wp-caption aligncenter\"><a href=\"http:\/\/www.steffen-frank.de\/content\/wp-content\/uploads\/2013\/09\/zwergi_garden.jpg\"><img loading=\"lazy\" decoding=\"async\" class=\"size-full wp-image-261\" alt=\"Perserkatze Zwergi\" src=\"http:\/\/www.steffen-frank.de\/content\/wp-content\/uploads\/2013\/09\/zwergi_garden.jpg\" width=\"300\" height=\"225\" \/><\/a><figcaption id=\"caption-attachment-261\" class=\"wp-caption-text\">Das Gras ist lecker!<\/figcaption><\/figure>\n<p>Ob Paprika, Gurken, Nudeln, Chips &#8211; egal &#8211; was Herrchen isst, frisst sie auch. Und nun f\u00fcr die Tiersch\u00fctzer: NEIN, wir f\u00fcttern normalerweise nur hochwertiges Katzenfutter &#8211; aber was will man an einer 20 Jahre alten Katze noch kaputt machen und wenn ihr es schmeckt &#8230; Joa mei &#8230;<\/p>\n<p>Ihr Motto:<br \/>\n*fitzzzzz* ich \u00fcberlebe euch alle!<\/p>\n<p>Ende Oktober 2008 baute sie immer mehr ab. Als sie dann die Futteraufnahme verweigerte und viel schleckte (Zeichen f\u00fcr Nierenprobleme \/ Versage) haben wir sie vom Tierarzt einschl\u00e4fern lassen.<\/p>\n","protected":false},"excerpt":{"rendered":"<p>Perserkatze Zwergi \u2020 am 02. November 2008 Mit mittlerweile \u00fcber 21 Jahren unsere alte Perserlady, die trotz ihrem Alters noch topfit ist. Ihr gr\u00f6\u00dftes ist, wenn sie bei Frauchen und Herrchen betteln kann. Dies tut sie aber so hingebungsvoll, dass man ihr nicht widerstehen kann. Ob Paprika, Gurken, Nudeln, Chips<\/p>\n","protected":false},"author":1,"featured_media":0,"parent":0,"menu_order":0,"comment_status":"closed","ping_status":"open","template":"","meta":{"footnotes":""},"class_list":["post-168","page","type-page","status-publish","hentry"],"yoast_head":"<!-- This site is optimized with the Yoast SEO plugin v27.3 - https:\/\/yoast.com\/product\/yoast-seo-wordpress\/ -->\n<title>Perserkatze Zwergi<\/title>\n<meta name=\"description\" content=\"Perserkatze Zwergi, mit mittlerweile \u00fcber 21 Jahren unsere alte Perserlady, die trotz ihrem Alters noch topfit ist. Ihr gr\u00f6\u00dftes ist, wenn sie bei Frauchen und Herrchen betteln kann.\" \/>\n<meta name=\"robots\" content=\"index, follow, max-snippet:-1, max-image-preview:large, max-video-preview:-1\" \/>\n<link rel=\"canonical\" href=\"http:\/\/www.steffen-frank.de\/content\/zwergi\/\" \/>\n<meta property=\"og:locale\" content=\"de_DE\" \/>\n<meta property=\"og:type\" content=\"article\" \/>\n<meta property=\"og:title\" content=\"Perserkatze Zwergi\" \/>\n<meta property=\"og:description\" content=\"Perserkatze Zwergi, mit mittlerweile \u00fcber 21 Jahren unsere alte Perserlady, die trotz ihrem Alters noch topfit ist. Ihr gr\u00f6\u00dftes ist, wenn sie bei Frauchen und Herrchen betteln kann.\" \/>\n<meta property=\"og:url\" content=\"http:\/\/www.steffen-frank.de\/content\/zwergi\/\" \/>\n<meta property=\"og:site_name\" content=\"life, run &amp; cats\" \/>\n<meta property=\"article:modified_time\" content=\"2018-05-24T03:10:28+00:00\" \/>\n<meta property=\"og:image\" content=\"http:\/\/www.steffen-frank.de\/content\/wp-content\/uploads\/2013\/09\/zwergi_garden.jpg\" \/>\n<meta name=\"twitter:card\" content=\"summary_large_image\" \/>\n<meta name=\"twitter:label1\" content=\"Gesch\u00e4tzte Lesezeit\" \/>\n\t<meta name=\"twitter:data1\" content=\"1\u00a0Minute\" \/>\n<script type=\"application\/ld+json\" class=\"yoast-schema-graph\">{\"@context\":\"https:\\\/\\\/schema.org\",\"@graph\":[{\"@type\":\"WebPage\",\"@id\":\"http:\\\/\\\/www.steffen-frank.de\\\/content\\\/zwergi\\\/\",\"url\":\"http:\\\/\\\/www.steffen-frank.de\\\/content\\\/zwergi\\\/\",\"name\":\"Perserkatze Zwergi\",\"isPartOf\":{\"@id\":\"http:\\\/\\\/www.steffen-frank.de\\\/content\\\/#website\"},\"primaryImageOfPage\":{\"@id\":\"http:\\\/\\\/www.steffen-frank.de\\\/content\\\/zwergi\\\/#primaryimage\"},\"image\":{\"@id\":\"http:\\\/\\\/www.steffen-frank.de\\\/content\\\/zwergi\\\/#primaryimage\"},\"thumbnailUrl\":\"http:\\\/\\\/www.steffen-frank.de\\\/content\\\/wp-content\\\/uploads\\\/2013\\\/09\\\/zwergi_garden.jpg\",\"datePublished\":\"2013-09-12T18:42:17+00:00\",\"dateModified\":\"2018-05-24T03:10:28+00:00\",\"description\":\"Perserkatze Zwergi, mit mittlerweile \u00fcber 21 Jahren unsere alte Perserlady, die trotz ihrem Alters noch topfit ist. Ihr gr\u00f6\u00dftes ist, wenn sie bei Frauchen und Herrchen betteln kann.\",\"breadcrumb\":{\"@id\":\"http:\\\/\\\/www.steffen-frank.de\\\/content\\\/zwergi\\\/#breadcrumb\"},\"inLanguage\":\"de\",\"potentialAction\":[{\"@type\":\"ReadAction\",\"target\":[\"http:\\\/\\\/www.steffen-frank.de\\\/content\\\/zwergi\\\/\"]}]},{\"@type\":\"ImageObject\",\"inLanguage\":\"de\",\"@id\":\"http:\\\/\\\/www.steffen-frank.de\\\/content\\\/zwergi\\\/#primaryimage\",\"url\":\"http:\\\/\\\/www.steffen-frank.de\\\/content\\\/wp-content\\\/uploads\\\/2013\\\/09\\\/zwergi_garden.jpg\",\"contentUrl\":\"http:\\\/\\\/www.steffen-frank.de\\\/content\\\/wp-content\\\/uploads\\\/2013\\\/09\\\/zwergi_garden.jpg\",\"width\":300,\"height\":225,\"caption\":\"Das Gras ist lecker!\"},{\"@type\":\"BreadcrumbList\",\"@id\":\"http:\\\/\\\/www.steffen-frank.de\\\/content\\\/zwergi\\\/#breadcrumb\",\"itemListElement\":[{\"@type\":\"ListItem\",\"position\":1,\"name\":\"Startseite\",\"item\":\"http:\\\/\\\/www.steffen-frank.de\\\/content\\\/\"},{\"@type\":\"ListItem\",\"position\":2,\"name\":\"Perserkatze Zwergi\"}]},{\"@type\":\"WebSite\",\"@id\":\"http:\\\/\\\/www.steffen-frank.de\\\/content\\\/#website\",\"url\":\"http:\\\/\\\/www.steffen-frank.de\\\/content\\\/\",\"name\":\"life, run &amp; cats\",\"description\":\"Steffen Frank - Niederstetten\",\"potentialAction\":[{\"@type\":\"SearchAction\",\"target\":{\"@type\":\"EntryPoint\",\"urlTemplate\":\"http:\\\/\\\/www.steffen-frank.de\\\/content\\\/?s={search_term_string}\"},\"query-input\":{\"@type\":\"PropertyValueSpecification\",\"valueRequired\":true,\"valueName\":\"search_term_string\"}}],\"inLanguage\":\"de\"}]}<\/script>\n<!-- \/ Yoast SEO plugin. -->","yoast_head_json":{"title":"Perserkatze Zwergi","description":"Perserkatze Zwergi, mit mittlerweile \u00fcber 21 Jahren unsere alte Perserlady, die trotz ihrem Alters noch topfit ist. Ihr gr\u00f6\u00dftes ist, wenn sie bei Frauchen und Herrchen betteln kann.","robots":{"index":"index","follow":"follow","max-snippet":"max-snippet:-1","max-image-preview":"max-image-preview:large","max-video-preview":"max-video-preview:-1"},"canonical":"http:\/\/www.steffen-frank.de\/content\/zwergi\/","og_locale":"de_DE","og_type":"article","og_title":"Perserkatze Zwergi","og_description":"Perserkatze Zwergi, mit mittlerweile \u00fcber 21 Jahren unsere alte Perserlady, die trotz ihrem Alters noch topfit ist. Ihr gr\u00f6\u00dftes ist, wenn sie bei Frauchen und Herrchen betteln kann.","og_url":"http:\/\/www.steffen-frank.de\/content\/zwergi\/","og_site_name":"life, run &amp; cats","article_modified_time":"2018-05-24T03:10:28+00:00","og_image":[{"url":"http:\/\/www.steffen-frank.de\/content\/wp-content\/uploads\/2013\/09\/zwergi_garden.jpg","type":"","width":"","height":""}],"twitter_card":"summary_large_image","twitter_misc":{"Gesch\u00e4tzte Lesezeit":"1\u00a0Minute"},"schema":{"@context":"https:\/\/schema.org","@graph":[{"@type":"WebPage","@id":"http:\/\/www.steffen-frank.de\/content\/zwergi\/","url":"http:\/\/www.steffen-frank.de\/content\/zwergi\/","name":"Perserkatze Zwergi","isPartOf":{"@id":"http:\/\/www.steffen-frank.de\/content\/#website"},"primaryImageOfPage":{"@id":"http:\/\/www.steffen-frank.de\/content\/zwergi\/#primaryimage"},"image":{"@id":"http:\/\/www.steffen-frank.de\/content\/zwergi\/#primaryimage"},"thumbnailUrl":"http:\/\/www.steffen-frank.de\/content\/wp-content\/uploads\/2013\/09\/zwergi_garden.jpg","datePublished":"2013-09-12T18:42:17+00:00","dateModified":"2018-05-24T03:10:28+00:00","description":"Perserkatze Zwergi, mit mittlerweile \u00fcber 21 Jahren unsere alte Perserlady, die trotz ihrem Alters noch topfit ist. Ihr gr\u00f6\u00dftes ist, wenn sie bei Frauchen und Herrchen betteln kann.","breadcrumb":{"@id":"http:\/\/www.steffen-frank.de\/content\/zwergi\/#breadcrumb"},"inLanguage":"de","potentialAction":[{"@type":"ReadAction","target":["http:\/\/www.steffen-frank.de\/content\/zwergi\/"]}]},{"@type":"ImageObject","inLanguage":"de","@id":"http:\/\/www.steffen-frank.de\/content\/zwergi\/#primaryimage","url":"http:\/\/www.steffen-frank.de\/content\/wp-content\/uploads\/2013\/09\/zwergi_garden.jpg","contentUrl":"http:\/\/www.steffen-frank.de\/content\/wp-content\/uploads\/2013\/09\/zwergi_garden.jpg","width":300,"height":225,"caption":"Das Gras ist lecker!"},{"@type":"BreadcrumbList","@id":"http:\/\/www.steffen-frank.de\/content\/zwergi\/#breadcrumb","itemListElement":[{"@type":"ListItem","position":1,"name":"Startseite","item":"http:\/\/www.steffen-frank.de\/content\/"},{"@type":"ListItem","position":2,"name":"Perserkatze Zwergi"}]},{"@type":"WebSite","@id":"http:\/\/www.steffen-frank.de\/content\/#website","url":"http:\/\/www.steffen-frank.de\/content\/","name":"life, run &amp; cats","description":"Steffen Frank - Niederstetten","potentialAction":[{"@type":"SearchAction","target":{"@type":"EntryPoint","urlTemplate":"http:\/\/www.steffen-frank.de\/content\/?s={search_term_string}"},"query-input":{"@type":"PropertyValueSpecification","valueRequired":true,"valueName":"search_term_string"}}],"inLanguage":"de"}]}},"_links":{"self":[{"href":"http:\/\/www.steffen-frank.de\/content\/wp-json\/wp\/v2\/pages\/168","targetHints":{"allow":["GET"]}}],"collection":[{"href":"http:\/\/www.steffen-frank.de\/content\/wp-json\/wp\/v2\/pages"}],"about":[{"href":"http:\/\/www.steffen-frank.de\/content\/wp-json\/wp\/v2\/types\/page"}],"author":[{"embeddable":true,"href":"http:\/\/www.steffen-frank.de\/content\/wp-json\/wp\/v2\/users\/1"}],"replies":[{"embeddable":true,"href":"http:\/\/www.steffen-frank.de\/content\/wp-json\/wp\/v2\/comments?post=168"}],"version-history":[{"count":3,"href":"http:\/\/www.steffen-frank.de\/content\/wp-json\/wp\/v2\/pages\/168\/revisions"}],"predecessor-version":[{"id":263,"href":"http:\/\/www.steffen-frank.de\/content\/wp-json\/wp\/v2\/pages\/168\/revisions\/263"}],"wp:attachment":[{"href":"http:\/\/www.steffen-frank.de\/content\/wp-json\/wp\/v2\/media?parent=168"}],"curies":[{"name":"wp","href":"https:\/\/api.w.org\/{rel}","templated":true}]}}