{"id":16,"date":"2013-09-09T13:26:51","date_gmt":"2013-09-09T11:26:51","guid":{"rendered":"http:\/\/www.steffen-frank.de\/content\/?page_id=16"},"modified":"2018-08-14T20:24:16","modified_gmt":"2018-08-14T18:24:16","slug":"impressum","status":"publish","type":"page","link":"http:\/\/www.steffen-frank.de\/content\/impressum\/","title":{"rendered":"Impressum"},"content":{"rendered":"<h2>Verantwortlich f\u00fcr den Inhalt der Seite:<\/h2>\n<p>Steffen Frank<br \/>\nParadiesweg 18<br \/>\n97996 Niederstetten<\/p>\n<h2>Kontaktaufnahme:<\/h2>\n<p>E-Mail: info@steffen-frank.de<\/p>\n<p>Hinweis<\/p>\n<p>Idee, Konzept, Design und Layout dieser Homepage sind urheberechtlich gesch\u00fctzt.<br \/>\nJede Form der Nachahmung und Wiederver\u00f6ffentlichung von Texten, Bildern, Daten und sonstigen Elementen ist unzul\u00e4ssig.<br \/>\nDas Einbinden von Seiten, Skripts oder Grafiken in andere Internetpr\u00e4senzen ist untersagt, wenn hierdurch der Eindruck erweckt wird, diese Elemente w\u00e4ren Bestandteile der verwendenden Pr\u00e4senz, oder wenn nicht zweifelsfrei kenntlich gemacht wird, dass es sich um einen Zugriff auf das entsprechende Verzeichnis handelt.<\/p>\n<h1>Datenschutz<\/h1>\n<p>Bevor Sie weiterlesen &#8211; ja, im Internet werden Daten gesammelt &#8211; und nein, nicht nur von mir! Bereits mit der Einwahl in das Internet werden Daten \u00fcber Sie erhoben.<\/p>\n<p>Wenn Ihnen das nicht passt, verlassen Sie bitte meine Seite und k\u00fcndigen Sie Ihren Internetanschluss!<\/p>\n<h3>Erhebung von Zugriffsdaten und Logfiles<\/h3>\n<p>Ich, bzw. mein Hostinganbieter 1&amp;1, erhebt auf Grundlage unserer berechtigten Interessen im Sinne des Art. 6 Abs. 1 lit. f. DSGVO Daten \u00fcber jeden Zugriff auf den Server, auf dem sich dieser Dienst befindet (sogenannte Serverlogfiles). Zu den Zugriffsdaten geh\u00f6ren Name der abgerufenen Webseite, Datei, Datum und Uhrzeit des Abrufs, \u00fcbertragene Datenmenge, Meldung \u00fcber erfolgreichen Abruf, Browsertyp nebst Version, das Betriebssystem des Nutzers, Referrer URL (die zuvor besuchte Seite), IP-Adresse und der anfragende Provider.<br \/>\nLogfile-Informationen werden aus Sicherheitsgr\u00fcnden (z.B. zur Aufkl\u00e4rung von Missbrauchs- oder Betrugshandlungen) f\u00fcr die Dauer von maximal 7 Tagen gespeichert und danach gel\u00f6scht. Daten, deren weitere Aufbewahrung zu Beweiszwecken erforderlich ist, sind bis zur endg\u00fcltigen Kl\u00e4rung des jeweiligen Vorfalls von der L\u00f6schung ausgenommen.<\/p>\n<p>Ein entsprechender Vertrag zur Auftragsverarbeitung gem\u00e4\u00df Art. 28 DSGVO mit meinem Provider liegt mir vor.<\/p>\n<h3>Cookies<\/h3>\n<p>Die Internetseiten verwenden teilweise so genannte Cookies. Cookies richten auf Ihrem Rechner keinen Schaden an und enthalten keine Viren. Cookies dienen dazu, unser Angebot nutzerfreundlicher, effektiver und sicherer zu machen. Cookies sind kleine Textdateien, die auf Ihrem Rechner abgelegt werden und die Ihr Browser speichert.<\/p>\n<p>Die meisten der von uns verwendeten Cookies sind so genannte \u201eSession-Cookies\u201c. Sie werden nach Ende Ihres Besuchs automatisch gel\u00f6scht. Andere Cookies bleiben auf Ihrem Endger\u00e4t gespeichert, bis Sie diese l\u00f6schen.<br \/>\nDiese Cookies erm\u00f6glichen es uns, Ihren Browser beim n\u00e4chsten Besuch wiederzuerkennen.<\/p>\n<p>Die Verarbeitung erfolgt auf Grundlage des \u00a7 15 (3) TMG sowie Art. 6 (1) lit. f DSGVO aus dem berechtigten Interesse an den oben genannten Zwecken. Die auf diese Weise von Ihnen erhobenen Daten werden durch technische Vorkehrungen pseudonymisiert. Eine Zuordnung der Daten zu Ihrer Person ist daher nicht mehr m\u00f6glich. Die Daten werden nicht gemeinsam mit sonstigen personenbezogenen Daten von Ihnen gespeichert.<\/p>\n<p>Sie k\u00f6nnen Ihren Browser so einstellen, dass Sie \u00fcber das Setzen von Cookies informiert werden und Cookies nur im Einzelfall erlauben, die Annahme von Cookies f\u00fcr bestimmte F\u00e4lle oder generell ausschlie\u00dfen sowie das automatische L\u00f6schen der Cookies beim Schlie\u00dfen des Browser aktivieren. Bei der Deaktivierung von Cookies kann die Funktionalit\u00e4t dieser Website eingeschr\u00e4nkt sein.<\/p>\n<h3>Kommentarfunktionen auf dieser Website<\/h3>\n<p>Diese Funktion steht nicht zur Verf\u00fcgung.<\/p>\n<h3>Google Analytics<\/h3>\n<p>Kommt auf dieser Webseite nicht zum Einsatz<\/p>\n<h3>Google Web Fonts<\/h3>\n<p>In diesem WordPress Theme deaktiviert.<\/p>\n<h3>Google Maps<\/h3>\n<p>Ich binden die Landkarten des Dienstes \u201cGoogle Maps\u201d des Anbieters Google LLC, 1600 Amphitheatre Parkway, Mountain View, CA 94043, USA, ein. Zu den verarbeiteten Daten k\u00f6nnen insbesondere IP-Adressen und Standortdaten der Nutzer geh\u00f6ren, die jedoch nicht ohne deren Einwilligung (im Regelfall im Rahmen der Einstellungen ihrer Mobilger\u00e4te vollzogen), erhoben werden. Die Daten k\u00f6nnen in den USA verarbeitet werden. Datenschutzerkl\u00e4rung: <a href=\"https:\/\/www.google.com\/policies\/privacy\/\" target=\"_blank\" rel=\"noopener\">https:\/\/www.google.com\/policies\/privacy\/<\/a>, Opt-Out: <a href=\"https:\/\/adssettings.google.com\/\" target=\"_blank\" rel=\"noopener\">https:\/\/adssettings.google.com\/<\/a>authenticated.<\/p>\n<h3>OpenStreetMap<\/h3>\n<p>Ich binden die Landkarten des Dienstes \u201eOpenStreetMap\u201c ein (<a href=\"https:\/\/www.openstreetmap.de\" target=\"_blank\" rel=\"noopener\">https:\/\/www.openstreetmap.de<\/a>), die auf Grundlage der Open Data Commons Open Database Lizenz (ODbL) durch die OpenStreetMap Foundation (OSMF) angeboten werden. Datenschutzerkl\u00e4rung: <a href=\"https:\/\/wiki.openstreetmap.org\/wiki\/Privacy_Policy\" target=\"_blank\" rel=\"noopener\">https:\/\/wiki.openstreetmap.org\/wiki\/Privacy_Policy<\/a>. Nach unserer Kenntnis werden die Daten der Nutzer durch OpenStreetMap ausschlie\u00dflich zu Zwecken der Darstellung der Kartenfunktionen und Zwischenspeicherung der gew\u00e4hlten Einstellungen verwendet. Zu diesen Daten k\u00f6nnen insbesondere IP-Adressen und Standortdaten der Nutzer geh\u00f6ren, die jedoch nicht ohne deren Einwilligung (im Regelfall im Rahmen der Einstellungen ihrer Mobilger\u00e4te vollzogen), erhoben werden. Die Daten k\u00f6nnen in den USA verarbeitet werden. Weitere Informationen k\u00f6nnen Sie der Datenschutzerkl\u00e4rung von OpenStreetMap entnehmen: <a href=\"https:\/\/wiki.openstreetmap.org\/wiki\/Privacy_Policy\" target=\"_blank\" rel=\"noopener\">https:\/\/wiki.openstreetmap.org\/wiki\/Privacy_Policy<\/a>.<\/p>\n<h3>YouTube<\/h3>\n<p>Meine Website nutzt Plugins der von Google betriebenen Seite YouTube. Betreiber der Seiten ist die YouTube, LLC, 901 Cherry Ave., San Bruno, CA 94066, USA. Wenn Sie eine unserer mit einem YouTube-Plugin ausgestatteten Seiten besuchen, wird eine Verbindung zu den Servern von YouTube hergestellt.<br \/>\nDabei wird dem Youtube-Server mitgeteilt, welche unserer Seiten Sie besucht haben.<\/p>\n<p>Wenn Sie in Ihrem YouTube-Account eingeloggt sind erm\u00f6glichen Sie YouTube, Ihr Surfverhalten direkt Ihrem pers\u00f6nlichen Profil zuzuordnen. Dies k\u00f6nnen Sie verhindern, indem Sie sich aus Ihrem YouTube-Account ausloggen.<\/p>\n<p>Weitere Informationen zum Umgang von Nutzerdaten finden Sie in der Datenschutzerkl\u00e4rung von YouTube unter: <a href=\"https:\/\/www.google.de\/intl\/de\/policies\/privacy\" target=\"_blank\" rel=\"noopener\">https:\/\/www.google.de\/intl\/de\/policies\/privacy<\/a><\/p>\n<p>Quelle:\u00a0<a href=\"http:\/\/e-recht24.de\/\" target=\"_blank\" rel=\"noopener\">e-recht24.de\u00a0<\/a>und\u00a0<a href=\"https:\/\/datenschutz-generator.de\/\" target=\"_blank\" rel=\"nofollow noopener\">RA Dr Thomas Schwenke<\/a><\/p>\n<p>&nbsp;<\/p>\n","protected":false},"excerpt":{"rendered":"<p>Verantwortlich f\u00fcr den Inhalt der Seite: Steffen Frank Paradiesweg 18 97996 Niederstetten Kontaktaufnahme: E-Mail: info@steffen-frank.de Hinweis Idee, Konzept, Design und Layout dieser Homepage sind urheberechtlich gesch\u00fctzt. Jede Form der Nachahmung und Wiederver\u00f6ffentlichung von Texten, Bildern, Daten und sonstigen Elementen ist unzul\u00e4ssig. Das Einbinden von Seiten, Skripts oder Grafiken in andere<\/p>\n","protected":false},"author":1,"featured_media":0,"parent":0,"menu_order":0,"comment_status":"closed","ping_status":"closed","template":"","meta":{"footnotes":""},"class_list":["post-16","page","type-page","status-publish","hentry"],"yoast_head":"<!-- This site is optimized with the Yoast SEO plugin v27.3 - https:\/\/yoast.com\/product\/yoast-seo-wordpress\/ -->\n<title>Impressum - life, run &amp; cats<\/title>\n<meta name=\"robots\" content=\"index, follow, max-snippet:-1, max-image-preview:large, max-video-preview:-1\" \/>\n<link rel=\"canonical\" href=\"http:\/\/www.steffen-frank.de\/content\/impressum\/\" \/>\n<meta property=\"og:locale\" content=\"de_DE\" \/>\n<meta property=\"og:type\" content=\"article\" \/>\n<meta property=\"og:title\" content=\"Impressum - life, run &amp; cats\" \/>\n<meta property=\"og:description\" content=\"Verantwortlich f\u00fcr den Inhalt der Seite: Steffen Frank Paradiesweg 18 97996 Niederstetten Kontaktaufnahme: E-Mail: info@steffen-frank.de Hinweis Idee, Konzept, Design und Layout dieser Homepage sind urheberechtlich gesch\u00fctzt. Jede Form der Nachahmung und Wiederver\u00f6ffentlichung von Texten, Bildern, Daten und sonstigen Elementen ist unzul\u00e4ssig. Das Einbinden von Seiten, Skripts oder Grafiken in andere\" \/>\n<meta property=\"og:url\" content=\"http:\/\/www.steffen-frank.de\/content\/impressum\/\" \/>\n<meta property=\"og:site_name\" content=\"life, run &amp; cats\" \/>\n<meta property=\"article:modified_time\" content=\"2018-08-14T18:24:16+00:00\" \/>\n<meta name=\"twitter:card\" content=\"summary_large_image\" \/>\n<meta name=\"twitter:label1\" content=\"Gesch\u00e4tzte Lesezeit\" \/>\n\t<meta name=\"twitter:data1\" content=\"4\u00a0Minuten\" \/>\n<script type=\"application\/ld+json\" class=\"yoast-schema-graph\">{\"@context\":\"https:\\\/\\\/schema.org\",\"@graph\":[{\"@type\":\"WebPage\",\"@id\":\"http:\\\/\\\/www.steffen-frank.de\\\/content\\\/impressum\\\/\",\"url\":\"http:\\\/\\\/www.steffen-frank.de\\\/content\\\/impressum\\\/\",\"name\":\"Impressum - life, run &amp; cats\",\"isPartOf\":{\"@id\":\"http:\\\/\\\/www.steffen-frank.de\\\/content\\\/#website\"},\"datePublished\":\"2013-09-09T11:26:51+00:00\",\"dateModified\":\"2018-08-14T18:24:16+00:00\",\"breadcrumb\":{\"@id\":\"http:\\\/\\\/www.steffen-frank.de\\\/content\\\/impressum\\\/#breadcrumb\"},\"inLanguage\":\"de\",\"potentialAction\":[{\"@type\":\"ReadAction\",\"target\":[\"http:\\\/\\\/www.steffen-frank.de\\\/content\\\/impressum\\\/\"]}]},{\"@type\":\"BreadcrumbList\",\"@id\":\"http:\\\/\\\/www.steffen-frank.de\\\/content\\\/impressum\\\/#breadcrumb\",\"itemListElement\":[{\"@type\":\"ListItem\",\"position\":1,\"name\":\"Startseite\",\"item\":\"http:\\\/\\\/www.steffen-frank.de\\\/content\\\/\"},{\"@type\":\"ListItem\",\"position\":2,\"name\":\"Impressum\"}]},{\"@type\":\"WebSite\",\"@id\":\"http:\\\/\\\/www.steffen-frank.de\\\/content\\\/#website\",\"url\":\"http:\\\/\\\/www.steffen-frank.de\\\/content\\\/\",\"name\":\"life, run &amp; cats\",\"description\":\"Steffen Frank - Niederstetten\",\"potentialAction\":[{\"@type\":\"SearchAction\",\"target\":{\"@type\":\"EntryPoint\",\"urlTemplate\":\"http:\\\/\\\/www.steffen-frank.de\\\/content\\\/?s={search_term_string}\"},\"query-input\":{\"@type\":\"PropertyValueSpecification\",\"valueRequired\":true,\"valueName\":\"search_term_string\"}}],\"inLanguage\":\"de\"}]}<\/script>\n<!-- \/ Yoast SEO plugin. -->","yoast_head_json":{"title":"Impressum - life, run &amp; cats","robots":{"index":"index","follow":"follow","max-snippet":"max-snippet:-1","max-image-preview":"max-image-preview:large","max-video-preview":"max-video-preview:-1"},"canonical":"http:\/\/www.steffen-frank.de\/content\/impressum\/","og_locale":"de_DE","og_type":"article","og_title":"Impressum - life, run &amp; cats","og_description":"Verantwortlich f\u00fcr den Inhalt der Seite: Steffen Frank Paradiesweg 18 97996 Niederstetten Kontaktaufnahme: E-Mail: info@steffen-frank.de Hinweis Idee, Konzept, Design und Layout dieser Homepage sind urheberechtlich gesch\u00fctzt. Jede Form der Nachahmung und Wiederver\u00f6ffentlichung von Texten, Bildern, Daten und sonstigen Elementen ist unzul\u00e4ssig. Das Einbinden von Seiten, Skripts oder Grafiken in andere","og_url":"http:\/\/www.steffen-frank.de\/content\/impressum\/","og_site_name":"life, run &amp; cats","article_modified_time":"2018-08-14T18:24:16+00:00","twitter_card":"summary_large_image","twitter_misc":{"Gesch\u00e4tzte Lesezeit":"4\u00a0Minuten"},"schema":{"@context":"https:\/\/schema.org","@graph":[{"@type":"WebPage","@id":"http:\/\/www.steffen-frank.de\/content\/impressum\/","url":"http:\/\/www.steffen-frank.de\/content\/impressum\/","name":"Impressum - life, run &amp; cats","isPartOf":{"@id":"http:\/\/www.steffen-frank.de\/content\/#website"},"datePublished":"2013-09-09T11:26:51+00:00","dateModified":"2018-08-14T18:24:16+00:00","breadcrumb":{"@id":"http:\/\/www.steffen-frank.de\/content\/impressum\/#breadcrumb"},"inLanguage":"de","potentialAction":[{"@type":"ReadAction","target":["http:\/\/www.steffen-frank.de\/content\/impressum\/"]}]},{"@type":"BreadcrumbList","@id":"http:\/\/www.steffen-frank.de\/content\/impressum\/#breadcrumb","itemListElement":[{"@type":"ListItem","position":1,"name":"Startseite","item":"http:\/\/www.steffen-frank.de\/content\/"},{"@type":"ListItem","position":2,"name":"Impressum"}]},{"@type":"WebSite","@id":"http:\/\/www.steffen-frank.de\/content\/#website","url":"http:\/\/www.steffen-frank.de\/content\/","name":"life, run &amp; cats","description":"Steffen Frank - Niederstetten","potentialAction":[{"@type":"SearchAction","target":{"@type":"EntryPoint","urlTemplate":"http:\/\/www.steffen-frank.de\/content\/?s={search_term_string}"},"query-input":{"@type":"PropertyValueSpecification","valueRequired":true,"valueName":"search_term_string"}}],"inLanguage":"de"}]}},"_links":{"self":[{"href":"http:\/\/www.steffen-frank.de\/content\/wp-json\/wp\/v2\/pages\/16","targetHints":{"allow":["GET"]}}],"collection":[{"href":"http:\/\/www.steffen-frank.de\/content\/wp-json\/wp\/v2\/pages"}],"about":[{"href":"http:\/\/www.steffen-frank.de\/content\/wp-json\/wp\/v2\/types\/page"}],"author":[{"embeddable":true,"href":"http:\/\/www.steffen-frank.de\/content\/wp-json\/wp\/v2\/users\/1"}],"replies":[{"embeddable":true,"href":"http:\/\/www.steffen-frank.de\/content\/wp-json\/wp\/v2\/comments?post=16"}],"version-history":[{"count":7,"href":"http:\/\/www.steffen-frank.de\/content\/wp-json\/wp\/v2\/pages\/16\/revisions"}],"predecessor-version":[{"id":1096,"href":"http:\/\/www.steffen-frank.de\/content\/wp-json\/wp\/v2\/pages\/16\/revisions\/1096"}],"wp:attachment":[{"href":"http:\/\/www.steffen-frank.de\/content\/wp-json\/wp\/v2\/media?parent=16"}],"curies":[{"name":"wp","href":"https:\/\/api.w.org\/{rel}","templated":true}]}}