{"id":14,"date":"2013-09-09T13:24:23","date_gmt":"2013-09-09T11:24:23","guid":{"rendered":"http:\/\/www.steffen-frank.de\/content\/?page_id=14"},"modified":"2018-05-24T05:10:27","modified_gmt":"2018-05-24T03:10:27","slug":"home","status":"publish","type":"page","link":"http:\/\/www.steffen-frank.de\/content\/home\/","title":{"rendered":"Home"},"content":{"rendered":"<h1>Herzlich willkommen auf meiner kleinen Webseite!<\/h1>\n<figure id=\"attachment_494\" aria-describedby=\"caption-attachment-494\" style=\"width: 300px\" class=\"wp-caption alignright\"><a href=\"http:\/\/www.steffen-frank.de\/content\/wp-content\/uploads\/2013\/09\/bad_hofgastein.jpg\"><img loading=\"lazy\" decoding=\"async\" class=\"size-medium wp-image-494\" alt=\"Sonnenalm Bad Hofgastein\" src=\"http:\/\/www.steffen-frank.de\/content\/wp-content\/uploads\/2013\/09\/bad_hofgastein-300x300.jpg\" width=\"300\" height=\"300\" srcset=\"http:\/\/www.steffen-frank.de\/content\/wp-content\/uploads\/2013\/09\/bad_hofgastein-300x300.jpg 300w, http:\/\/www.steffen-frank.de\/content\/wp-content\/uploads\/2013\/09\/bad_hofgastein-150x150.jpg 150w, http:\/\/www.steffen-frank.de\/content\/wp-content\/uploads\/2013\/09\/bad_hofgastein-624x624.jpg 624w, http:\/\/www.steffen-frank.de\/content\/wp-content\/uploads\/2013\/09\/bad_hofgastein.jpg 625w\" sizes=\"auto, (max-width: 300px) 100vw, 300px\" \/><\/a><figcaption id=\"caption-attachment-494\" class=\"wp-caption-text\">Sonnenalm Bad Hofgastein<\/figcaption><\/figure>\n<p>Auf meiner kleinen Webseite erfahren Sie mehr \u00fcber meine Frau, unserer Leidenschaft &#8211; den Katzen sowie \u00fcber meine Hobbys wie Judo, Radfahren und seit Ende 2010 auch das Laufen.<\/p>\n<p>Seit meiner ersten Webseite im Jahr 1999 ist dies nun das f\u00fcnfte Layout \/ Version. Einiges ist in der Zeit dazu gekommen, aber auch vieles, was damals noch &#8222;In&#8220; war wieder weggefallen.<\/p>\n<p>Sollten Sie Fehler, gleich welcher Art (Rechtschreibung, Design, Browserinkompatibilit\u00e4t, etc.), auf meiner Webseite finden, w\u00fcrde ich mich \u00fcber eine kurze Information freuen, damit ich diese beseitigen kann.<\/p>\n<p>Genie\u00dfen Sie den Aufenthalt auf meiner kleinen Webseite!<\/p>\n","protected":false},"excerpt":{"rendered":"<p>Herzlich willkommen auf meiner kleinen Webseite! Auf meiner kleinen Webseite erfahren Sie mehr \u00fcber meine Frau, unserer Leidenschaft &#8211; den Katzen sowie \u00fcber meine Hobbys wie Judo, Radfahren und seit Ende 2010 auch das Laufen. Seit meiner ersten Webseite im Jahr 1999 ist dies nun das f\u00fcnfte Layout \/ Version.<\/p>\n","protected":false},"author":1,"featured_media":0,"parent":0,"menu_order":0,"comment_status":"closed","ping_status":"closed","template":"","meta":{"footnotes":""},"class_list":["post-14","page","type-page","status-publish","hentry"],"yoast_head":"<!-- This site is optimized with the Yoast SEO plugin v27.3 - https:\/\/yoast.com\/product\/yoast-seo-wordpress\/ -->\n<title>Home - life, run &amp; cats<\/title>\n<meta name=\"robots\" content=\"index, follow, max-snippet:-1, max-image-preview:large, max-video-preview:-1\" \/>\n<link rel=\"canonical\" href=\"http:\/\/www.steffen-frank.de\/content\/home\/\" \/>\n<meta property=\"og:locale\" content=\"de_DE\" \/>\n<meta property=\"og:type\" content=\"article\" \/>\n<meta property=\"og:title\" content=\"Home - life, run &amp; cats\" \/>\n<meta property=\"og:description\" content=\"Herzlich willkommen auf meiner kleinen Webseite! Auf meiner kleinen Webseite erfahren Sie mehr \u00fcber meine Frau, unserer Leidenschaft &#8211; den Katzen sowie \u00fcber meine Hobbys wie Judo, Radfahren und seit Ende 2010 auch das Laufen. Seit meiner ersten Webseite im Jahr 1999 ist dies nun das f\u00fcnfte Layout \/ Version.\" \/>\n<meta property=\"og:url\" content=\"http:\/\/www.steffen-frank.de\/content\/home\/\" \/>\n<meta property=\"og:site_name\" content=\"life, run &amp; cats\" \/>\n<meta property=\"article:modified_time\" content=\"2018-05-24T03:10:27+00:00\" \/>\n<meta property=\"og:image\" content=\"http:\/\/www.steffen-frank.de\/content\/wp-content\/uploads\/2013\/09\/bad_hofgastein-300x300.jpg\" \/>\n<meta name=\"twitter:card\" content=\"summary_large_image\" \/>\n<meta name=\"twitter:label1\" content=\"Gesch\u00e4tzte Lesezeit\" \/>\n\t<meta name=\"twitter:data1\" content=\"1\u00a0Minute\" \/>\n<script type=\"application\/ld+json\" class=\"yoast-schema-graph\">{\"@context\":\"https:\\\/\\\/schema.org\",\"@graph\":[{\"@type\":\"WebPage\",\"@id\":\"http:\\\/\\\/www.steffen-frank.de\\\/content\\\/home\\\/\",\"url\":\"http:\\\/\\\/www.steffen-frank.de\\\/content\\\/home\\\/\",\"name\":\"Home - life, run &amp; cats\",\"isPartOf\":{\"@id\":\"http:\\\/\\\/www.steffen-frank.de\\\/content\\\/#website\"},\"primaryImageOfPage\":{\"@id\":\"http:\\\/\\\/www.steffen-frank.de\\\/content\\\/home\\\/#primaryimage\"},\"image\":{\"@id\":\"http:\\\/\\\/www.steffen-frank.de\\\/content\\\/home\\\/#primaryimage\"},\"thumbnailUrl\":\"http:\\\/\\\/www.steffen-frank.de\\\/content\\\/wp-content\\\/uploads\\\/2013\\\/09\\\/bad_hofgastein-300x300.jpg\",\"datePublished\":\"2013-09-09T11:24:23+00:00\",\"dateModified\":\"2018-05-24T03:10:27+00:00\",\"breadcrumb\":{\"@id\":\"http:\\\/\\\/www.steffen-frank.de\\\/content\\\/home\\\/#breadcrumb\"},\"inLanguage\":\"de\",\"potentialAction\":[{\"@type\":\"ReadAction\",\"target\":[\"http:\\\/\\\/www.steffen-frank.de\\\/content\\\/home\\\/\"]}]},{\"@type\":\"ImageObject\",\"inLanguage\":\"de\",\"@id\":\"http:\\\/\\\/www.steffen-frank.de\\\/content\\\/home\\\/#primaryimage\",\"url\":\"http:\\\/\\\/www.steffen-frank.de\\\/content\\\/wp-content\\\/uploads\\\/2013\\\/09\\\/bad_hofgastein.jpg\",\"contentUrl\":\"http:\\\/\\\/www.steffen-frank.de\\\/content\\\/wp-content\\\/uploads\\\/2013\\\/09\\\/bad_hofgastein.jpg\",\"width\":625,\"height\":625,\"caption\":\"Sonnenalm Bad Hofgastein\"},{\"@type\":\"BreadcrumbList\",\"@id\":\"http:\\\/\\\/www.steffen-frank.de\\\/content\\\/home\\\/#breadcrumb\",\"itemListElement\":[{\"@type\":\"ListItem\",\"position\":1,\"name\":\"Startseite\",\"item\":\"http:\\\/\\\/www.steffen-frank.de\\\/content\\\/\"},{\"@type\":\"ListItem\",\"position\":2,\"name\":\"Home\"}]},{\"@type\":\"WebSite\",\"@id\":\"http:\\\/\\\/www.steffen-frank.de\\\/content\\\/#website\",\"url\":\"http:\\\/\\\/www.steffen-frank.de\\\/content\\\/\",\"name\":\"life, run &amp; cats\",\"description\":\"Steffen Frank - Niederstetten\",\"potentialAction\":[{\"@type\":\"SearchAction\",\"target\":{\"@type\":\"EntryPoint\",\"urlTemplate\":\"http:\\\/\\\/www.steffen-frank.de\\\/content\\\/?s={search_term_string}\"},\"query-input\":{\"@type\":\"PropertyValueSpecification\",\"valueRequired\":true,\"valueName\":\"search_term_string\"}}],\"inLanguage\":\"de\"}]}<\/script>\n<!-- \/ Yoast SEO plugin. -->","yoast_head_json":{"title":"Home - life, run &amp; cats","robots":{"index":"index","follow":"follow","max-snippet":"max-snippet:-1","max-image-preview":"max-image-preview:large","max-video-preview":"max-video-preview:-1"},"canonical":"http:\/\/www.steffen-frank.de\/content\/home\/","og_locale":"de_DE","og_type":"article","og_title":"Home - life, run &amp; cats","og_description":"Herzlich willkommen auf meiner kleinen Webseite! Auf meiner kleinen Webseite erfahren Sie mehr \u00fcber meine Frau, unserer Leidenschaft &#8211; den Katzen sowie \u00fcber meine Hobbys wie Judo, Radfahren und seit Ende 2010 auch das Laufen. Seit meiner ersten Webseite im Jahr 1999 ist dies nun das f\u00fcnfte Layout \/ Version.","og_url":"http:\/\/www.steffen-frank.de\/content\/home\/","og_site_name":"life, run &amp; cats","article_modified_time":"2018-05-24T03:10:27+00:00","og_image":[{"url":"http:\/\/www.steffen-frank.de\/content\/wp-content\/uploads\/2013\/09\/bad_hofgastein-300x300.jpg","type":"","width":"","height":""}],"twitter_card":"summary_large_image","twitter_misc":{"Gesch\u00e4tzte Lesezeit":"1\u00a0Minute"},"schema":{"@context":"https:\/\/schema.org","@graph":[{"@type":"WebPage","@id":"http:\/\/www.steffen-frank.de\/content\/home\/","url":"http:\/\/www.steffen-frank.de\/content\/home\/","name":"Home - life, run &amp; cats","isPartOf":{"@id":"http:\/\/www.steffen-frank.de\/content\/#website"},"primaryImageOfPage":{"@id":"http:\/\/www.steffen-frank.de\/content\/home\/#primaryimage"},"image":{"@id":"http:\/\/www.steffen-frank.de\/content\/home\/#primaryimage"},"thumbnailUrl":"http:\/\/www.steffen-frank.de\/content\/wp-content\/uploads\/2013\/09\/bad_hofgastein-300x300.jpg","datePublished":"2013-09-09T11:24:23+00:00","dateModified":"2018-05-24T03:10:27+00:00","breadcrumb":{"@id":"http:\/\/www.steffen-frank.de\/content\/home\/#breadcrumb"},"inLanguage":"de","potentialAction":[{"@type":"ReadAction","target":["http:\/\/www.steffen-frank.de\/content\/home\/"]}]},{"@type":"ImageObject","inLanguage":"de","@id":"http:\/\/www.steffen-frank.de\/content\/home\/#primaryimage","url":"http:\/\/www.steffen-frank.de\/content\/wp-content\/uploads\/2013\/09\/bad_hofgastein.jpg","contentUrl":"http:\/\/www.steffen-frank.de\/content\/wp-content\/uploads\/2013\/09\/bad_hofgastein.jpg","width":625,"height":625,"caption":"Sonnenalm Bad Hofgastein"},{"@type":"BreadcrumbList","@id":"http:\/\/www.steffen-frank.de\/content\/home\/#breadcrumb","itemListElement":[{"@type":"ListItem","position":1,"name":"Startseite","item":"http:\/\/www.steffen-frank.de\/content\/"},{"@type":"ListItem","position":2,"name":"Home"}]},{"@type":"WebSite","@id":"http:\/\/www.steffen-frank.de\/content\/#website","url":"http:\/\/www.steffen-frank.de\/content\/","name":"life, run &amp; cats","description":"Steffen Frank - Niederstetten","potentialAction":[{"@type":"SearchAction","target":{"@type":"EntryPoint","urlTemplate":"http:\/\/www.steffen-frank.de\/content\/?s={search_term_string}"},"query-input":{"@type":"PropertyValueSpecification","valueRequired":true,"valueName":"search_term_string"}}],"inLanguage":"de"}]}},"_links":{"self":[{"href":"http:\/\/www.steffen-frank.de\/content\/wp-json\/wp\/v2\/pages\/14","targetHints":{"allow":["GET"]}}],"collection":[{"href":"http:\/\/www.steffen-frank.de\/content\/wp-json\/wp\/v2\/pages"}],"about":[{"href":"http:\/\/www.steffen-frank.de\/content\/wp-json\/wp\/v2\/types\/page"}],"author":[{"embeddable":true,"href":"http:\/\/www.steffen-frank.de\/content\/wp-json\/wp\/v2\/users\/1"}],"replies":[{"embeddable":true,"href":"http:\/\/www.steffen-frank.de\/content\/wp-json\/wp\/v2\/comments?post=14"}],"version-history":[{"count":9,"href":"http:\/\/www.steffen-frank.de\/content\/wp-json\/wp\/v2\/pages\/14\/revisions"}],"predecessor-version":[{"id":496,"href":"http:\/\/www.steffen-frank.de\/content\/wp-json\/wp\/v2\/pages\/14\/revisions\/496"}],"wp:attachment":[{"href":"http:\/\/www.steffen-frank.de\/content\/wp-json\/wp\/v2\/media?parent=14"}],"curies":[{"name":"wp","href":"https:\/\/api.w.org\/{rel}","templated":true}]}}